{"id":19,"date":"2019-04-02T11:35:06","date_gmt":"2019-04-02T11:35:06","guid":{"rendered":"https:\/\/erhardt-stiefel.de\/wp\/?page_id=19"},"modified":"2024-11-21T10:49:41","modified_gmt":"2024-11-21T09:49:41","slug":"kontakt","status":"publish","type":"page","link":"https:\/\/erhardt-stiefel.de\/index.php\/kontakt\/","title":{"rendered":"Kontakt"},"content":{"rendered":"<h1><span style=\"color: #3366ff;\">Kontaktm\u00f6glichkeiten<\/span><\/h1>\n<p>Wenn du mir eine Mitteilung machen m\u00f6chtest gibt es ja viele M\u00f6glichkeiten.<br \/>\nBitte nutze diese&nbsp; je nach Dringlichkeit und Inhalt m\u00f6glichst in dieser Reihenfolge<\/p>\n<p>&#8211; Das Formular unten m\u00f6glichst detalliert ausf\u00fcllen und senden<br \/>\n&#8211; Eine E-Mail schreiben an&nbsp; <a href=\"mailto:mail@erhardt-stiefel.de\" target=\"_blank\" rel=\"noopener noreferrer\">mail@erhardt-stiefel.de<\/a><br \/>\n&#8211; Die hotline&nbsp; 07237\/3290 273 anrufen&nbsp; (bitte Servicezeiten beachten).<br \/>\n&#8211; Einen Brief senden an: &nbsp; Johannes-Heynlin-Weg 7, 75245 Neulingen<\/p>\n<p><strong>Auf Nachrichten in den sog. &#8217;sozialen Medien&#8216; reagiere ich eher selten!<\/strong><\/p>\n<hr>\n<p><img loading=\"lazy\" decoding=\"async\" class=\"alignnone wp-image-8795\" src=\"https:\/\/erhardt-stiefel.de\/wp-content\/uploads\/2024\/03\/pcservice_neu-300x38.jpg\" alt=\"\" width=\"552\" height=\"70\" srcset=\"https:\/\/erhardt-stiefel.de\/wp-content\/uploads\/2024\/03\/pcservice_neu-300x38.jpg 300w, https:\/\/erhardt-stiefel.de\/wp-content\/uploads\/2024\/03\/pcservice_neu.jpg 680w\" sizes=\"auto, (max-width: 552px) 100vw, 552px\" \/><\/p>\n<p>F\u00fcr Hilfe bei PC-Problemen Wunschtermin und Tel. Nr. eintragen. Bei Anruf<br \/>\nw\u00e4re es gut, wenn du schon <strong><span style=\"color: #0000ff;\"><a style=\"color: #0000ff;\" href=\"https:\/\/anydesk.com\/de\/downloads\/windows\">AnyDesk<\/a> <\/span><\/strong>installiert (und ge\u00f6ffnet) hast.<\/p>\n<hr>\n<p><img loading=\"lazy\" decoding=\"async\" class=\"alignnone wp-image-140\" src=\"https:\/\/erhardt-stiefel.de\/wp\/wp-content\/uploads\/2019\/04\/erhardt4-300x43.jpg\" alt=\"\" width=\"558\" height=\"80\" srcset=\"https:\/\/erhardt-stiefel.de\/wp-content\/uploads\/2019\/04\/erhardt4-300x43.jpg 300w, https:\/\/erhardt-stiefel.de\/wp-content\/uploads\/2019\/04\/erhardt4.jpg 683w\" sizes=\"auto, (max-width: 558px) 100vw, 558px\" \/><\/p>\n<p>Allgemeine Fragen zur Ahnenforschung oder Mitteilungen die auch f\u00fcr andere interessant sind, bitte zum entsprechenden Beitrag in den <strong>Blog<\/strong> schreiben.<br \/>\nF\u00fcr Mitteilungen mit privaten Familiendaten bitte <a href=\"https:\/\/erhardt-stiefel.de\/index.php\/genealogie\/#Genealogieformular\" target=\"_blank\" rel=\"noopener noreferrer\"><strong>dieses Formular<\/strong><\/a> benutzen.<\/p>\n<hr>\n<p>Allgemeine Fragen zu den CMS WordPress und Typo3 oder zu dieser website die auch f\u00fcr andere interessant sind bitte als Kommentar in den <strong>Blog<\/strong> schreiben oder formlos mit diesem einfachen Formular schicken.<\/p>\n<div class=\"wpforms-container wpforms-container-full\" id=\"wpforms-436\"><form id=\"wpforms-form-436\" class=\"wpforms-validate wpforms-form\" data-formid=\"436\" method=\"post\" enctype=\"multipart\/form-data\" action=\"\/index.php\/wp-json\/wp\/v2\/pages\/19\" data-token=\"57546326f82d8021c0bb94011c8f49cd\" data-token-time=\"1776001138\"><noscript class=\"wpforms-error-noscript\">Bitte aktivieren Sie JavaScript in Ihrem Browser, um dieses Formular fertigzustellen.<\/noscript><div class=\"wpforms-field-container\"><div id=\"wpforms-436-field_0-container\" class=\"wpforms-field wpforms-field-name\" data-field-id=\"0\"><label class=\"wpforms-field-label\" for=\"wpforms-436-field_0\">Name <span class=\"wpforms-required-label\">*<\/span><\/label><div class=\"wpforms-field-row wpforms-field-medium\"><div class=\"wpforms-field-row-block wpforms-first wpforms-one-half\"><input type=\"text\" id=\"wpforms-436-field_0\" class=\"wpforms-field-name-first wpforms-field-required\" name=\"wpforms[fields][0][first]\" placeholder=\"Vorname\" required><label for=\"wpforms-436-field_0\" class=\"wpforms-field-sublabel after wpforms-sublabel-hide\">Vorname<\/label><\/div><div class=\"wpforms-field-row-block wpforms-one-half\"><input type=\"text\" id=\"wpforms-436-field_0-last\" class=\"wpforms-field-name-last wpforms-field-required\" name=\"wpforms[fields][0][last]\" placeholder=\"Nachname\" required><label for=\"wpforms-436-field_0-last\" class=\"wpforms-field-sublabel after wpforms-sublabel-hide\">Nachname<\/label><\/div><\/div><\/div><div id=\"wpforms-436-field_1-container\" class=\"wpforms-field wpforms-field-email\" data-field-id=\"1\"><label class=\"wpforms-field-label\" for=\"wpforms-436-field_1\">E-Mail <span class=\"wpforms-required-label\">*<\/span><\/label><input type=\"email\" id=\"wpforms-436-field_1\" class=\"wpforms-field-medium wpforms-field-required\" name=\"wpforms[fields][1]\" spellcheck=\"false\" required><\/div><div id=\"wpforms-436-field_3-container\" class=\"wpforms-field wpforms-field-checkbox\" data-field-id=\"3\"><label class=\"wpforms-field-label\">Thematik<\/label><ul id=\"wpforms-436-field_3\"><li class=\"choice-1 depth-1\"><input type=\"checkbox\" id=\"wpforms-436-field_3_1\" name=\"wpforms[fields][3][]\" value=\"Kontaktaufnahme oder einfach Hallo\"  ><label class=\"wpforms-field-label-inline\" for=\"wpforms-436-field_3_1\">Kontaktaufnahme oder einfach Hallo<\/label><\/li><li class=\"choice-2 depth-1\"><input type=\"checkbox\" id=\"wpforms-436-field_3_2\" name=\"wpforms[fields][3][]\" value=\"PC Service (Probleme, Hilfe, Tipps)\"  ><label class=\"wpforms-field-label-inline\" for=\"wpforms-436-field_3_2\">PC Service (Probleme, Hilfe, Tipps)<\/label><\/li><li class=\"choice-3 depth-1\"><input type=\"checkbox\" id=\"wpforms-436-field_3_3\" name=\"wpforms[fields][3][]\" value=\"Genealogie (GenoPro, Geneanet)\"  ><label class=\"wpforms-field-label-inline\" for=\"wpforms-436-field_3_3\">Genealogie (GenoPro, Geneanet)<\/label><\/li><li class=\"choice-5 depth-1\"><input type=\"checkbox\" id=\"wpforms-436-field_3_5\" name=\"wpforms[fields][3][]\" value=\"CMS (Word Press, Typo3) \"  ><label class=\"wpforms-field-label-inline\" for=\"wpforms-436-field_3_5\">CMS (Word Press, Typo3)<\/label><\/li><li class=\"choice-6 depth-1\"><input type=\"checkbox\" id=\"wpforms-436-field_3_6\" name=\"wpforms[fields][3][]\" value=\"Glaubensfragen\"  ><label class=\"wpforms-field-label-inline\" for=\"wpforms-436-field_3_6\">Glaubensfragen<\/label><\/li><\/ul><\/div><div id=\"wpforms-436-field_2-container\" class=\"wpforms-field wpforms-field-textarea\" data-field-id=\"2\"><label class=\"wpforms-field-label\" for=\"wpforms-436-field_2\">Kontaktgrund, Problembeschreibung, Fragen und Hinweise  und\/oder bei Anrufwunsch (Tel. Nr. und Wunschtermin) <span class=\"wpforms-required-label\">*<\/span><\/label><textarea id=\"wpforms-436-field_2\" class=\"wpforms-field-medium wpforms-field-required\" name=\"wpforms[fields][2]\" required><\/textarea><\/div><\/div><!-- .wpforms-field-container --><div class=\"wpforms-field wpforms-field-hp\"><label for=\"wpforms-436-field-hp\" class=\"wpforms-field-label\">Message<\/label><input type=\"text\" name=\"wpforms[hp]\" id=\"wpforms-436-field-hp\" class=\"wpforms-field-medium\"><\/div><div class=\"wpforms-submit-container\" ><input type=\"hidden\" name=\"wpforms[id]\" value=\"436\"><input type=\"hidden\" name=\"page_title\" value=\"\"><input type=\"hidden\" name=\"page_url\" value=\"https:\/\/erhardt-stiefel.de\/index.php\/wp-json\/wp\/v2\/pages\/19\"><input type=\"hidden\" name=\"url_referer\" value=\"\"><button type=\"submit\" name=\"wpforms[submit]\" id=\"wpforms-submit-436\" class=\"wpforms-submit\" data-alt-text=\"Senden...\" data-submit-text=\"Absenden\" aria-live=\"assertive\" value=\"wpforms-submit\">Absenden<\/button><\/div><\/form><\/div>  <!-- .wpforms-container -->\n","protected":false},"excerpt":{"rendered":"<p>Kontaktm\u00f6glichkeiten Wenn du mir eine Mitteilung machen m\u00f6chtest gibt es ja viele M\u00f6glichkeiten. Bitte nutze diese&nbsp; je nach Dringlichkeit und Inhalt m\u00f6glichst in dieser Reihenfolge &#8211; Das Formular unten m\u00f6glichst detalliert ausf\u00fcllen und senden &#8211; Eine E-Mail schreiben an&nbsp; mail@erhardt-stiefel.de &#8211; Die hotline&nbsp; 07237\/3290 273 anrufen&nbsp; (bitte Servicezeiten beachten). &#8211; Einen Brief senden an: &nbsp; &hellip; <\/p>\n<p class=\"link-more\"><a href=\"https:\/\/erhardt-stiefel.de\/index.php\/kontakt\/\" class=\"more-link\"><span class=\"screen-reader-text\">\u201eKontakt\u201c<\/span> weiterlesen<\/a><\/p>\n","protected":false},"author":1,"featured_media":0,"parent":0,"menu_order":0,"comment_status":"closed","ping_status":"closed","template":"","meta":{"_exactmetrics_skip_tracking":false,"_exactmetrics_sitenote_active":false,"_exactmetrics_sitenote_note":"","_exactmetrics_sitenote_category":0,"ngg_post_thumbnail":0,"jetpack_post_was_ever_published":false,"footnotes":""},"class_list":["post-19","page","type-page","status-publish","hentry"],"yoast_head":"<!-- This site is optimized with the Yoast SEO plugin v27.3 - https:\/\/yoast.com\/product\/yoast-seo-wordpress\/ -->\n<title>Kontakt - Erhardt Stiefel&#039;s Fundgrube<\/title>\n<meta name=\"robots\" content=\"index, follow, max-snippet:-1, max-image-preview:large, max-video-preview:-1\" \/>\n<link rel=\"canonical\" href=\"https:\/\/erhardt-stiefel.de\/index.php\/kontakt\/\" \/>\n<meta property=\"og:locale\" content=\"de_DE\" \/>\n<meta property=\"og:type\" content=\"article\" \/>\n<meta property=\"og:title\" content=\"Kontakt - Erhardt Stiefel&#039;s Fundgrube\" \/>\n<meta property=\"og:description\" content=\"Kontaktm\u00f6glichkeiten Wenn du mir eine Mitteilung machen m\u00f6chtest gibt es ja viele M\u00f6glichkeiten. Bitte nutze diese&nbsp; je nach Dringlichkeit und Inhalt m\u00f6glichst in dieser Reihenfolge &#8211; Das Formular unten m\u00f6glichst detalliert ausf\u00fcllen und senden &#8211; Eine E-Mail schreiben an&nbsp; mail@erhardt-stiefel.de &#8211; Die hotline&nbsp; 07237\/3290 273 anrufen&nbsp; (bitte Servicezeiten beachten). &#8211; Einen Brief senden an: &nbsp; &hellip; \u201eKontakt\u201c weiterlesen\" \/>\n<meta property=\"og:url\" content=\"https:\/\/erhardt-stiefel.de\/index.php\/kontakt\/\" \/>\n<meta property=\"og:site_name\" content=\"Erhardt Stiefel&#039;s Fundgrube\" \/>\n<meta property=\"article:modified_time\" content=\"2024-11-21T09:49:41+00:00\" \/>\n<meta property=\"og:image\" content=\"https:\/\/erhardt-stiefel.de\/wp-content\/uploads\/2024\/03\/pcservice_neu.jpg\" \/>\n\t<meta property=\"og:image:width\" content=\"680\" \/>\n\t<meta property=\"og:image:height\" content=\"85\" \/>\n\t<meta property=\"og:image:type\" content=\"image\/jpeg\" \/>\n<meta name=\"twitter:card\" content=\"summary_large_image\" \/>\n<meta name=\"twitter:label1\" content=\"Gesch\u00e4tzte Lesezeit\" \/>\n\t<meta name=\"twitter:data1\" content=\"2\u00a0Minuten\" \/>\n<script type=\"application\/ld+json\" class=\"yoast-schema-graph\">{\"@context\":\"https:\\\/\\\/schema.org\",\"@graph\":[{\"@type\":\"WebPage\",\"@id\":\"https:\\\/\\\/erhardt-stiefel.de\\\/index.php\\\/kontakt\\\/\",\"url\":\"https:\\\/\\\/erhardt-stiefel.de\\\/index.php\\\/kontakt\\\/\",\"name\":\"Kontakt - Erhardt Stiefel&#039;s Fundgrube\",\"isPartOf\":{\"@id\":\"https:\\\/\\\/erhardt-stiefel.de\\\/#website\"},\"primaryImageOfPage\":{\"@id\":\"https:\\\/\\\/erhardt-stiefel.de\\\/index.php\\\/kontakt\\\/#primaryimage\"},\"image\":{\"@id\":\"https:\\\/\\\/erhardt-stiefel.de\\\/index.php\\\/kontakt\\\/#primaryimage\"},\"thumbnailUrl\":\"https:\\\/\\\/erhardt-stiefel.de\\\/wp-content\\\/uploads\\\/2024\\\/03\\\/pcservice_neu-300x38.jpg\",\"datePublished\":\"2019-04-02T11:35:06+00:00\",\"dateModified\":\"2024-11-21T09:49:41+00:00\",\"breadcrumb\":{\"@id\":\"https:\\\/\\\/erhardt-stiefel.de\\\/index.php\\\/kontakt\\\/#breadcrumb\"},\"inLanguage\":\"de\",\"potentialAction\":[{\"@type\":\"ReadAction\",\"target\":[\"https:\\\/\\\/erhardt-stiefel.de\\\/index.php\\\/kontakt\\\/\"]}]},{\"@type\":\"ImageObject\",\"inLanguage\":\"de\",\"@id\":\"https:\\\/\\\/erhardt-stiefel.de\\\/index.php\\\/kontakt\\\/#primaryimage\",\"url\":\"https:\\\/\\\/erhardt-stiefel.de\\\/wp-content\\\/uploads\\\/2024\\\/03\\\/pcservice_neu.jpg\",\"contentUrl\":\"https:\\\/\\\/erhardt-stiefel.de\\\/wp-content\\\/uploads\\\/2024\\\/03\\\/pcservice_neu.jpg\",\"width\":680,\"height\":85},{\"@type\":\"BreadcrumbList\",\"@id\":\"https:\\\/\\\/erhardt-stiefel.de\\\/index.php\\\/kontakt\\\/#breadcrumb\",\"itemListElement\":[{\"@type\":\"ListItem\",\"position\":1,\"name\":\"Home\",\"item\":\"https:\\\/\\\/erhardt-stiefel.de\\\/\"},{\"@type\":\"ListItem\",\"position\":2,\"name\":\"Kontakt\"}]},{\"@type\":\"WebSite\",\"@id\":\"https:\\\/\\\/erhardt-stiefel.de\\\/#website\",\"url\":\"https:\\\/\\\/erhardt-stiefel.de\\\/\",\"name\":\"Erhardt Stiefel&#039;s Fundgrube\",\"description\":\"Erfahrungen mit CMS, Genealogie, Gott und der Welt - die ich sehr gerne mit dir teilen w\u00fcrde\",\"potentialAction\":[{\"@type\":\"SearchAction\",\"target\":{\"@type\":\"EntryPoint\",\"urlTemplate\":\"https:\\\/\\\/erhardt-stiefel.de\\\/?s={search_term_string}\"},\"query-input\":{\"@type\":\"PropertyValueSpecification\",\"valueRequired\":true,\"valueName\":\"search_term_string\"}}],\"inLanguage\":\"de\"}]}<\/script>\n<!-- \/ Yoast SEO plugin. -->","yoast_head_json":{"title":"Kontakt - Erhardt Stiefel&#039;s Fundgrube","robots":{"index":"index","follow":"follow","max-snippet":"max-snippet:-1","max-image-preview":"max-image-preview:large","max-video-preview":"max-video-preview:-1"},"canonical":"https:\/\/erhardt-stiefel.de\/index.php\/kontakt\/","og_locale":"de_DE","og_type":"article","og_title":"Kontakt - Erhardt Stiefel&#039;s Fundgrube","og_description":"Kontaktm\u00f6glichkeiten Wenn du mir eine Mitteilung machen m\u00f6chtest gibt es ja viele M\u00f6glichkeiten. Bitte nutze diese&nbsp; je nach Dringlichkeit und Inhalt m\u00f6glichst in dieser Reihenfolge &#8211; Das Formular unten m\u00f6glichst detalliert ausf\u00fcllen und senden &#8211; Eine E-Mail schreiben an&nbsp; mail@erhardt-stiefel.de &#8211; Die hotline&nbsp; 07237\/3290 273 anrufen&nbsp; (bitte Servicezeiten beachten). &#8211; Einen Brief senden an: &nbsp; &hellip; \u201eKontakt\u201c weiterlesen","og_url":"https:\/\/erhardt-stiefel.de\/index.php\/kontakt\/","og_site_name":"Erhardt Stiefel&#039;s Fundgrube","article_modified_time":"2024-11-21T09:49:41+00:00","og_image":[{"width":680,"height":85,"url":"https:\/\/erhardt-stiefel.de\/wp-content\/uploads\/2024\/03\/pcservice_neu.jpg","type":"image\/jpeg"}],"twitter_card":"summary_large_image","twitter_misc":{"Gesch\u00e4tzte Lesezeit":"2\u00a0Minuten"},"schema":{"@context":"https:\/\/schema.org","@graph":[{"@type":"WebPage","@id":"https:\/\/erhardt-stiefel.de\/index.php\/kontakt\/","url":"https:\/\/erhardt-stiefel.de\/index.php\/kontakt\/","name":"Kontakt - Erhardt Stiefel&#039;s Fundgrube","isPartOf":{"@id":"https:\/\/erhardt-stiefel.de\/#website"},"primaryImageOfPage":{"@id":"https:\/\/erhardt-stiefel.de\/index.php\/kontakt\/#primaryimage"},"image":{"@id":"https:\/\/erhardt-stiefel.de\/index.php\/kontakt\/#primaryimage"},"thumbnailUrl":"https:\/\/erhardt-stiefel.de\/wp-content\/uploads\/2024\/03\/pcservice_neu-300x38.jpg","datePublished":"2019-04-02T11:35:06+00:00","dateModified":"2024-11-21T09:49:41+00:00","breadcrumb":{"@id":"https:\/\/erhardt-stiefel.de\/index.php\/kontakt\/#breadcrumb"},"inLanguage":"de","potentialAction":[{"@type":"ReadAction","target":["https:\/\/erhardt-stiefel.de\/index.php\/kontakt\/"]}]},{"@type":"ImageObject","inLanguage":"de","@id":"https:\/\/erhardt-stiefel.de\/index.php\/kontakt\/#primaryimage","url":"https:\/\/erhardt-stiefel.de\/wp-content\/uploads\/2024\/03\/pcservice_neu.jpg","contentUrl":"https:\/\/erhardt-stiefel.de\/wp-content\/uploads\/2024\/03\/pcservice_neu.jpg","width":680,"height":85},{"@type":"BreadcrumbList","@id":"https:\/\/erhardt-stiefel.de\/index.php\/kontakt\/#breadcrumb","itemListElement":[{"@type":"ListItem","position":1,"name":"Home","item":"https:\/\/erhardt-stiefel.de\/"},{"@type":"ListItem","position":2,"name":"Kontakt"}]},{"@type":"WebSite","@id":"https:\/\/erhardt-stiefel.de\/#website","url":"https:\/\/erhardt-stiefel.de\/","name":"Erhardt Stiefel&#039;s Fundgrube","description":"Erfahrungen mit CMS, Genealogie, Gott und der Welt - die ich sehr gerne mit dir teilen w\u00fcrde","potentialAction":[{"@type":"SearchAction","target":{"@type":"EntryPoint","urlTemplate":"https:\/\/erhardt-stiefel.de\/?s={search_term_string}"},"query-input":{"@type":"PropertyValueSpecification","valueRequired":true,"valueName":"search_term_string"}}],"inLanguage":"de"}]}},"jetpack_sharing_enabled":true,"jetpack_shortlink":"https:\/\/wp.me\/PaRlFh-j","_links":{"self":[{"href":"https:\/\/erhardt-stiefel.de\/index.php\/wp-json\/wp\/v2\/pages\/19","targetHints":{"allow":["GET"]}}],"collection":[{"href":"https:\/\/erhardt-stiefel.de\/index.php\/wp-json\/wp\/v2\/pages"}],"about":[{"href":"https:\/\/erhardt-stiefel.de\/index.php\/wp-json\/wp\/v2\/types\/page"}],"author":[{"embeddable":true,"href":"https:\/\/erhardt-stiefel.de\/index.php\/wp-json\/wp\/v2\/users\/1"}],"replies":[{"embeddable":true,"href":"https:\/\/erhardt-stiefel.de\/index.php\/wp-json\/wp\/v2\/comments?post=19"}],"version-history":[{"count":34,"href":"https:\/\/erhardt-stiefel.de\/index.php\/wp-json\/wp\/v2\/pages\/19\/revisions"}],"predecessor-version":[{"id":9599,"href":"https:\/\/erhardt-stiefel.de\/index.php\/wp-json\/wp\/v2\/pages\/19\/revisions\/9599"}],"wp:attachment":[{"href":"https:\/\/erhardt-stiefel.de\/index.php\/wp-json\/wp\/v2\/media?parent=19"}],"curies":[{"name":"wp","href":"https:\/\/api.w.org\/{rel}","templated":true}]}}