{"id":3800,"date":"2020-11-23T11:07:19","date_gmt":"2020-11-23T11:07:19","guid":{"rendered":"https:\/\/erhardt-stiefel.de\/?page_id=3800"},"modified":"2025-11-28T17:53:37","modified_gmt":"2025-11-28T16:53:37","slug":"fliegen-wie-ein-adler","status":"publish","type":"page","link":"https:\/\/erhardt-stiefel.de\/index.php\/fliegen-wie-ein-adler\/","title":{"rendered":"Jeden Tag eine neue Ermutigung aus Gottes Wort"},"content":{"rendered":"<p><img loading=\"lazy\" decoding=\"async\" class=\"aligncenter size-full wp-image-3801\" src=\"https:\/\/erhardt-stiefel.de\/wp-content\/uploads\/2020\/11\/HC_Adler.jpg\" alt=\"\" width=\"1600\" height=\"2298\" srcset=\"https:\/\/erhardt-stiefel.de\/wp-content\/uploads\/2020\/11\/HC_Adler.jpg 1600w, https:\/\/erhardt-stiefel.de\/wp-content\/uploads\/2020\/11\/HC_Adler-209x300.jpg 209w, https:\/\/erhardt-stiefel.de\/wp-content\/uploads\/2020\/11\/HC_Adler-713x1024.jpg 713w, https:\/\/erhardt-stiefel.de\/wp-content\/uploads\/2020\/11\/HC_Adler-768x1103.jpg 768w, https:\/\/erhardt-stiefel.de\/wp-content\/uploads\/2020\/11\/HC_Adler-1069x1536.jpg 1069w, https:\/\/erhardt-stiefel.de\/wp-content\/uploads\/2020\/11\/HC_Adler-1426x2048.jpg 1426w\" sizes=\"auto, (max-width: 767px) 89vw, (max-width: 1000px) 54vw, (max-width: 1071px) 543px, 580px\" \/><\/p>\n<p><strong>Pastor Wolfgang M\u00fcller<\/strong>, der Autor dieses Buches hat mir alle Rechte zur Nutzung und Ver\u00f6ffentlichung erteilt. Weil mir der Inhalt vor Jahren geholfen hat mein Leben aus einer neuen Perspektive zu sehen und zu leben, f\u00fchle ich mich frei wie ein Adler. Seitdem suche ich nach M\u00f6glichkeiten meine Leser in diese Perspektive mitzunehmen. Siehe auch: <span style=\"color: #0000ff;\"><a style=\"color: #0000ff;\" href=\"https:\/\/erhardt-stiefel.de\/index.php\/2025\/11\/23\/fliegen-lernen-wir-im-freien-fall-2\/\">Fliegen lernen wir im freien Fall<\/a><\/span><\/p>\n<p>2019&nbsp; fand ich ein Netzwerk der Organisation <a href=\"https:\/\/human-connection.org\/\" target=\"_blank\" rel=\"noopener noreferrer\"><span style=\"color: #0000ff;\">Human Connection<\/span><\/a> und begann dort ab 1. Januar 2020 jeden Tag eine Seite aus diesem Buch zu publizieren. Weil der Betrieb des&nbsp; Netzwerks am 23.11.2020 eingestellt wurde, beschloss ich, diese Mission (zun\u00e4chst) in meiner eigenen Website fortzusetzen.<br \/>\nAuch hier ist es meinen Lesern m\u00f6glich, Fragen zu stellen oder Kommentare zu einem Beitrag anzubieten und sein <strong>Blog-Abonnement<\/strong> selbst zu verwalten.<\/p>\n<p>Und das beginnt man durch einen Eintrag in das Kommentar-Feld, das unter jedem Beitrag erscheint. Ein Wort oder besser ein kurzer Satz gen\u00fcgt schon.<br \/>\nBeim ersten Eintrag ist auch <strong>Name*<\/strong> und <strong>E-Mail*<\/strong> anzugeben, denn <strong>die Blog-Programmierung<\/strong> muss&nbsp; ja wissen an wen und wohin es den jeweils aktuellen neuen Blog-Beitrag oder einen neuen Kommentar dazu schicken soll.<\/p>\n<p>Ganz wichtig sind die Checkboxen!&nbsp; Ein Haken in das<\/p>\n<ul>\n<li><strong>erste<\/strong> K\u00e4stchen bewirkt, dass von dir Name und Adresse gespeichert werden<\/li>\n<li><strong>zweite<\/strong> K\u00e4stchen bewirkt, dass du mitbekommst, wer sonst noch kommentiert<\/li>\n<li><strong>dritte<\/strong> K\u00e4stchen bewirkt, dass du per mail \u00fcber den n\u00e4chsten Blog-Beitrag informiert wirst. <strong>Damit startet das Abonnement<\/strong>!<\/li>\n<\/ul>\n<p>Das wirkt sich aber erst aus, wenn du auf \u201e<strong>Kommentar abschicken<\/strong>\u201c klickst. Dann erh\u00e4ltst du n\u00e4mlich eine E-Mail in der ein Button \u201e<strong>Confirm Follow<\/strong>\u201c ist.<br \/>\n<strong>Erst wenn du auf den klickst ist dein Abo aktiv. Dann bist du mein Follower.<\/strong><\/p>\n<hr>\n<p>Wer die Botschaft eines bestimmten Tages &#8211; z.B. die zu seinem Geburtstag &#8211; lesen m\u00f6chte, kann hier in meinem Archiv suchen, das t\u00e4glich aktualisiert und &#8211; <span style=\"color: #ff0000;\"><em><strong>so Gott will<\/strong><\/em><\/span> &#8211; am 22.11.2021 mit 366 Beitr\u00e4gen vervollst\u00e4ndigt sein wird.<\/p>\n<p><span style=\"color: #0000ff;\"><a style=\"color: #0000ff;\" href=\"https:\/\/erhardt-stiefel.de\/index.php\/fliegen-wie-ein-adler\/januar-und-februar\/\">Januar &amp; Febr.<\/a><\/span> &#8211; <span style=\"color: #0000ff;\"><a style=\"color: #0000ff;\" href=\"https:\/\/erhardt-stiefel.de\/index.php\/fliegen-wie-ein-adler\/maerz-und-april\/\">M\u00e4rz &amp; April<\/a><\/span> &#8211; <span style=\"color: #0000ff;\"><a style=\"color: #0000ff;\" href=\"https:\/\/erhardt-stiefel.de\/index.php\/mai-und-juni\/\" target=\"_blank\" rel=\"noopener\">Mai &amp; Juni<\/a><\/span> &#8211; <span style=\"color: #0000ff;\"><a style=\"color: #0000ff;\" href=\"https:\/\/erhardt-stiefel.de\/index.php\/juli-und-august\/\">Juli &amp; Aug.<\/a><\/span> &#8211; <span style=\"color: #0000ff;\"><a style=\"color: #0000ff;\" href=\"https:\/\/erhardt-stiefel.de\/index.php\/september-und-oktober\/\">Sept. &amp; Okt.<\/a><\/span> &#8211;&nbsp; <a href=\"https:\/\/erhardt-stiefel.de\/index.php\/fliegen-wie-ein-adler\/adler-november\/\" target=\"_blank\" rel=\"noopener noreferrer\"><span style=\"color: #0000ff;\">Nov. &amp; Dez.<\/span><\/a><\/p>\n<p><strong>M\u00f6ge dir die Lekt\u00fcre der t\u00e4glichen Ermutigungen und Gedankenanst\u00f6\u00dfe von Pastor M\u00fcller in meinem&nbsp; <span style=\"color: #0000ff;\"><a style=\"color: #0000ff;\" href=\"https:\/\/erhardt-stiefel.de\/index.php\/blog\/\">Blog (Tagebuch)<\/a><\/span>&nbsp; zum Segen dienen.<\/strong><\/p>\n<p>Auf&nbsp; seinem YouTube Kanal findest du ihn unter <strong><span style=\"color: #0000ff;\"><a style=\"color: #0000ff;\" href=\"https:\/\/www.youtube.com\/channel\/UCmm_OHXc6-YQ9NOQdEuPbxA\/videos\" target=\"_blank\" rel=\"noopener\">Pastor Wolfgang M\u00fcller<\/a><\/span><\/strong><\/p>\n","protected":false},"excerpt":{"rendered":"<p>Pastor Wolfgang M\u00fcller, der Autor dieses Buches hat mir alle Rechte zur Nutzung und Ver\u00f6ffentlichung erteilt. Weil mir der Inhalt vor Jahren geholfen hat mein Leben aus einer neuen Perspektive zu sehen und zu leben, f\u00fchle ich mich frei wie ein Adler. Seitdem suche ich nach M\u00f6glichkeiten meine Leser in diese Perspektive mitzunehmen. Siehe auch: &hellip; <\/p>\n<p class=\"link-more\"><a href=\"https:\/\/erhardt-stiefel.de\/index.php\/fliegen-wie-ein-adler\/\" class=\"more-link\"><span class=\"screen-reader-text\">\u201eJeden Tag eine neue Ermutigung aus Gottes Wort\u201c<\/span> weiterlesen<\/a><\/p>\n","protected":false},"author":1,"featured_media":0,"parent":0,"menu_order":0,"comment_status":"closed","ping_status":"closed","template":"","meta":{"_exactmetrics_skip_tracking":false,"_exactmetrics_sitenote_active":false,"_exactmetrics_sitenote_note":"","_exactmetrics_sitenote_category":0,"ngg_post_thumbnail":0,"jetpack_post_was_ever_published":false,"footnotes":""},"class_list":["post-3800","page","type-page","status-publish","hentry"],"yoast_head":"<!-- This site is optimized with the Yoast SEO plugin v27.3 - https:\/\/yoast.com\/product\/yoast-seo-wordpress\/ -->\n<title>Jeden Tag eine neue Ermutigung aus Gottes Wort - Erhardt Stiefel&#039;s Fundgrube<\/title>\n<meta name=\"robots\" content=\"index, follow, max-snippet:-1, max-image-preview:large, max-video-preview:-1\" \/>\n<link rel=\"canonical\" href=\"https:\/\/erhardt-stiefel.de\/index.php\/fliegen-wie-ein-adler\/\" \/>\n<meta property=\"og:locale\" content=\"de_DE\" \/>\n<meta property=\"og:type\" content=\"article\" \/>\n<meta property=\"og:title\" content=\"Jeden Tag eine neue Ermutigung aus Gottes Wort - Erhardt Stiefel&#039;s Fundgrube\" \/>\n<meta property=\"og:description\" content=\"Pastor Wolfgang M\u00fcller, der Autor dieses Buches hat mir alle Rechte zur Nutzung und Ver\u00f6ffentlichung erteilt. Weil mir der Inhalt vor Jahren geholfen hat mein Leben aus einer neuen Perspektive zu sehen und zu leben, f\u00fchle ich mich frei wie ein Adler. Seitdem suche ich nach M\u00f6glichkeiten meine Leser in diese Perspektive mitzunehmen. Siehe auch: &hellip; \u201eJeden Tag eine neue Ermutigung aus Gottes Wort\u201c weiterlesen\" \/>\n<meta property=\"og:url\" content=\"https:\/\/erhardt-stiefel.de\/index.php\/fliegen-wie-ein-adler\/\" \/>\n<meta property=\"og:site_name\" content=\"Erhardt Stiefel&#039;s Fundgrube\" \/>\n<meta property=\"article:modified_time\" content=\"2025-11-28T16:53:37+00:00\" \/>\n<meta property=\"og:image\" content=\"https:\/\/erhardt-stiefel.de\/wp-content\/uploads\/2020\/11\/HC_Adler.jpg\" \/>\n\t<meta property=\"og:image:width\" content=\"1600\" \/>\n\t<meta property=\"og:image:height\" content=\"2298\" \/>\n\t<meta property=\"og:image:type\" content=\"image\/jpeg\" \/>\n<meta name=\"twitter:card\" content=\"summary_large_image\" \/>\n<meta name=\"twitter:label1\" content=\"Gesch\u00e4tzte Lesezeit\" \/>\n\t<meta name=\"twitter:data1\" content=\"3\u00a0Minuten\" \/>\n<script type=\"application\/ld+json\" class=\"yoast-schema-graph\">{\"@context\":\"https:\\\/\\\/schema.org\",\"@graph\":[{\"@type\":\"WebPage\",\"@id\":\"https:\\\/\\\/erhardt-stiefel.de\\\/index.php\\\/fliegen-wie-ein-adler\\\/\",\"url\":\"https:\\\/\\\/erhardt-stiefel.de\\\/index.php\\\/fliegen-wie-ein-adler\\\/\",\"name\":\"Jeden Tag eine neue Ermutigung aus Gottes Wort - Erhardt Stiefel&#039;s Fundgrube\",\"isPartOf\":{\"@id\":\"https:\\\/\\\/erhardt-stiefel.de\\\/#website\"},\"primaryImageOfPage\":{\"@id\":\"https:\\\/\\\/erhardt-stiefel.de\\\/index.php\\\/fliegen-wie-ein-adler\\\/#primaryimage\"},\"image\":{\"@id\":\"https:\\\/\\\/erhardt-stiefel.de\\\/index.php\\\/fliegen-wie-ein-adler\\\/#primaryimage\"},\"thumbnailUrl\":\"https:\\\/\\\/erhardt-stiefel.de\\\/wp-content\\\/uploads\\\/2020\\\/11\\\/HC_Adler.jpg\",\"datePublished\":\"2020-11-23T11:07:19+00:00\",\"dateModified\":\"2025-11-28T16:53:37+00:00\",\"breadcrumb\":{\"@id\":\"https:\\\/\\\/erhardt-stiefel.de\\\/index.php\\\/fliegen-wie-ein-adler\\\/#breadcrumb\"},\"inLanguage\":\"de\",\"potentialAction\":[{\"@type\":\"ReadAction\",\"target\":[\"https:\\\/\\\/erhardt-stiefel.de\\\/index.php\\\/fliegen-wie-ein-adler\\\/\"]}]},{\"@type\":\"ImageObject\",\"inLanguage\":\"de\",\"@id\":\"https:\\\/\\\/erhardt-stiefel.de\\\/index.php\\\/fliegen-wie-ein-adler\\\/#primaryimage\",\"url\":\"https:\\\/\\\/erhardt-stiefel.de\\\/wp-content\\\/uploads\\\/2020\\\/11\\\/HC_Adler.jpg\",\"contentUrl\":\"https:\\\/\\\/erhardt-stiefel.de\\\/wp-content\\\/uploads\\\/2020\\\/11\\\/HC_Adler.jpg\",\"width\":1600,\"height\":2298},{\"@type\":\"BreadcrumbList\",\"@id\":\"https:\\\/\\\/erhardt-stiefel.de\\\/index.php\\\/fliegen-wie-ein-adler\\\/#breadcrumb\",\"itemListElement\":[{\"@type\":\"ListItem\",\"position\":1,\"name\":\"Home\",\"item\":\"https:\\\/\\\/erhardt-stiefel.de\\\/\"},{\"@type\":\"ListItem\",\"position\":2,\"name\":\"Jeden Tag eine neue Ermutigung aus Gottes Wort\"}]},{\"@type\":\"WebSite\",\"@id\":\"https:\\\/\\\/erhardt-stiefel.de\\\/#website\",\"url\":\"https:\\\/\\\/erhardt-stiefel.de\\\/\",\"name\":\"Erhardt Stiefel&#039;s Fundgrube\",\"description\":\"Erfahrungen mit CMS, Genealogie, Gott und der Welt - die ich sehr gerne mit dir teilen w\u00fcrde\",\"potentialAction\":[{\"@type\":\"SearchAction\",\"target\":{\"@type\":\"EntryPoint\",\"urlTemplate\":\"https:\\\/\\\/erhardt-stiefel.de\\\/?s={search_term_string}\"},\"query-input\":{\"@type\":\"PropertyValueSpecification\",\"valueRequired\":true,\"valueName\":\"search_term_string\"}}],\"inLanguage\":\"de\"}]}<\/script>\n<!-- \/ Yoast SEO plugin. -->","yoast_head_json":{"title":"Jeden Tag eine neue Ermutigung aus Gottes Wort - Erhardt Stiefel&#039;s Fundgrube","robots":{"index":"index","follow":"follow","max-snippet":"max-snippet:-1","max-image-preview":"max-image-preview:large","max-video-preview":"max-video-preview:-1"},"canonical":"https:\/\/erhardt-stiefel.de\/index.php\/fliegen-wie-ein-adler\/","og_locale":"de_DE","og_type":"article","og_title":"Jeden Tag eine neue Ermutigung aus Gottes Wort - Erhardt Stiefel&#039;s Fundgrube","og_description":"Pastor Wolfgang M\u00fcller, der Autor dieses Buches hat mir alle Rechte zur Nutzung und Ver\u00f6ffentlichung erteilt. Weil mir der Inhalt vor Jahren geholfen hat mein Leben aus einer neuen Perspektive zu sehen und zu leben, f\u00fchle ich mich frei wie ein Adler. Seitdem suche ich nach M\u00f6glichkeiten meine Leser in diese Perspektive mitzunehmen. Siehe auch: &hellip; \u201eJeden Tag eine neue Ermutigung aus Gottes Wort\u201c weiterlesen","og_url":"https:\/\/erhardt-stiefel.de\/index.php\/fliegen-wie-ein-adler\/","og_site_name":"Erhardt Stiefel&#039;s Fundgrube","article_modified_time":"2025-11-28T16:53:37+00:00","og_image":[{"width":1600,"height":2298,"url":"https:\/\/erhardt-stiefel.de\/wp-content\/uploads\/2020\/11\/HC_Adler.jpg","type":"image\/jpeg"}],"twitter_card":"summary_large_image","twitter_misc":{"Gesch\u00e4tzte Lesezeit":"3\u00a0Minuten"},"schema":{"@context":"https:\/\/schema.org","@graph":[{"@type":"WebPage","@id":"https:\/\/erhardt-stiefel.de\/index.php\/fliegen-wie-ein-adler\/","url":"https:\/\/erhardt-stiefel.de\/index.php\/fliegen-wie-ein-adler\/","name":"Jeden Tag eine neue Ermutigung aus Gottes Wort - Erhardt Stiefel&#039;s Fundgrube","isPartOf":{"@id":"https:\/\/erhardt-stiefel.de\/#website"},"primaryImageOfPage":{"@id":"https:\/\/erhardt-stiefel.de\/index.php\/fliegen-wie-ein-adler\/#primaryimage"},"image":{"@id":"https:\/\/erhardt-stiefel.de\/index.php\/fliegen-wie-ein-adler\/#primaryimage"},"thumbnailUrl":"https:\/\/erhardt-stiefel.de\/wp-content\/uploads\/2020\/11\/HC_Adler.jpg","datePublished":"2020-11-23T11:07:19+00:00","dateModified":"2025-11-28T16:53:37+00:00","breadcrumb":{"@id":"https:\/\/erhardt-stiefel.de\/index.php\/fliegen-wie-ein-adler\/#breadcrumb"},"inLanguage":"de","potentialAction":[{"@type":"ReadAction","target":["https:\/\/erhardt-stiefel.de\/index.php\/fliegen-wie-ein-adler\/"]}]},{"@type":"ImageObject","inLanguage":"de","@id":"https:\/\/erhardt-stiefel.de\/index.php\/fliegen-wie-ein-adler\/#primaryimage","url":"https:\/\/erhardt-stiefel.de\/wp-content\/uploads\/2020\/11\/HC_Adler.jpg","contentUrl":"https:\/\/erhardt-stiefel.de\/wp-content\/uploads\/2020\/11\/HC_Adler.jpg","width":1600,"height":2298},{"@type":"BreadcrumbList","@id":"https:\/\/erhardt-stiefel.de\/index.php\/fliegen-wie-ein-adler\/#breadcrumb","itemListElement":[{"@type":"ListItem","position":1,"name":"Home","item":"https:\/\/erhardt-stiefel.de\/"},{"@type":"ListItem","position":2,"name":"Jeden Tag eine neue Ermutigung aus Gottes Wort"}]},{"@type":"WebSite","@id":"https:\/\/erhardt-stiefel.de\/#website","url":"https:\/\/erhardt-stiefel.de\/","name":"Erhardt Stiefel&#039;s Fundgrube","description":"Erfahrungen mit CMS, Genealogie, Gott und der Welt - die ich sehr gerne mit dir teilen w\u00fcrde","potentialAction":[{"@type":"SearchAction","target":{"@type":"EntryPoint","urlTemplate":"https:\/\/erhardt-stiefel.de\/?s={search_term_string}"},"query-input":{"@type":"PropertyValueSpecification","valueRequired":true,"valueName":"search_term_string"}}],"inLanguage":"de"}]}},"jetpack_sharing_enabled":true,"jetpack_shortlink":"https:\/\/wp.me\/PaRlFh-Zi","_links":{"self":[{"href":"https:\/\/erhardt-stiefel.de\/index.php\/wp-json\/wp\/v2\/pages\/3800","targetHints":{"allow":["GET"]}}],"collection":[{"href":"https:\/\/erhardt-stiefel.de\/index.php\/wp-json\/wp\/v2\/pages"}],"about":[{"href":"https:\/\/erhardt-stiefel.de\/index.php\/wp-json\/wp\/v2\/types\/page"}],"author":[{"embeddable":true,"href":"https:\/\/erhardt-stiefel.de\/index.php\/wp-json\/wp\/v2\/users\/1"}],"replies":[{"embeddable":true,"href":"https:\/\/erhardt-stiefel.de\/index.php\/wp-json\/wp\/v2\/comments?post=3800"}],"version-history":[{"count":50,"href":"https:\/\/erhardt-stiefel.de\/index.php\/wp-json\/wp\/v2\/pages\/3800\/revisions"}],"predecessor-version":[{"id":10724,"href":"https:\/\/erhardt-stiefel.de\/index.php\/wp-json\/wp\/v2\/pages\/3800\/revisions\/10724"}],"wp:attachment":[{"href":"https:\/\/erhardt-stiefel.de\/index.php\/wp-json\/wp\/v2\/media?parent=3800"}],"curies":[{"name":"wp","href":"https:\/\/api.w.org\/{rel}","templated":true}]}}