{"id":4086,"date":"2021-01-01T09:17:02","date_gmt":"2021-01-01T09:17:02","guid":{"rendered":"https:\/\/erhardt-stiefel.de\/?page_id=4086"},"modified":"2026-02-28T09:45:01","modified_gmt":"2026-02-28T08:45:01","slug":"januar-und-februar","status":"publish","type":"page","link":"https:\/\/erhardt-stiefel.de\/index.php\/fliegen-wie-ein-adler\/januar-und-februar\/","title":{"rendered":"Januar und Februar"},"content":{"rendered":"<table>\n<tbody>\n<tr>\n<td><strong>Januar<\/strong><\/td>\n<td><strong>Februar<\/strong><\/td>\n<\/tr>\n<tr>\n<td><span style=\"color: #0000ff;\"><a style=\"color: #0000ff;\" href=\"https:\/\/erhardt-stiefel.de\/index.php\/2026\/01\/01\/mit-unerfuellten-wuenschen-leben\/\">01. Mit unerf\u00fcllten W\u00fcnschen leben<\/a><\/span><br \/>\n<span style=\"color: #0000ff;\"><a style=\"color: #0000ff;\" href=\"https:\/\/erhardt-stiefel.de\/index.php\/2026\/01\/02\/mit-zielen-leben\/\">02. Mit Zielen leben<\/a><br \/>\n<a style=\"color: #0000ff;\" href=\"https:\/\/erhardt-stiefel.de\/index.php\/2026\/01\/03\/jeder-mensch-hat-traeume\/\">03. Jeder Mensch hat Tr\u00e4ume<\/a><\/span><br \/>\n<span style=\"color: #0000ff;\"><a style=\"color: #0000ff;\" href=\"https:\/\/erhardt-stiefel.de\/index.php\/2026\/01\/04\/traeume-sind-keine-ziele-2\/\">04. Tr\u00e4ume sind keine Ziele<\/a><\/span><br \/>\n<span style=\"color: #0000ff;\"><a style=\"color: #0000ff;\" href=\"https:\/\/erhardt-stiefel.de\/index.php\/2026\/01\/05\/mit-erwartungen-leben\/\">05. Mit Erwartungen leben<\/a><\/span><br \/>\n<span style=\"color: #0000ff;\"><a style=\"color: #0000ff;\" href=\"https:\/\/erhardt-stiefel.de\/index.php\/2026\/01\/06\/traeume-werden-in-der-stille-geboren-2\/\">06. Tr\u00e4ume werden in der Stille geboren<\/a><\/span><br \/>\n<span style=\"color: #0000ff;\"><a style=\"color: #0000ff;\" href=\"https:\/\/erhardt-stiefel.de\/index.php\/2026\/01\/07\/gott-schenkt-traeume-2\/\">07. Gott schenkt Tr\u00e4ume<\/a><\/span><br \/>\n<span style=\"color: #0000ff;\"><a style=\"color: #0000ff;\" href=\"https:\/\/erhardt-stiefel.de\/index.php\/2026\/01\/08\/ziele-veraendern-unsere-sprache-2\/\">08. Ziele ver\u00e4ndern unsere Sprache<\/a><\/span><br \/>\n<span style=\"color: #0000ff;\"><a style=\"color: #0000ff;\" href=\"https:\/\/erhardt-stiefel.de\/index.php\/2026\/01\/09\/an-der-aufgabe-wachsen-2\/\">09. An der Aufgabe wachsen<\/a><\/span><br \/>\n<span style=\"color: #0000ff;\"><a style=\"color: #0000ff;\" href=\"https:\/\/erhardt-stiefel.de\/index.php\/2026\/01\/10\/mit-weisheit-ziele-erreichen-2\/\">10. Mit Weisheit Ziele erreichen<\/a><\/span><br \/>\n<span style=\"color: #0000ff;\"><a style=\"color: #0000ff;\" href=\"https:\/\/erhardt-stiefel.de\/index.php\/2026\/01\/11\/so-will-gott-uns-fuehren-2\/\">11. So will Gott uns f\u00fchren<\/a><br \/>\n<a style=\"color: #0000ff;\" href=\"https:\/\/erhardt-stiefel.de\/index.php\/2026\/01\/12\/wenn-gott-geschichte-schreibt-2\/\">12. Wenn Gott Geschichte schreibt<\/a><\/span><br \/>\n<span style=\"color: #0000ff;\"><a style=\"color: #0000ff;\" href=\"https:\/\/erhardt-stiefel.de\/index.php\/2026\/01\/13\/was-ist-gemeinde-2\/\">13. Was ist Gemeinde?<\/a><\/span><br \/>\n<span style=\"color: #0000ff;\"><a style=\"color: #0000ff;\" href=\"https:\/\/erhardt-stiefel.de\/index.php\/2026\/01\/14\/der-heilige-geist-verherrlicht-jesus-2\/\">14. Der Heilige Geist verherrlicht Jesus<\/a><\/span><br \/>\n<span style=\"color: #0000ff;\"><a style=\"color: #0000ff;\" href=\"https:\/\/erhardt-stiefel.de\/index.php\/2026\/01\/15\/eine-neue-vision-von-jesus-2\/\">15. Eine neue Vision von Jesus<\/a><\/span><br \/>\n<span style=\"color: #0000ff;\"><a style=\"color: #0000ff;\" href=\"https:\/\/erhardt-stiefel.de\/index.php\/2026\/01\/16\/den-auftrag-erkennen-2\/\">16. Den Auftrag erkennen<\/a><\/span><br \/>\n<span style=\"color: #0000ff;\"><a style=\"color: #0000ff;\" href=\"https:\/\/erhardt-stiefel.de\/index.php\/2026\/01\/17\/gott-sucht-hirten-2\/\">17. Gott sucht Hirten<\/a><\/span><br \/>\n<span style=\"color: #0000ff;\"><a style=\"color: #0000ff;\" href=\"https:\/\/erhardt-stiefel.de\/index.php\/2026\/01\/18\/schafe-treibt-man-nicht-2\/\">18. Schafe treibt man nicht<\/a><\/span><br \/>\n<span style=\"color: #0000ff;\"><a style=\"color: #0000ff;\" href=\"https:\/\/erhardt-stiefel.de\/index.php\/2026\/01\/19\/den-einzelnen-nicht-uebersehen-2\/\">19. Den Einzelnen nicht \u00fcbersehen<\/a><\/span><br \/>\n<span style=\"color: #0000ff;\"><a style=\"color: #0000ff;\" href=\"https:\/\/erhardt-stiefel.de\/index.php\/2026\/01\/20\/altar-ohne-stufen-2\/\">20. Altar ohne Stufen<\/a><\/span><br \/>\n<span style=\"color: #0000ff;\"><a style=\"color: #0000ff;\" href=\"https:\/\/erhardt-stiefel.de\/index.php\/2026\/01\/21\/nach-gottes-plan-bauen-2\/\">21. Nach Gottes Plan bauen<\/a><\/span><br \/>\n<span style=\"color: #0000ff;\"><a style=\"color: #0000ff;\" href=\"https:\/\/erhardt-stiefel.de\/index.php\/2026\/01\/22\/zeit-richtig-nutzen-2\/\">22. Zeit richtig nutzen<\/a><\/span><br \/>\n<span style=\"color: #0000ff;\"><a style=\"color: #0000ff;\" href=\"https:\/\/erhardt-stiefel.de\/index.php\/2026\/01\/23\/der-heilige-geist-wird-ueber-dich-kommen-2\/\">23. Der Heilige Geist wird \u00fcber dich kommen<\/a><\/span><br \/>\n<span style=\"color: #0000ff;\"><a style=\"color: #0000ff;\" href=\"https:\/\/erhardt-stiefel.de\/index.php\/2026\/01\/24\/eine-offene-tuer\/\">24. Eine offene T\u00fcr<\/a><\/span><br \/>\n<span style=\"color: #0000ff;\"><a style=\"color: #0000ff;\" href=\"https:\/\/erhardt-stiefel.de\/index.php\/2026\/01\/25\/vollmaechtiger-gottesdienst-2\/\">25. Vollm\u00e4chtiger Gottesdienst<\/a><\/span><br \/>\n<span style=\"color: #0000ff;\"><a style=\"color: #0000ff;\" href=\"https:\/\/erhardt-stiefel.de\/index.php\/2026\/01\/26\/war-alles-umsonst\/\">26. War alles umsonst?<\/a><\/span><br \/>\n<span style=\"color: #0000ff;\"><a style=\"color: #0000ff;\" href=\"https:\/\/erhardt-stiefel.de\/index.php\/2026\/01\/27\/zum-sieg-bestimmt\/\">27. Zum Sieg bestimmt<\/a><\/span><br \/>\n<span style=\"color: #0000ff;\"><a style=\"color: #0000ff;\" href=\"https:\/\/erhardt-stiefel.de\/index.php\/2026\/01\/28\/ich-habe-es-versucht-aber-es-geht-nicht\/\">28. Ich habe es versucht, aber es geht nicht<\/a><\/span><br \/>\n<span style=\"color: #0000ff;\"><a style=\"color: #0000ff;\" href=\"https:\/\/erhardt-stiefel.de\/index.php\/2026\/01\/29\/sag-nie-unmoeglich-2\/\">29. Sag nie unm\u00f6glich<\/a><\/span><br \/>\n<span style=\"color: #0000ff;\"><a style=\"color: #0000ff;\" href=\"https:\/\/erhardt-stiefel.de\/index.php\/2026\/01\/30\/muede-geworden-3\/\">30. M\u00fcde geworden<\/a><\/span><br \/>\n<span style=\"color: #0000ff;\"><a style=\"color: #0000ff;\" href=\"https:\/\/erhardt-stiefel.de\/index.php\/2026\/01\/31\/charakter-und-charisma-2\/\">31. Charakter und Charisma<\/a><\/span><\/td>\n<td><span style=\"color: #0000ff;\"><a style=\"color: #0000ff;\" href=\"https:\/\/erhardt-stiefel.de\/index.php\/2026\/02\/01\/blinder-eifer\/\">01. Blinder Eifer<\/a><\/span><br \/>\n<span style=\"color: #0000ff;\"><a style=\"color: #0000ff;\" href=\"https:\/\/erhardt-stiefel.de\/index.php\/2026\/02\/02\/das-ist-gemeinde-2\/\">02. Das ist Gemeinde<\/a><\/span><br \/>\n<span style=\"color: #0000ff;\"><a style=\"color: #0000ff;\" href=\"https:\/\/erhardt-stiefel.de\/index.php\/2025\/02\/03\/segen-guter-gemeinschaft\/\">03. Segen guter Gemeinschaft<\/a><\/span><br \/>\n<span style=\"color: #0000ff;\"><a style=\"color: #0000ff;\" href=\"https:\/\/erhardt-stiefel.de\/index.php\/2026\/02\/04\/weint-jesus-nur-ueber-jerusalem-2\/\">04. Weint Jesus nur \u00fcber Jerusalem ?<\/a><\/span><br \/>\n<span style=\"color: #0000ff;\"><a style=\"color: #0000ff;\" href=\"https:\/\/erhardt-stiefel.de\/index.php\/2025\/02\/05\/die-zeichen-der-zeit-verstehen\/\">05. Die Zeichen der Zeit verstehen<\/a><\/span><br \/>\n<span style=\"color: #0000ff;\"><a style=\"color: #0000ff;\" href=\"https:\/\/erhardt-stiefel.de\/index.php\/2026\/02\/06\/kein-ersatz-fuer-gottes-wort-2\/\">06. Kein Ersatz f\u00fcr Gottes Wort<\/a><\/span><br \/>\n<span style=\"color: #0000ff;\"><a style=\"color: #0000ff;\" href=\"https:\/\/erhardt-stiefel.de\/index.php\/2026\/02\/07\/motivation-kann-hilfreich-sein-2\/\">07. Motivation kann hilfreich sein<\/a><\/span><br \/>\n<span style=\"color: #0000ff;\"><a style=\"color: #0000ff;\" href=\"https:\/\/erhardt-stiefel.de\/index.php\/2026\/02\/08\/auf-die-richtige-perspektive-kommt-es-an-2\/\">08. Auf die richtige Perspektive kommt es an<\/a><\/span><br \/>\n<span style=\"color: #0000ff;\"><a style=\"color: #0000ff;\" href=\"https:\/\/erhardt-stiefel.de\/index.php\/2026\/02\/09\/alles-hat-seine-zeit-2\/\">09. Alles hat seine Zeit<\/a><\/span><br \/>\n<span style=\"color: #0000ff;\"><a style=\"color: #0000ff;\" href=\"https:\/\/erhardt-stiefel.de\/index.php\/2026\/02\/10\/annehmen-koennen-2\/\">10. Annehmen k\u00f6nnen<\/a><\/span><br \/>\n<span style=\"color: #0000ff;\"><a style=\"color: #0000ff;\" href=\"https:\/\/erhardt-stiefel.de\/index.php\/2026\/02\/11\/wenn-vergebung-schwer-faellt-2\/\">11. Wenn Vergebung schwer f\u00e4llt<\/a><br \/>\n<a style=\"color: #0000ff;\" href=\"https:\/\/erhardt-stiefel.de\/index.php\/2026\/02\/12\/auf-der-flucht-von-gott-2\/\">12. Auf der Flucht von Gott<\/a><\/span><br \/>\n<span style=\"color: #0000ff;\"><a style=\"color: #0000ff;\" href=\"https:\/\/erhardt-stiefel.de\/index.php\/2026\/02\/13\/ich-bin-nicht-allein-2\/\">13. Ich bin nicht allein<\/a><\/span><br \/>\n<span style=\"color: #0000ff;\"><a style=\"color: #0000ff;\" href=\"https:\/\/erhardt-stiefel.de\/index.php\/2026\/02\/14\/leben-mit-fundament-2\/\">14. Leben mit Fundament<\/a><\/span><br \/>\n<span style=\"color: #0000ff;\"><a style=\"color: #0000ff;\" href=\"https:\/\/erhardt-stiefel.de\/index.php\/2026\/02\/15\/der-verklaeger-der-brueder\/\">15. Der Verkl\u00e4ger der Br\u00fcder<\/a><\/span><br \/>\n<span style=\"color: #0000ff;\"><a style=\"color: #0000ff;\" href=\"https:\/\/erhardt-stiefel.de\/index.php\/2026\/02\/16\/klug-wie-eine-schlange-2\/\">16. Klug wie eine Schlange<\/a><\/span><br \/>\n<span style=\"color: #0000ff;\"><a style=\"color: #0000ff;\" href=\"https:\/\/erhardt-stiefel.de\/index.php\/2026\/02\/17\/trittbrettfahrer-oder-nachfolger-2\/\">17. Trittbrettfahrer oder Nachfolger<\/a><\/span><br \/>\n<span style=\"color: #0000ff;\"><a style=\"color: #0000ff;\" href=\"https:\/\/erhardt-stiefel.de\/index.php\/2026\/02\/18\/augenoeffner\/\">18. Augen\u00f6ffner<\/a><\/span><br \/>\n<span style=\"color: #0000ff;\"><a style=\"color: #0000ff;\" href=\"https:\/\/erhardt-stiefel.de\/index.php\/2026\/02\/19\/bis-zuletzt\/\">19. Bis zuletzt<\/a><\/span><br \/>\n<span style=\"color: #0000ff;\"><a style=\"color: #0000ff;\" href=\"https:\/\/erhardt-stiefel.de\/index.php\/2026\/02\/20\/entscheidungen-treffen-2\/\">20. Entscheidungen treffen<\/a><\/span><br \/>\n<span style=\"color: #0000ff;\"><a style=\"color: #0000ff;\" href=\"https:\/\/erhardt-stiefel.de\/index.php\/2026\/02\/21\/der-verzagte-darf-nach-hause-gehen-2\/\">21. Der Verzagte darf nach Hause gehen<\/a><\/span><br \/>\n<span style=\"color: #0000ff;\"><a style=\"color: #0000ff;\" href=\"https:\/\/erhardt-stiefel.de\/index.php\/2026\/02\/22\/bewahre-deine-sexualitaet-2\/\">22. Bewahre deine Sexualit\u00e4t<\/a><\/span><br \/>\n<span style=\"color: #0000ff;\"><a style=\"color: #0000ff;\" href=\"https:\/\/erhardt-stiefel.de\/index.php\/2026\/02\/23\/beziehungen-in-der-ehe-2\/\">23. Beziehungen in der Ehe<\/a><\/span><br \/>\n<span style=\"color: #0000ff;\"><a style=\"color: #0000ff;\" href=\"https:\/\/erhardt-stiefel.de\/index.php\/2026\/02\/24\/frauen-muetter-heldinnen\/\">24. Frauen, M\u00fctter, Heldinnen<\/a><\/span><br \/>\n<span style=\"color: #0000ff;\"><a style=\"color: #0000ff;\" href=\"https:\/\/erhardt-stiefel.de\/index.php\/2026\/02\/25\/was-gott-nicht-kann-2\/\">25. Was Gott nicht kann<\/a><\/span><br \/>\n<span style=\"color: #0000ff;\"><a style=\"color: #0000ff;\" href=\"https:\/\/erhardt-stiefel.de\/index.php\/2026\/02\/26\/troesten-koennen-2\/\">26. Tr\u00f6sten k\u00f6nnen<\/a><\/span><br \/>\n<span style=\"color: #0000ff;\"><a style=\"color: #0000ff;\" href=\"https:\/\/erhardt-stiefel.de\/index.php\/2026\/02\/27\/kinder-unsere-zukunft-2\/\">27. Kinder &#8211; unsere Zukunft<\/a><\/span><br \/>\n<span style=\"color: #0000ff;\"><a style=\"color: #0000ff;\" href=\"https:\/\/erhardt-stiefel.de\/index.php\/2026\/02\/28\/alles-begann-mit-kindern-2\/\">28. Alles begann mit Kindern<\/a><br \/>\n<a style=\"color: #0000ff;\" href=\"https:\/\/erhardt-stiefel.de\/index.php\/2024\/02\/29\/wenn-kinder-uns-raten-duerften\/\">29. Wenn Kinder uns raten d\u00fcrften<\/a><\/span><\/td>\n<\/tr>\n<\/tbody>\n<\/table>\n","protected":false},"excerpt":{"rendered":"<p>Januar Februar 01. Mit unerf\u00fcllten W\u00fcnschen leben 02. Mit Zielen leben 03. Jeder Mensch hat Tr\u00e4ume 04. Tr\u00e4ume sind keine Ziele 05. Mit Erwartungen leben 06. Tr\u00e4ume werden in der Stille geboren 07. Gott schenkt Tr\u00e4ume 08. Ziele ver\u00e4ndern unsere Sprache 09. An der Aufgabe wachsen 10. Mit Weisheit Ziele erreichen 11. So will Gott &hellip; <\/p>\n<p class=\"link-more\"><a href=\"https:\/\/erhardt-stiefel.de\/index.php\/fliegen-wie-ein-adler\/januar-und-februar\/\" class=\"more-link\"><span class=\"screen-reader-text\">\u201eJanuar und Februar\u201c<\/span> weiterlesen<\/a><\/p>\n","protected":false},"author":1,"featured_media":0,"parent":3800,"menu_order":0,"comment_status":"closed","ping_status":"closed","template":"","meta":{"_exactmetrics_skip_tracking":false,"_exactmetrics_sitenote_active":false,"_exactmetrics_sitenote_note":"","_exactmetrics_sitenote_category":0,"ngg_post_thumbnail":0,"footnotes":""},"class_list":["post-4086","page","type-page","status-publish","hentry"],"yoast_head":"<!-- This site is optimized with the Yoast SEO plugin v27.5 - https:\/\/yoast.com\/product\/yoast-seo-wordpress\/ -->\n<title>Januar und Februar - Erhardt Stiefel&#039;s Fundgrube<\/title>\n<meta name=\"robots\" content=\"index, follow, max-snippet:-1, max-image-preview:large, max-video-preview:-1\" \/>\n<link rel=\"canonical\" href=\"https:\/\/erhardt-stiefel.de\/index.php\/fliegen-wie-ein-adler\/januar-und-februar\/\" \/>\n<meta property=\"og:locale\" content=\"de_DE\" \/>\n<meta property=\"og:type\" content=\"article\" \/>\n<meta property=\"og:title\" content=\"Januar und Februar - Erhardt Stiefel&#039;s Fundgrube\" \/>\n<meta property=\"og:description\" content=\"Januar Februar 01. Mit unerf\u00fcllten W\u00fcnschen leben 02. Mit Zielen leben 03. Jeder Mensch hat Tr\u00e4ume 04. Tr\u00e4ume sind keine Ziele 05. Mit Erwartungen leben 06. Tr\u00e4ume werden in der Stille geboren 07. Gott schenkt Tr\u00e4ume 08. Ziele ver\u00e4ndern unsere Sprache 09. An der Aufgabe wachsen 10. Mit Weisheit Ziele erreichen 11. So will Gott &hellip; \u201eJanuar und Februar\u201c weiterlesen\" \/>\n<meta property=\"og:url\" content=\"https:\/\/erhardt-stiefel.de\/index.php\/fliegen-wie-ein-adler\/januar-und-februar\/\" \/>\n<meta property=\"og:site_name\" content=\"Erhardt Stiefel&#039;s Fundgrube\" \/>\n<meta property=\"article:modified_time\" content=\"2026-02-28T08:45:01+00:00\" \/>\n<meta name=\"twitter:card\" content=\"summary_large_image\" \/>\n<meta name=\"twitter:label1\" content=\"Gesch\u00e4tzte Lesezeit\" \/>\n\t<meta name=\"twitter:data1\" content=\"2\u00a0Minuten\" \/>\n<script type=\"application\/ld+json\" class=\"yoast-schema-graph\">{\"@context\":\"https:\\\/\\\/schema.org\",\"@graph\":[{\"@type\":\"WebPage\",\"@id\":\"https:\\\/\\\/erhardt-stiefel.de\\\/index.php\\\/fliegen-wie-ein-adler\\\/januar-und-februar\\\/\",\"url\":\"https:\\\/\\\/erhardt-stiefel.de\\\/index.php\\\/fliegen-wie-ein-adler\\\/januar-und-februar\\\/\",\"name\":\"Januar und Februar - Erhardt Stiefel&#039;s Fundgrube\",\"isPartOf\":{\"@id\":\"https:\\\/\\\/erhardt-stiefel.de\\\/#website\"},\"datePublished\":\"2021-01-01T09:17:02+00:00\",\"dateModified\":\"2026-02-28T08:45:01+00:00\",\"breadcrumb\":{\"@id\":\"https:\\\/\\\/erhardt-stiefel.de\\\/index.php\\\/fliegen-wie-ein-adler\\\/januar-und-februar\\\/#breadcrumb\"},\"inLanguage\":\"de\",\"potentialAction\":[{\"@type\":\"ReadAction\",\"target\":[\"https:\\\/\\\/erhardt-stiefel.de\\\/index.php\\\/fliegen-wie-ein-adler\\\/januar-und-februar\\\/\"]}]},{\"@type\":\"BreadcrumbList\",\"@id\":\"https:\\\/\\\/erhardt-stiefel.de\\\/index.php\\\/fliegen-wie-ein-adler\\\/januar-und-februar\\\/#breadcrumb\",\"itemListElement\":[{\"@type\":\"ListItem\",\"position\":1,\"name\":\"Home\",\"item\":\"https:\\\/\\\/erhardt-stiefel.de\\\/\"},{\"@type\":\"ListItem\",\"position\":2,\"name\":\"Jeden Tag eine neue Ermutigung aus Gottes Wort\",\"item\":\"https:\\\/\\\/erhardt-stiefel.de\\\/index.php\\\/fliegen-wie-ein-adler\\\/\"},{\"@type\":\"ListItem\",\"position\":3,\"name\":\"Januar und Februar\"}]},{\"@type\":\"WebSite\",\"@id\":\"https:\\\/\\\/erhardt-stiefel.de\\\/#website\",\"url\":\"https:\\\/\\\/erhardt-stiefel.de\\\/\",\"name\":\"Erhardt Stiefel&#039;s Fundgrube\",\"description\":\"Erfahrungen mit CMS, Genealogie, Gott und der Welt - die ich sehr gerne mit dir teilen w\u00fcrde\",\"potentialAction\":[{\"@type\":\"SearchAction\",\"target\":{\"@type\":\"EntryPoint\",\"urlTemplate\":\"https:\\\/\\\/erhardt-stiefel.de\\\/?s={search_term_string}\"},\"query-input\":{\"@type\":\"PropertyValueSpecification\",\"valueRequired\":true,\"valueName\":\"search_term_string\"}}],\"inLanguage\":\"de\"}]}<\/script>\n<!-- \/ Yoast SEO plugin. -->","yoast_head_json":{"title":"Januar und Februar - Erhardt Stiefel&#039;s Fundgrube","robots":{"index":"index","follow":"follow","max-snippet":"max-snippet:-1","max-image-preview":"max-image-preview:large","max-video-preview":"max-video-preview:-1"},"canonical":"https:\/\/erhardt-stiefel.de\/index.php\/fliegen-wie-ein-adler\/januar-und-februar\/","og_locale":"de_DE","og_type":"article","og_title":"Januar und Februar - Erhardt Stiefel&#039;s Fundgrube","og_description":"Januar Februar 01. Mit unerf\u00fcllten W\u00fcnschen leben 02. Mit Zielen leben 03. Jeder Mensch hat Tr\u00e4ume 04. Tr\u00e4ume sind keine Ziele 05. Mit Erwartungen leben 06. Tr\u00e4ume werden in der Stille geboren 07. Gott schenkt Tr\u00e4ume 08. Ziele ver\u00e4ndern unsere Sprache 09. An der Aufgabe wachsen 10. Mit Weisheit Ziele erreichen 11. So will Gott &hellip; \u201eJanuar und Februar\u201c weiterlesen","og_url":"https:\/\/erhardt-stiefel.de\/index.php\/fliegen-wie-ein-adler\/januar-und-februar\/","og_site_name":"Erhardt Stiefel&#039;s Fundgrube","article_modified_time":"2026-02-28T08:45:01+00:00","twitter_card":"summary_large_image","twitter_misc":{"Gesch\u00e4tzte Lesezeit":"2\u00a0Minuten"},"schema":{"@context":"https:\/\/schema.org","@graph":[{"@type":"WebPage","@id":"https:\/\/erhardt-stiefel.de\/index.php\/fliegen-wie-ein-adler\/januar-und-februar\/","url":"https:\/\/erhardt-stiefel.de\/index.php\/fliegen-wie-ein-adler\/januar-und-februar\/","name":"Januar und Februar - Erhardt Stiefel&#039;s Fundgrube","isPartOf":{"@id":"https:\/\/erhardt-stiefel.de\/#website"},"datePublished":"2021-01-01T09:17:02+00:00","dateModified":"2026-02-28T08:45:01+00:00","breadcrumb":{"@id":"https:\/\/erhardt-stiefel.de\/index.php\/fliegen-wie-ein-adler\/januar-und-februar\/#breadcrumb"},"inLanguage":"de","potentialAction":[{"@type":"ReadAction","target":["https:\/\/erhardt-stiefel.de\/index.php\/fliegen-wie-ein-adler\/januar-und-februar\/"]}]},{"@type":"BreadcrumbList","@id":"https:\/\/erhardt-stiefel.de\/index.php\/fliegen-wie-ein-adler\/januar-und-februar\/#breadcrumb","itemListElement":[{"@type":"ListItem","position":1,"name":"Home","item":"https:\/\/erhardt-stiefel.de\/"},{"@type":"ListItem","position":2,"name":"Jeden Tag eine neue Ermutigung aus Gottes Wort","item":"https:\/\/erhardt-stiefel.de\/index.php\/fliegen-wie-ein-adler\/"},{"@type":"ListItem","position":3,"name":"Januar und Februar"}]},{"@type":"WebSite","@id":"https:\/\/erhardt-stiefel.de\/#website","url":"https:\/\/erhardt-stiefel.de\/","name":"Erhardt Stiefel&#039;s Fundgrube","description":"Erfahrungen mit CMS, Genealogie, Gott und der Welt - die ich sehr gerne mit dir teilen w\u00fcrde","potentialAction":[{"@type":"SearchAction","target":{"@type":"EntryPoint","urlTemplate":"https:\/\/erhardt-stiefel.de\/?s={search_term_string}"},"query-input":{"@type":"PropertyValueSpecification","valueRequired":true,"valueName":"search_term_string"}}],"inLanguage":"de"}]}},"jetpack_sharing_enabled":true,"jetpack_shortlink":"https:\/\/wp.me\/PaRlFh-13U","_links":{"self":[{"href":"https:\/\/erhardt-stiefel.de\/index.php\/wp-json\/wp\/v2\/pages\/4086","targetHints":{"allow":["GET"]}}],"collection":[{"href":"https:\/\/erhardt-stiefel.de\/index.php\/wp-json\/wp\/v2\/pages"}],"about":[{"href":"https:\/\/erhardt-stiefel.de\/index.php\/wp-json\/wp\/v2\/types\/page"}],"author":[{"embeddable":true,"href":"https:\/\/erhardt-stiefel.de\/index.php\/wp-json\/wp\/v2\/users\/1"}],"replies":[{"embeddable":true,"href":"https:\/\/erhardt-stiefel.de\/index.php\/wp-json\/wp\/v2\/comments?post=4086"}],"version-history":[{"count":377,"href":"https:\/\/erhardt-stiefel.de\/index.php\/wp-json\/wp\/v2\/pages\/4086\/revisions"}],"predecessor-version":[{"id":10990,"href":"https:\/\/erhardt-stiefel.de\/index.php\/wp-json\/wp\/v2\/pages\/4086\/revisions\/10990"}],"up":[{"embeddable":true,"href":"https:\/\/erhardt-stiefel.de\/index.php\/wp-json\/wp\/v2\/pages\/3800"}],"wp:attachment":[{"href":"https:\/\/erhardt-stiefel.de\/index.php\/wp-json\/wp\/v2\/media?parent=4086"}],"curies":[{"name":"wp","href":"https:\/\/api.w.org\/{rel}","templated":true}]}}