{"id":4090,"date":"2021-04-30T08:02:34","date_gmt":"2021-04-30T08:02:34","guid":{"rendered":"https:\/\/erhardt-stiefel.de\/?page_id=4090"},"modified":"2025-06-30T15:51:52","modified_gmt":"2025-06-30T13:51:52","slug":"mai-und-juni","status":"publish","type":"page","link":"https:\/\/erhardt-stiefel.de\/index.php\/mai-und-juni\/","title":{"rendered":"Mai und Juni"},"content":{"rendered":"<table>\n<tbody>\n<tr>\n<td><strong>Mai<\/strong><\/td>\n<td><strong>Juni<\/strong><\/td>\n<\/tr>\n<tr>\n<td><span style=\"color: #0000ff;\"><a style=\"color: #0000ff;\" href=\"https:\/\/erhardt-stiefel.de\/index.php\/2025\/05\/01\/dienen-statt-verdienen\/\">01. Dienen statt verdienen<\/a><\/span><br \/>\n<span style=\"color: #0000ff;\"><a style=\"color: #0000ff;\" href=\"https:\/\/erhardt-stiefel.de\/index.php\/2025\/05\/02\/irdene-gefaesse\/\">02. Irdene Gef\u00e4\u00dfe<\/a><\/span><br \/>\n<span style=\"color: #0000ff;\"><a style=\"color: #0000ff;\" href=\"https:\/\/erhardt-stiefel.de\/index.php\/2025\/05\/03\/die-hand-am-pflug\/\">03. Die Hand am Pflug<\/a><\/span><br \/>\n<span style=\"color: #0000ff;\"><a style=\"color: #0000ff;\" href=\"https:\/\/erhardt-stiefel.de\/index.php\/2025\/05\/04\/das-herz-setzt-eigene-massstaebe\/\">04. Das Herz setzt eigene Ma\u00dfst\u00e4be<\/a><\/span><br \/>\n<span style=\"color: #0000ff;\"><a style=\"color: #0000ff;\" href=\"https:\/\/erhardt-stiefel.de\/index.php\/2025\/05\/05\/prospekt-oder-wirklichkeit\/\">05. Prospekt oder Wirklichkeit?<\/a><\/span><br \/>\n<span style=\"color: #0000ff;\"><a style=\"color: #0000ff;\" href=\"https:\/\/erhardt-stiefel.de\/index.php\/2025\/05\/06\/wenn-haare-wieder-wachsen\/\">06. Wenn Haare wieder wachsen<\/a><\/span><br \/>\n<span style=\"color: #0000ff;\"><a style=\"color: #0000ff;\" href=\"https:\/\/erhardt-stiefel.de\/index.php\/2025\/06\/07\/wir-muessen-lernen-demuetig-zu-sein\/\">07. Leben im Spannungsfeld<\/a><\/span><br \/>\n<span style=\"color: #0000ff;\"><a style=\"color: #0000ff;\" href=\"https:\/\/erhardt-stiefel.de\/index.php\/2025\/05\/08\/was-wird-uns-dafuer\/\">08. Was wird uns daf\u00fcr?<\/a><\/span><br \/>\n<span style=\"color: #0000ff;\"><a style=\"color: #0000ff;\" href=\"https:\/\/erhardt-stiefel.de\/index.php\/2025\/05\/09\/wenn-der-hunger-plagt\/\">09. Wenn der Hunger plagt<\/a><\/span><br \/>\n<span style=\"color: #0000ff;\"><a style=\"color: #0000ff;\" href=\"https:\/\/erhardt-stiefel.de\/index.php\/2025\/05\/10\/alles-verstanden\/\">10. Alles verstanden?<\/a><\/span><br \/>\n<span style=\"color: #0000ff;\"><a style=\"color: #0000ff;\" href=\"https:\/\/erhardt-stiefel.de\/index.php\/2025\/05\/11\/unversehens-mitten-drin\/\">11. Unversehens mitten drin<\/a><\/span><br \/>\n<span style=\"color: #0000ff;\"><a style=\"color: #0000ff;\" href=\"https:\/\/erhardt-stiefel.de\/index.php\/2025\/05\/12\/lass-dich-nicht-entmutigen\/\">12. Lass dich nicht entmutigen<\/a><\/span><br \/>\n<span style=\"color: #0000ff;\"><a style=\"color: #0000ff;\" href=\"https:\/\/erhardt-stiefel.de\/index.php\/2025\/05\/13\/fuer-gebet-gibt-es-keinen-ersatz\/\">13. F\u00fcr Gebet gibt es keinen Ersatz<\/a><\/span><br \/>\n<span style=\"color: #0000ff;\"><a style=\"color: #0000ff;\" href=\"https:\/\/erhardt-stiefel.de\/index.php\/2025\/05\/14\/burn-out-was-nun\/\">14. Burn out &#8211; was nun?<\/a><\/span><br \/>\n<span style=\"color: #0000ff;\"><a style=\"color: #0000ff;\" href=\"https:\/\/erhardt-stiefel.de\/index.php\/2025\/05\/15\/der-schatz-im-acker-2\/\">15. Der Schatz im Acker<\/a><\/span><br \/>\n<span style=\"color: #0000ff;\"><a style=\"color: #0000ff;\" href=\"https:\/\/erhardt-stiefel.de\/index.php\/2025\/05\/16\/naechstenliebe-ist-gefragt\/\">16. N\u00e4chstenliebe ist gefragt<\/a><\/span><br \/>\n<span style=\"color: #0000ff;\"><a style=\"color: #0000ff;\" href=\"https:\/\/erhardt-stiefel.de\/index.php\/2025\/05\/17\/taten-sprechen-lauter-als-worte\/\">17. Taten sprechen lauter als Worte<\/a><\/span><br \/>\n<span style=\"color: #0000ff;\"><a style=\"color: #0000ff;\" href=\"https:\/\/erhardt-stiefel.de\/index.php\/2025\/05\/18\/vaeter-gesucht\/\">18. V\u00e4ter gesucht<\/a><\/span><br \/>\n<span style=\"color: #0000ff;\"><a style=\"color: #0000ff;\" href=\"https:\/\/erhardt-stiefel.de\/index.php\/2025\/05\/19\/menschen-nach-dem-herzen-gottes\/\">19. Menschen nach dem Herzen Gottes<\/a><\/span><br \/>\n<a href=\"https:\/\/erhardt-stiefel.de\/index.php\/2025\/05\/20\/heiler-mensch\/\"><span style=\"color: #0000ff;\">20. Heiler Mensch<\/span><\/a><br \/>\n<span style=\"color: #0000ff;\"><a style=\"color: #0000ff;\" href=\"https:\/\/erhardt-stiefel.de\/index.php\/2024\/05\/21\/in-der-freude-leben-2\/\">21. In der Freude leben<\/a><\/span><br \/>\n<a href=\"https:\/\/erhardt-stiefel.de\/index.php\/2023\/05\/22\/heilsame-traenen\/\"><span style=\"color: #0000ff;\">22. Heilsame Tr\u00e4nen<\/span><\/a><br \/>\n<a href=\"https:\/\/erhardt-stiefel.de\/index.php\/2023\/05\/23\/eine-offene-tuer-3\/\"><span style=\"color: #0000ff;\">23. Eine offene T\u00fcr<\/span><\/a><br \/>\n<a href=\"https:\/\/erhardt-stiefel.de\/index.php\/2023\/05\/25\/ich-bin-die-tuer\/\"><span style=\"color: #0000ff;\">24. Ich bin die T\u00fcr<\/span><\/a><br \/>\n<a href=\"https:\/\/erhardt-stiefel.de\/index.php\/2023\/05\/25\/darueber-reden\/\"><span style=\"color: #0000ff;\">25. Dar\u00fcber reden<\/span><\/a><br \/>\n<a href=\"https:\/\/erhardt-stiefel.de\/index.php\/2023\/05\/26\/wenn-gott-wege-versperrt\/\"><span style=\"color: #0000ff;\">26. Wenn Gott&nbsp; Wege versperrt<\/span><\/a><br \/>\n<span style=\"color: #0000ff;\"><a style=\"color: #0000ff;\" href=\"https:\/\/erhardt-stiefel.de\/index.php\/2024\/05\/27\/das-wunder-von-pfingsten-2\/\">27. Das Wunder von Pfingsten<\/a><\/span><br \/>\n<span style=\"color: #0000ff;\"><a style=\"color: #0000ff;\" href=\"https:\/\/erhardt-stiefel.de\/index.php\/2024\/05\/28\/von-gottes-geist-durchdrungen-2\/\">28. Von Gottes Geist durchdrungen<\/a><\/span><br \/>\n<span style=\"color: #0000ff;\"><a style=\"color: #0000ff;\" href=\"https:\/\/erhardt-stiefel.de\/index.php\/2025\/05\/29\/das-feuer-erhalten\/\">29. Das Feuer erhalten<\/a><\/span><br \/>\n<span style=\"color: #0000ff;\"><a style=\"color: #0000ff;\" href=\"https:\/\/erhardt-stiefel.de\/index.php\/2025\/05\/30\/die-macht-der-gewohnheiten\/\">30. Die Macht der Gewohnheiten<\/a><\/span><br \/>\n<span style=\"color: #0000ff;\"><a style=\"color: #0000ff;\" href=\"https:\/\/erhardt-stiefel.de\/index.php\/2025\/05\/31\/die-macht-der-manipulation-2\/\">31. Die Macht der Manipulation<\/a><\/span><\/td>\n<td><span style=\"color: #0000ff;\"><a style=\"color: #0000ff;\" href=\"https:\/\/erhardt-stiefel.de\/index.php\/2025\/06\/01\/optimal-leben\/\">01. Optimal leben<\/a><\/span><br \/>\n<span style=\"color: #0000ff;\"><a style=\"color: #0000ff;\" href=\"https:\/\/erhardt-stiefel.de\/index.php\/2025\/06\/02\/gehilfen-der-freude-sein\/\">02. Gehilfen der Freude sein<\/a><\/span><br \/>\n<span style=\"color: #0000ff;\"><a style=\"color: #0000ff;\" href=\"https:\/\/erhardt-stiefel.de\/index.php\/2025\/06\/03\/alles-beginnt-im-verborgenen\/\">03. Alles beginnt im Verborgenen<\/a><\/span><br \/>\n<span style=\"color: #0000ff;\"><a style=\"color: #0000ff;\" href=\"https:\/\/erhardt-stiefel.de\/index.php\/2025\/06\/04\/lass-dir-genuegen-2\/\">04. Lass dir gen\u00fcgen<\/a><\/span><br \/>\n<span style=\"color: #0000ff;\"><a style=\"color: #0000ff;\" href=\"https:\/\/erhardt-stiefel.de\/index.php\/2025\/06\/05\/die-wertvolle-perle\/\">05. &nbsp;Die wertvolle Perle<\/a><\/span><br \/>\n<span style=\"color: #0000ff;\"><a style=\"color: #0000ff;\" href=\"https:\/\/erhardt-stiefel.de\/index.php\/2025\/06\/06\/auf-einen-guten-start-kommt-es-an\/\">06. Auf einen guten Start kommt es an<\/a><\/span><br \/>\n<span style=\"color: #0000ff;\"><a style=\"color: #0000ff;\" href=\"https:\/\/erhardt-stiefel.de\/index.php\/2025\/06\/07\/wir-muessen-lernen-demuetig-zu-sein\/\">07. Wir m\u00fcssen lernen dem\u00fctig zu sein<\/a><\/span><br \/>\n<span style=\"color: #0000ff;\"><a style=\"color: #0000ff;\" href=\"https:\/\/erhardt-stiefel.de\/index.php\/2025\/06\/08\/herr-lehre-uns-beten\/\">08. Herr, lehre uns beten<\/a><\/span><br \/>\n<span style=\"color: #0000ff;\"><a style=\"color: #0000ff;\" href=\"https:\/\/erhardt-stiefel.de\/index.php\/2025\/06\/09\/freude-ein-schluessel\/\">09. Freude, ein Schl\u00fcssel<\/a><\/span><br \/>\n<span style=\"color: #0000ff;\"><a style=\"color: #0000ff;\" href=\"https:\/\/erhardt-stiefel.de\/index.php\/2025\/06\/10\/jesus-bekennen\/\">10. Jesus bekennen<\/a><\/span><br \/>\n<span style=\"color: #0000ff;\"><a style=\"color: #0000ff;\" href=\"https:\/\/erhardt-stiefel.de\/index.php\/2025\/06\/11\/wiederherstellung\/\">11. Wiederherstellung<\/a><\/span><br \/>\n<span style=\"color: #0000ff;\"><a style=\"color: #0000ff;\" href=\"https:\/\/erhardt-stiefel.de\/index.php\/2025\/06\/12\/wenn-kopfkissen-wie-steine-sind\/\">12. Wenn Kopfkissen wie Steine sind<\/a><\/span><br \/>\n<span style=\"color: #0000ff;\"><a style=\"color: #0000ff;\" href=\"https:\/\/erhardt-stiefel.de\/index.php\/2025\/06\/13\/gruben-und-graeben\/\">13. Gruben und Gr\u00e4ben<\/a><\/span><br \/>\n<span style=\"color: #0000ff;\"><a style=\"color: #0000ff;\" href=\"https:\/\/erhardt-stiefel.de\/index.php\/2025\/06\/14\/der-blick-ins-eigene-herz\/\">14. Der Blick ins eigene Herz<\/a><\/span><br \/>\n<span style=\"color: #0000ff;\"><a style=\"color: #0000ff;\" href=\"https:\/\/erhardt-stiefel.de\/index.php\/2025\/06\/15\/nach-hause-gekommen\/\">15. Nach Hause gekommen<\/a><\/span><br \/>\n<span style=\"color: #0000ff;\"><a style=\"color: #0000ff;\" href=\"https:\/\/erhardt-stiefel.de\/index.php\/2025\/06\/16\/das-finale-kommt\/\">16. Das Finale kommt<\/a><\/span><br \/>\n<span style=\"color: #0000ff;\"><a style=\"color: #0000ff;\" href=\"https:\/\/erhardt-stiefel.de\/index.php\/2025\/06\/17\/symptome-oder-ursachen\/\">17. Symptome oder Ursachen?<\/a><\/span><br \/>\n<span style=\"color: #0000ff;\"><a style=\"color: #0000ff;\" href=\"https:\/\/erhardt-stiefel.de\/index.php\/2025\/06\/18\/raubvoegel-verscheuchen\/\">18. Raubv\u00f6gel verscheuchen<\/a><\/span><br \/>\n<a href=\"https:\/\/erhardt-stiefel.de\/index.php\/2025\/06\/19\/von-oben-gelenkt-2\/\"><span style=\"color: #0000ff;\">19. Von oben gelenkt<\/span><\/a><br \/>\n<span style=\"color: #0000ff;\"><a style=\"color: #0000ff;\" href=\"https:\/\/erhardt-stiefel.de\/index.php\/2025\/06\/20\/verheissungsvolle-botschaft\/\">20. Verhei\u00dfungsvolle Botschaft<\/a><\/span><br \/>\n<span style=\"color: #0000ff;\"><a style=\"color: #0000ff;\" href=\"https:\/\/erhardt-stiefel.de\/index.php\/2025\/06\/21\/ein-ungewoehnlicher-gottesdienst\/\">21. Ein ungew\u00f6hnlicher Gottesdienst<\/a><\/span><br \/>\n<span style=\"color: #0000ff;\"><a style=\"color: #0000ff;\" href=\"https:\/\/erhardt-stiefel.de\/index.php\/2025\/06\/22\/wenn-gott-unbegreiflich-wird\/\">22. Wenn Gott unbegreiflich wird<\/a><\/span><br \/>\n<span style=\"color: #0000ff;\"><a style=\"color: #0000ff;\" href=\"https:\/\/erhardt-stiefel.de\/index.php\/2025\/06\/23\/pfeil-und-bogen\/\">23. Pfeil und Bogen<\/a><\/span><br \/>\n<span style=\"color: #0000ff;\"><a style=\"color: #0000ff;\" href=\"https:\/\/erhardt-stiefel.de\/index.php\/2025\/06\/24\/gemeinsam-sind-wir-stark\/\">24. Gemeinsam sind wir stark<\/a><\/span><br \/>\n<span style=\"color: #0000ff;\"><a style=\"color: #0000ff;\" href=\"https:\/\/erhardt-stiefel.de\/index.php\/2025\/06\/25\/wer-schreit-wird-gehoert\/\">25. Wer schreit, wird geh\u00f6rt<\/a><\/span><br \/>\n<a href=\"https:\/\/erhardt-stiefel.de\/index.php\/2024\/06\/26\/gesunde-atmosphaere-ist-unverzichtbar-2\/\"><span style=\"color: #0000ff;\">26. Gesunde Atmosph\u00e4re ist unverzichtbar<\/span><\/a><br \/>\n<span style=\"color: #0000ff;\"><a style=\"color: #0000ff;\" href=\"https:\/\/erhardt-stiefel.de\/index.php\/2024\/06\/27\/rueckendeckung-von-gott-2\/\">27. R\u00fcckendeckung von Gott<\/a><\/span><br \/>\n<span style=\"color: #0000ff;\"><a style=\"color: #0000ff;\" href=\"https:\/\/erhardt-stiefel.de\/index.php\/2024\/06\/28\/ein-gravierender-unterschied-2\/\">28. Ein gravierender Unterschied<\/a><\/span><br \/>\n<a href=\"https:\/\/erhardt-stiefel.de\/index.php\/2024\/06\/29\/auf-den-kern-kommt-es-an-2\/\"><span style=\"color: #0000ff;\">29. Auf den Kern kommt es an<\/span><\/a><br \/>\n<span style=\"color: #0000ff;\"><a style=\"color: #0000ff;\" href=\"https:\/\/erhardt-stiefel.de\/index.php\/2025\/06\/30\/teilen-das-gesetz-der-vermehrung\/\">30. Teilen, das Gesetz der Vermehrung<\/a><\/span><\/td>\n<\/tr>\n<\/tbody>\n<\/table>\n<p>&nbsp;<\/p>\n<p>&nbsp;<\/p>\n","protected":false},"excerpt":{"rendered":"<p>Mai Juni 01. Dienen statt verdienen 02. Irdene Gef\u00e4\u00dfe 03. Die Hand am Pflug 04. Das Herz setzt eigene Ma\u00dfst\u00e4be 05. Prospekt oder Wirklichkeit? 06. Wenn Haare wieder wachsen 07. Leben im Spannungsfeld 08. Was wird uns daf\u00fcr? 09. Wenn der Hunger plagt 10. Alles verstanden? 11. Unversehens mitten drin 12. Lass dich nicht entmutigen &hellip; <\/p>\n<p class=\"link-more\"><a href=\"https:\/\/erhardt-stiefel.de\/index.php\/mai-und-juni\/\" class=\"more-link\"><span class=\"screen-reader-text\">\u201eMai und Juni\u201c<\/span> weiterlesen<\/a><\/p>\n","protected":false},"author":1,"featured_media":0,"parent":0,"menu_order":0,"comment_status":"closed","ping_status":"closed","template":"","meta":{"_exactmetrics_skip_tracking":false,"_exactmetrics_sitenote_active":false,"_exactmetrics_sitenote_note":"","_exactmetrics_sitenote_category":0,"ngg_post_thumbnail":0,"jetpack_post_was_ever_published":false,"footnotes":""},"class_list":["post-4090","page","type-page","status-publish","hentry"],"yoast_head":"<!-- This site is optimized with the Yoast SEO plugin v27.3 - https:\/\/yoast.com\/product\/yoast-seo-wordpress\/ -->\n<title>Mai und Juni - Erhardt Stiefel&#039;s Fundgrube<\/title>\n<meta name=\"robots\" content=\"index, follow, max-snippet:-1, max-image-preview:large, max-video-preview:-1\" \/>\n<link rel=\"canonical\" href=\"https:\/\/erhardt-stiefel.de\/index.php\/mai-und-juni\/\" \/>\n<meta property=\"og:locale\" content=\"de_DE\" \/>\n<meta property=\"og:type\" content=\"article\" \/>\n<meta property=\"og:title\" content=\"Mai und Juni - Erhardt Stiefel&#039;s Fundgrube\" \/>\n<meta property=\"og:description\" content=\"Mai Juni 01. Dienen statt verdienen 02. Irdene Gef\u00e4\u00dfe 03. Die Hand am Pflug 04. Das Herz setzt eigene Ma\u00dfst\u00e4be 05. Prospekt oder Wirklichkeit? 06. Wenn Haare wieder wachsen 07. Leben im Spannungsfeld 08. Was wird uns daf\u00fcr? 09. Wenn der Hunger plagt 10. Alles verstanden? 11. Unversehens mitten drin 12. Lass dich nicht entmutigen &hellip; \u201eMai und Juni\u201c weiterlesen\" \/>\n<meta property=\"og:url\" content=\"https:\/\/erhardt-stiefel.de\/index.php\/mai-und-juni\/\" \/>\n<meta property=\"og:site_name\" content=\"Erhardt Stiefel&#039;s Fundgrube\" \/>\n<meta property=\"article:modified_time\" content=\"2025-06-30T13:51:52+00:00\" \/>\n<meta name=\"twitter:card\" content=\"summary_large_image\" \/>\n<meta name=\"twitter:label1\" content=\"Gesch\u00e4tzte Lesezeit\" \/>\n\t<meta name=\"twitter:data1\" content=\"2\u00a0Minuten\" \/>\n<script type=\"application\/ld+json\" class=\"yoast-schema-graph\">{\"@context\":\"https:\\\/\\\/schema.org\",\"@graph\":[{\"@type\":\"WebPage\",\"@id\":\"https:\\\/\\\/erhardt-stiefel.de\\\/index.php\\\/mai-und-juni\\\/\",\"url\":\"https:\\\/\\\/erhardt-stiefel.de\\\/index.php\\\/mai-und-juni\\\/\",\"name\":\"Mai und Juni - Erhardt Stiefel&#039;s Fundgrube\",\"isPartOf\":{\"@id\":\"https:\\\/\\\/erhardt-stiefel.de\\\/#website\"},\"datePublished\":\"2021-04-30T08:02:34+00:00\",\"dateModified\":\"2025-06-30T13:51:52+00:00\",\"breadcrumb\":{\"@id\":\"https:\\\/\\\/erhardt-stiefel.de\\\/index.php\\\/mai-und-juni\\\/#breadcrumb\"},\"inLanguage\":\"de\",\"potentialAction\":[{\"@type\":\"ReadAction\",\"target\":[\"https:\\\/\\\/erhardt-stiefel.de\\\/index.php\\\/mai-und-juni\\\/\"]}]},{\"@type\":\"BreadcrumbList\",\"@id\":\"https:\\\/\\\/erhardt-stiefel.de\\\/index.php\\\/mai-und-juni\\\/#breadcrumb\",\"itemListElement\":[{\"@type\":\"ListItem\",\"position\":1,\"name\":\"Home\",\"item\":\"https:\\\/\\\/erhardt-stiefel.de\\\/\"},{\"@type\":\"ListItem\",\"position\":2,\"name\":\"Mai und Juni\"}]},{\"@type\":\"WebSite\",\"@id\":\"https:\\\/\\\/erhardt-stiefel.de\\\/#website\",\"url\":\"https:\\\/\\\/erhardt-stiefel.de\\\/\",\"name\":\"Erhardt Stiefel&#039;s Fundgrube\",\"description\":\"Erfahrungen mit CMS, Genealogie, Gott und der Welt - die ich sehr gerne mit dir teilen w\u00fcrde\",\"potentialAction\":[{\"@type\":\"SearchAction\",\"target\":{\"@type\":\"EntryPoint\",\"urlTemplate\":\"https:\\\/\\\/erhardt-stiefel.de\\\/?s={search_term_string}\"},\"query-input\":{\"@type\":\"PropertyValueSpecification\",\"valueRequired\":true,\"valueName\":\"search_term_string\"}}],\"inLanguage\":\"de\"}]}<\/script>\n<!-- \/ Yoast SEO plugin. -->","yoast_head_json":{"title":"Mai und Juni - Erhardt Stiefel&#039;s Fundgrube","robots":{"index":"index","follow":"follow","max-snippet":"max-snippet:-1","max-image-preview":"max-image-preview:large","max-video-preview":"max-video-preview:-1"},"canonical":"https:\/\/erhardt-stiefel.de\/index.php\/mai-und-juni\/","og_locale":"de_DE","og_type":"article","og_title":"Mai und Juni - Erhardt Stiefel&#039;s Fundgrube","og_description":"Mai Juni 01. Dienen statt verdienen 02. Irdene Gef\u00e4\u00dfe 03. Die Hand am Pflug 04. Das Herz setzt eigene Ma\u00dfst\u00e4be 05. Prospekt oder Wirklichkeit? 06. Wenn Haare wieder wachsen 07. Leben im Spannungsfeld 08. Was wird uns daf\u00fcr? 09. Wenn der Hunger plagt 10. Alles verstanden? 11. Unversehens mitten drin 12. Lass dich nicht entmutigen &hellip; \u201eMai und Juni\u201c weiterlesen","og_url":"https:\/\/erhardt-stiefel.de\/index.php\/mai-und-juni\/","og_site_name":"Erhardt Stiefel&#039;s Fundgrube","article_modified_time":"2025-06-30T13:51:52+00:00","twitter_card":"summary_large_image","twitter_misc":{"Gesch\u00e4tzte Lesezeit":"2\u00a0Minuten"},"schema":{"@context":"https:\/\/schema.org","@graph":[{"@type":"WebPage","@id":"https:\/\/erhardt-stiefel.de\/index.php\/mai-und-juni\/","url":"https:\/\/erhardt-stiefel.de\/index.php\/mai-und-juni\/","name":"Mai und Juni - Erhardt Stiefel&#039;s Fundgrube","isPartOf":{"@id":"https:\/\/erhardt-stiefel.de\/#website"},"datePublished":"2021-04-30T08:02:34+00:00","dateModified":"2025-06-30T13:51:52+00:00","breadcrumb":{"@id":"https:\/\/erhardt-stiefel.de\/index.php\/mai-und-juni\/#breadcrumb"},"inLanguage":"de","potentialAction":[{"@type":"ReadAction","target":["https:\/\/erhardt-stiefel.de\/index.php\/mai-und-juni\/"]}]},{"@type":"BreadcrumbList","@id":"https:\/\/erhardt-stiefel.de\/index.php\/mai-und-juni\/#breadcrumb","itemListElement":[{"@type":"ListItem","position":1,"name":"Home","item":"https:\/\/erhardt-stiefel.de\/"},{"@type":"ListItem","position":2,"name":"Mai und Juni"}]},{"@type":"WebSite","@id":"https:\/\/erhardt-stiefel.de\/#website","url":"https:\/\/erhardt-stiefel.de\/","name":"Erhardt Stiefel&#039;s Fundgrube","description":"Erfahrungen mit CMS, Genealogie, Gott und der Welt - die ich sehr gerne mit dir teilen w\u00fcrde","potentialAction":[{"@type":"SearchAction","target":{"@type":"EntryPoint","urlTemplate":"https:\/\/erhardt-stiefel.de\/?s={search_term_string}"},"query-input":{"@type":"PropertyValueSpecification","valueRequired":true,"valueName":"search_term_string"}}],"inLanguage":"de"}]}},"jetpack_sharing_enabled":true,"jetpack_shortlink":"https:\/\/wp.me\/PaRlFh-13Y","_links":{"self":[{"href":"https:\/\/erhardt-stiefel.de\/index.php\/wp-json\/wp\/v2\/pages\/4090","targetHints":{"allow":["GET"]}}],"collection":[{"href":"https:\/\/erhardt-stiefel.de\/index.php\/wp-json\/wp\/v2\/pages"}],"about":[{"href":"https:\/\/erhardt-stiefel.de\/index.php\/wp-json\/wp\/v2\/types\/page"}],"author":[{"embeddable":true,"href":"https:\/\/erhardt-stiefel.de\/index.php\/wp-json\/wp\/v2\/users\/1"}],"replies":[{"embeddable":true,"href":"https:\/\/erhardt-stiefel.de\/index.php\/wp-json\/wp\/v2\/comments?post=4090"}],"version-history":[{"count":298,"href":"https:\/\/erhardt-stiefel.de\/index.php\/wp-json\/wp\/v2\/pages\/4090\/revisions"}],"predecessor-version":[{"id":10267,"href":"https:\/\/erhardt-stiefel.de\/index.php\/wp-json\/wp\/v2\/pages\/4090\/revisions\/10267"}],"wp:attachment":[{"href":"https:\/\/erhardt-stiefel.de\/index.php\/wp-json\/wp\/v2\/media?parent=4090"}],"curies":[{"name":"wp","href":"https:\/\/api.w.org\/{rel}","templated":true}]}}