{"id":442,"date":"2019-04-15T14:11:25","date_gmt":"2019-04-15T14:11:25","guid":{"rendered":"https:\/\/erhardt-stiefel.de\/wp\/?page_id=442"},"modified":"2023-04-01T09:36:53","modified_gmt":"2023-04-01T07:36:53","slug":"mittwochsgruppe","status":"publish","type":"page","link":"https:\/\/erhardt-stiefel.de\/index.php\/mittwochsgruppe\/","title":{"rendered":"Mittwochsgruppe"},"content":{"rendered":"<h1><em><strong><span style=\"color: #3366ff;\">Liebe Freunde der Mittwochsgruppe<br \/>\n<\/span><\/strong><\/em><\/h1>\n<p>auf dieser Seite k\u00f6nnt ihr alles erfahren, was es von der Mittwochsgruppe Wiernsheim-Iptingen an <span style=\"color: #3366ff;\"><a style=\"color: #3366ff;\" href=\"https:\/\/erhardt-stiefel.de\/wp-content\/gallery\/mittwochsgruppe\/2018_09_21-Wasserschloss-Glatt.JPG\" target=\"_blank\" rel=\"noopener noreferrer\">Sehenswertem<\/a><\/span>, <span style=\"color: #3366ff;\"><a style=\"color: #3366ff;\" href=\"http:\/\/www.bw360.de\/\" target=\"_blank\" rel=\"noopener noreferrer\">Wissenswertem<\/a>,<\/span> an <span style=\"color: #3366ff;\"><a style=\"color: #3366ff;\" href=\"https:\/\/erhardt-stiefel.de\/index.php\/mittwochsgruppe\/aktionsarchiv\/\" target=\"_blank\" rel=\"noopener noreferrer\">archivierten Aktionen<\/a><\/span> und <span style=\"color: #3366ff;\"><a style=\"color: #3366ff;\" href=\"https:\/\/erhardt-stiefel.de\/index.php\/category\/Aktionen\/\" target=\"_blank\" rel=\"noopener noreferrer\">aktuellen Neuigkeiten<\/a><\/span> gibt.<br \/>\nAber das Wichtigste zuerst &#8230;<br \/>\nDie n\u00e4chste(n) Aktion(en) findet ihr mit einem Klick auf diesen Link<\/p>\n<p><strong><a href=\"https:\/\/erhardt-stiefel.de\/index.php\/category\/Aktionen\/\" target=\"_blank\" rel=\"noopener noreferrer\"><span style=\"color: #3366ff;\"><span style=\"color: #ff0000;\">Alle Aktionen und Ausfl\u00fcge der Mittwochsgruppe anzeigen<\/span><\/span><\/a><\/strong><\/p>\n<p>aber bevor du da drauf klickst, lies erst mal hier weiter<strong> wie du dich anmelden kannst<\/strong>, wenn du an einer Aktion teilnehmen willst.<br \/>\nNat\u00fcrlich kannst du auch sp\u00e4ter nochmal auf diese Seite zur\u00fcck kommen und nachschauen wie so etwas gemacht wird. Wenn du dabei Probleme hast oder etwas nicht findest, <span style=\"color: #3366ff;\"><a style=\"color: #3366ff;\" href=\"https:\/\/erhardt-stiefel.de\/index.php\/kontakt\/\" target=\"_blank\" rel=\"noopener noreferrer\">schreib mir oder ruf mich an<\/a><\/span>.<br \/>\nDann steht vielleicht beim n\u00e4chsten Besuch unten eine weitere Erkl\u00e4rung.<br \/>\nDie erste ist schon da &#8230;<br \/>\n<a id=\"Anmeldung\"><\/a><\/p>\n<h2><span style=\"color: #3366ff;\">Wie melde ich mich zu einem Ausflug an?<\/span><\/h2>\n<p>Mit Klick auf den Blog-Titel, z.B. <span style=\"color: #808080;\">Jan 2023 <span style=\"color: #000000;\">(direkt \u00fcber unserem Bild),<\/span><\/span> erscheint unterhalb der Aktions-Beschreibung eine Kommentarm\u00f6glichkeit.<br \/>\nIn das Kommentarfeld kannst du schreiben, ob du teilnimmst, leider absagen musst, einen R\u00fcckruf w\u00fcnschst, etc.<br \/>\nBeim ersten mal ist Name und E-Mail Adresse einzutragen.<br \/>\nEin Haken in das<\/p>\n<ul>\n<li>erste K\u00e4stchen bewirkt, dass von dir Name und Adresse gespeichert werden<\/li>\n<li>zweite K\u00e4stchen bewirkt, dass du mitbekommst, wer sich hier noch anmeldet<\/li>\n<li>dritte K\u00e4stchen bewirkt, dass du \u00fcber die n\u00e4chste Aktion informiert wirst, sobald diese in den Blog eingestellt wird.<\/li>\n<\/ul>\n<p>Das wirkt sich aber erst aus, wenn du auf &#8222;<strong>Kommentar abschicken<\/strong>&#8220; klickst.<br \/>\nFalls du mit dieser Anmeldung nicht klar kommst, rufe den Organisator der Aktion an und erst wenn du den nicht erreichst bei Alfred Sch\u00fcle oder bei Erhardt Stiefel.<\/p>\n<p><strong>\u00dcbrigens, wenn du \u00fcber neue Aktionen (oder andere Blog-Betr\u00e4ge) immer per E-Mail informiert werden willst, funktioniert das genauso &#8211; auch ohne Anmeldung! Schreibe zu irgendeinem Beitrag einen Kommentar und setze deine H\u00e4kchen!<\/strong><\/p>\n<h2><span style=\"color: #3366ff;\">Die Idee kam an einem Mittwoch<\/span><\/h2>\n<p>Am Mittwoch dem 10.04.2019 waren meine Frau und ich mit der Mittwochsgruppe Wiernsheim-Iptingen in K\u00fcnzelsau.<br \/>\nAuf der Heimfahrt schaute ich mir im Bus meine neue website zum ersten mal mit dem Smartphone an &#8211; und war begeistert! Alles was ich in den letzten 2 Wochen geschrieben hatte, konnte ich damit genauso gut lesen wie daheim am PC oder auf dem Tablet. Nur eben einspaltig untereinander!<\/p>\n<p>Das brachte mich auf die Idee, einmal im Monat einen Beitrag \u00fcber unsere Mittwochsgruppe und ihre aktuelle Aktivit\u00e4t in meinem Blog zu posten.<\/p>\n<p>Alle diese Beitr\u00e4ge (den neuesten zuerst) kann man mit diesem Link aufrufen.<br \/>\n<span style=\"color: #3366ff;\"><strong><a style=\"color: #3366ff;\" href=\"https:\/\/erhardt-stiefel.de\/index.php\/category\/mittwochsgruppe\/\" target=\"_blank\" rel=\"noopener noreferrer\">Alle Ausfl\u00fcge der Mittwochsgruppe anzeigen<\/a><\/strong><\/span><\/p>\n<p>So k\u00f6nnen Teilnehmer die nicht dabei waren, sich auch mit dem Handy anschauen wo wir waren. Und ggf. einen Kommentar dazu schreiben.<br \/>\nUnd auch die geplante Aktion f\u00fcr den n\u00e4chsten Monat kann man sich hier anschauen, sich dazu anmelden und ggf. schon das Essen daf\u00fcr raussuchen!<\/p>\n<p>Als ich dem Gr\u00fcnder und Organisator der Mittwochsgruppe, Eugen Hornickel, der die Teilnehmer seit \u00fcber 20 Jahren per Telefon und email informiert, diese Idee in einem Blogbeitrag zeigte, gab er mir den Segen so etwas zu machen. Er war allerdings skeptisch, ob unsere \u00e4lteren Teilnehmer diese M\u00f6glichkeit nutzen werden. Einen Versuch ist es wert &#8230;<\/p>\n<h2><span style=\"color: #3366ff;\">Wie die Mittwochsgruppe entstand<\/span><\/h2>\n<p>Als unser Nachbar Eugen Hornickel &#8211; der gleiche Jahrgang wie ich &#8211; damit begann sich auf &#8222;die Zeit danach&#8220; vorzubereiten, entstand die Idee f\u00fcr diese Gruppe. Die meisten von uns waren nach der Jahrtausendwende auch schon am Abschiednehmen vom Beruf,&nbsp; im Vor-Ruhestand oder gar schon in Rente.<\/p>\n<p>Eugen als studierter Speditionskaufmann, hatte in seinem Beruf soviel Erfahrung mit Organisation und G\u00fctertransport gesammelt, dass er diese auch ehrenamtlich an seinen Freundeskreis weiter geben wollte.<br \/>\nMit Hilfe einiger Freunde, Iptingern und Studienkollegen, war bald ein Plan f\u00fcr mehrere Jahre monatlicher Aktionen erstellt.<\/p>\n<p>Wanderungen, Betriebsbesichtigungen, Ausfl\u00fcge mit Auto, Bahn und Bus f\u00fchrten uns in die n\u00e4here und weitere Umgebung und einmal im Jahr mit einer 2-3 t\u00e4gigen St\u00e4dtereise auch in andere Bundesl\u00e4nder.<br \/>\nIm Januar wurde jeweils gemeinsam bei Kaffee und Kuchen im Gemeindehaus mit Bildern zur\u00fcck und mit neuen Pl\u00e4nen nach vorn geschaut.<\/p>\n<p><strong>Eugen und seinen Helfern geb\u00fchrt der herzlichste Dank aller Teilnehmer<\/strong>, die nun schon \u00fcber 20 Jahre von diesem bewundernswerten, selbstlosen und beispielhaften &#8222;Dienst der N\u00e4chstenliebe&#8220; zehren d\u00fcrfen.<\/p>\n<p>Meinen ganz pers\u00f6nlichen Dank habe ich in das <span style=\"color: #3366ff;\"><a style=\"color: #3366ff;\" href=\"https:\/\/erhardt-stiefel.de\/index.php\/mittwochsgruppe\/aktionsarchiv\/\" target=\"_blank\" rel=\"noopener noreferrer\">Aktionsarchiv<\/a><\/span> und die <span style=\"color: #3366ff;\"><a style=\"color: #3366ff;\" href=\"https:\/\/erhardt-stiefel.de\/index.php\/mittwochsgruppe\/bildergalerie\/\" target=\"_blank\" rel=\"noopener noreferrer\">Bildergalerie<\/a><\/span> investiert, in dem man alle Aktionen der Mittwochsgruppe seit 2001 und die zugeh\u00f6rigen Gruppenbilder findet.<\/p>\n<p>&nbsp;<\/p>\n<h2><span style=\"color: #3366ff;\">Stab\u00fcbergabe<\/span><\/h2>\n<p>Am 20.01.2023 verteilte <strong><em>Eugen Hornickel<\/em><\/strong> einen Brief mit diesem Text:<\/p>\n<p><strong>An alle Planer, Mitwirkenden, Teilnehmer und Freunde der Mittwochsgruppe<\/strong><\/p>\n<p>Als eine meiner letzten Aufgaben m\u00f6chte ich mich bei allen Mitwirkenden, Planern und Freunden herzlich bedanken f\u00fcr Euer Engagement und Teilhabe an der Mittwochsgruppe vom Anfang 2001 bis 2022.<\/p>\n<p>Mein Dank soll auch an alle &#8222;Mitwirkenden&#8220; gehen.&nbsp; Bitte, nehmt dazu die von Erhardt Stiefel erstellte Brosch\u00fcre &#8222;20 Jahre Mittwochsgruppe&#8220; zur Hand. Fast alle Organisatoren sind hier aufgef\u00fchrt. Daf\u00fcr ein Vergelt\u2019s Gott.<\/p>\n<p>Klickt im Internet an:&nbsp; <span style=\"color: #3366ff;\"><a style=\"color: #3366ff;\" href=\"https:\/\/erhardt-stiefel.de\/index.php\/mittwochsgruppe\/\">erhardt-stiefel.de\/index.php\/mittwochsgruppe\/<\/a><\/span> Unter dieser Adresse findet Ihr Bilder und Beschreibungen der Mittwochsgruppe \u00fcber mehr als 200 Aktionstage. F\u00fcr diese umfangreiche Arbeit nochmals Danke an Erhardt.<\/p>\n<p>Ganz besonderer Dank an Renate und Karlheinz L\u00f6w in den Anfangsjahren mit \u00fcber 40 Aktionstagen von 2001-2019. H\u00f6hepunkte dabei waren: Wanderungen auf dem R\u00f6ssleweg rund um Stuttgart. Die Fahrten auf der &#8222;Schw\u00e4bischen Eisenbahn&#8220;. Die Wanderungen auf dem Alb-Nordwanderweg von Donauw\u00f6rth bis Tuttlingen. Wanderungen im Enzkreis, an Enz, Neckar, Remstal und im Nordschwarzwald. In den ersten Jahren waren Renate und Karlheinz die tragenden Pfeiler.<\/p>\n<p>Ganz besonderen Dank an Martin Braun, Karl Faas, Grete und Ingo Wostradowski,&nbsp; Michael Haage, Maritta und Wolfgang Flattich bis zum Jahr&nbsp; 2008 und Hans K\u00f6hler und Doris Hamm in den Jahren 2009-2019, f\u00fcr die mit viel Engagement super organisierten Jahresausfl\u00fcge: Es waren unsere Highlights.<\/p>\n<p>Fast alle Jahre organisierten Maritta + Wolfgang Flattich, Christa + Dieter Hanschmann, Michael Haage je einen oder mehrere Tage j\u00e4hrlich.&nbsp; Vielen Dank daf\u00fcr.<\/p>\n<p>Danke auch an alle die sich mit zu den Jahrestreffen zum harmonischen Verlauf durch Kaffeekochen, Kuchenspenden, Dekorieren, musikalische Beitr\u00e4ge, Aufr\u00e4umen und Erscheinen beigetragen haben.<\/p>\n<p>Von <strong><em>Alfred Sch\u00fcle<\/em> <em>und Team<\/em><\/strong> wird die Gruppe weitergef\u00fchrt. Dar\u00fcber freue ich mich ganz besonders.<\/p>\n<p><strong>Herzliche Gr\u00fc\u00dfe, <\/strong><strong>Eugen Hornickel<\/strong><\/p>\n<p>&nbsp;<\/p>\n<p><span style=\"color: #3366ff;\"><a style=\"color: #3366ff;\" href=\"https:\/\/erhardt-stiefel.de\/index.php\/privacy-policy\/\" target=\"_blank\" rel=\"noopener noreferrer\">Datenschutzerkl\u00e4rung<\/a><\/span><\/p>\n","protected":false},"excerpt":{"rendered":"<p>Liebe Freunde der Mittwochsgruppe auf dieser Seite k\u00f6nnt ihr alles erfahren, was es von der Mittwochsgruppe Wiernsheim-Iptingen an Sehenswertem, Wissenswertem, an archivierten Aktionen und aktuellen Neuigkeiten gibt. Aber das Wichtigste zuerst &#8230; Die n\u00e4chste(n) Aktion(en) findet ihr mit einem Klick auf diesen Link Alle Aktionen und Ausfl\u00fcge der Mittwochsgruppe anzeigen aber bevor du da drauf &hellip; <\/p>\n<p class=\"link-more\"><a href=\"https:\/\/erhardt-stiefel.de\/index.php\/mittwochsgruppe\/\" class=\"more-link\"><span class=\"screen-reader-text\">\u201eMittwochsgruppe\u201c<\/span> weiterlesen<\/a><\/p>\n","protected":false},"author":1,"featured_media":0,"parent":0,"menu_order":0,"comment_status":"closed","ping_status":"closed","template":"","meta":{"_exactmetrics_skip_tracking":false,"_exactmetrics_sitenote_active":false,"_exactmetrics_sitenote_note":"","_exactmetrics_sitenote_category":0,"ngg_post_thumbnail":0,"jetpack_post_was_ever_published":false,"footnotes":""},"class_list":["post-442","page","type-page","status-publish","hentry"],"yoast_head":"<!-- This site is optimized with the Yoast SEO plugin v27.3 - https:\/\/yoast.com\/product\/yoast-seo-wordpress\/ -->\n<title>Mittwochsgruppe - Erhardt Stiefel&#039;s Fundgrube<\/title>\n<meta name=\"robots\" content=\"index, follow, max-snippet:-1, max-image-preview:large, max-video-preview:-1\" \/>\n<link rel=\"canonical\" href=\"https:\/\/erhardt-stiefel.de\/index.php\/mittwochsgruppe\/\" \/>\n<meta property=\"og:locale\" content=\"de_DE\" \/>\n<meta property=\"og:type\" content=\"article\" \/>\n<meta property=\"og:title\" content=\"Mittwochsgruppe - Erhardt Stiefel&#039;s Fundgrube\" \/>\n<meta property=\"og:description\" content=\"Liebe Freunde der Mittwochsgruppe auf dieser Seite k\u00f6nnt ihr alles erfahren, was es von der Mittwochsgruppe Wiernsheim-Iptingen an Sehenswertem, Wissenswertem, an archivierten Aktionen und aktuellen Neuigkeiten gibt. Aber das Wichtigste zuerst &#8230; Die n\u00e4chste(n) Aktion(en) findet ihr mit einem Klick auf diesen Link Alle Aktionen und Ausfl\u00fcge der Mittwochsgruppe anzeigen aber bevor du da drauf &hellip; \u201eMittwochsgruppe\u201c weiterlesen\" \/>\n<meta property=\"og:url\" content=\"https:\/\/erhardt-stiefel.de\/index.php\/mittwochsgruppe\/\" \/>\n<meta property=\"og:site_name\" content=\"Erhardt Stiefel&#039;s Fundgrube\" \/>\n<meta property=\"article:modified_time\" content=\"2023-04-01T07:36:53+00:00\" \/>\n<meta name=\"twitter:card\" content=\"summary_large_image\" \/>\n<meta name=\"twitter:label1\" content=\"Gesch\u00e4tzte Lesezeit\" \/>\n\t<meta name=\"twitter:data1\" content=\"6\u00a0Minuten\" \/>\n<script type=\"application\/ld+json\" class=\"yoast-schema-graph\">{\"@context\":\"https:\\\/\\\/schema.org\",\"@graph\":[{\"@type\":\"WebPage\",\"@id\":\"https:\\\/\\\/erhardt-stiefel.de\\\/index.php\\\/mittwochsgruppe\\\/\",\"url\":\"https:\\\/\\\/erhardt-stiefel.de\\\/index.php\\\/mittwochsgruppe\\\/\",\"name\":\"Mittwochsgruppe - Erhardt Stiefel&#039;s Fundgrube\",\"isPartOf\":{\"@id\":\"https:\\\/\\\/erhardt-stiefel.de\\\/#website\"},\"datePublished\":\"2019-04-15T14:11:25+00:00\",\"dateModified\":\"2023-04-01T07:36:53+00:00\",\"breadcrumb\":{\"@id\":\"https:\\\/\\\/erhardt-stiefel.de\\\/index.php\\\/mittwochsgruppe\\\/#breadcrumb\"},\"inLanguage\":\"de\",\"potentialAction\":[{\"@type\":\"ReadAction\",\"target\":[\"https:\\\/\\\/erhardt-stiefel.de\\\/index.php\\\/mittwochsgruppe\\\/\"]}]},{\"@type\":\"BreadcrumbList\",\"@id\":\"https:\\\/\\\/erhardt-stiefel.de\\\/index.php\\\/mittwochsgruppe\\\/#breadcrumb\",\"itemListElement\":[{\"@type\":\"ListItem\",\"position\":1,\"name\":\"Home\",\"item\":\"https:\\\/\\\/erhardt-stiefel.de\\\/\"},{\"@type\":\"ListItem\",\"position\":2,\"name\":\"Mittwochsgruppe\"}]},{\"@type\":\"WebSite\",\"@id\":\"https:\\\/\\\/erhardt-stiefel.de\\\/#website\",\"url\":\"https:\\\/\\\/erhardt-stiefel.de\\\/\",\"name\":\"Erhardt Stiefel&#039;s Fundgrube\",\"description\":\"Erfahrungen mit CMS, Genealogie, Gott und der Welt - die ich sehr gerne mit dir teilen w\u00fcrde\",\"potentialAction\":[{\"@type\":\"SearchAction\",\"target\":{\"@type\":\"EntryPoint\",\"urlTemplate\":\"https:\\\/\\\/erhardt-stiefel.de\\\/?s={search_term_string}\"},\"query-input\":{\"@type\":\"PropertyValueSpecification\",\"valueRequired\":true,\"valueName\":\"search_term_string\"}}],\"inLanguage\":\"de\"}]}<\/script>\n<!-- \/ Yoast SEO plugin. -->","yoast_head_json":{"title":"Mittwochsgruppe - Erhardt Stiefel&#039;s Fundgrube","robots":{"index":"index","follow":"follow","max-snippet":"max-snippet:-1","max-image-preview":"max-image-preview:large","max-video-preview":"max-video-preview:-1"},"canonical":"https:\/\/erhardt-stiefel.de\/index.php\/mittwochsgruppe\/","og_locale":"de_DE","og_type":"article","og_title":"Mittwochsgruppe - Erhardt Stiefel&#039;s Fundgrube","og_description":"Liebe Freunde der Mittwochsgruppe auf dieser Seite k\u00f6nnt ihr alles erfahren, was es von der Mittwochsgruppe Wiernsheim-Iptingen an Sehenswertem, Wissenswertem, an archivierten Aktionen und aktuellen Neuigkeiten gibt. Aber das Wichtigste zuerst &#8230; Die n\u00e4chste(n) Aktion(en) findet ihr mit einem Klick auf diesen Link Alle Aktionen und Ausfl\u00fcge der Mittwochsgruppe anzeigen aber bevor du da drauf &hellip; \u201eMittwochsgruppe\u201c weiterlesen","og_url":"https:\/\/erhardt-stiefel.de\/index.php\/mittwochsgruppe\/","og_site_name":"Erhardt Stiefel&#039;s Fundgrube","article_modified_time":"2023-04-01T07:36:53+00:00","twitter_card":"summary_large_image","twitter_misc":{"Gesch\u00e4tzte Lesezeit":"6\u00a0Minuten"},"schema":{"@context":"https:\/\/schema.org","@graph":[{"@type":"WebPage","@id":"https:\/\/erhardt-stiefel.de\/index.php\/mittwochsgruppe\/","url":"https:\/\/erhardt-stiefel.de\/index.php\/mittwochsgruppe\/","name":"Mittwochsgruppe - Erhardt Stiefel&#039;s Fundgrube","isPartOf":{"@id":"https:\/\/erhardt-stiefel.de\/#website"},"datePublished":"2019-04-15T14:11:25+00:00","dateModified":"2023-04-01T07:36:53+00:00","breadcrumb":{"@id":"https:\/\/erhardt-stiefel.de\/index.php\/mittwochsgruppe\/#breadcrumb"},"inLanguage":"de","potentialAction":[{"@type":"ReadAction","target":["https:\/\/erhardt-stiefel.de\/index.php\/mittwochsgruppe\/"]}]},{"@type":"BreadcrumbList","@id":"https:\/\/erhardt-stiefel.de\/index.php\/mittwochsgruppe\/#breadcrumb","itemListElement":[{"@type":"ListItem","position":1,"name":"Home","item":"https:\/\/erhardt-stiefel.de\/"},{"@type":"ListItem","position":2,"name":"Mittwochsgruppe"}]},{"@type":"WebSite","@id":"https:\/\/erhardt-stiefel.de\/#website","url":"https:\/\/erhardt-stiefel.de\/","name":"Erhardt Stiefel&#039;s Fundgrube","description":"Erfahrungen mit CMS, Genealogie, Gott und der Welt - die ich sehr gerne mit dir teilen w\u00fcrde","potentialAction":[{"@type":"SearchAction","target":{"@type":"EntryPoint","urlTemplate":"https:\/\/erhardt-stiefel.de\/?s={search_term_string}"},"query-input":{"@type":"PropertyValueSpecification","valueRequired":true,"valueName":"search_term_string"}}],"inLanguage":"de"}]}},"jetpack_sharing_enabled":true,"jetpack_shortlink":"https:\/\/wp.me\/PaRlFh-78","_links":{"self":[{"href":"https:\/\/erhardt-stiefel.de\/index.php\/wp-json\/wp\/v2\/pages\/442","targetHints":{"allow":["GET"]}}],"collection":[{"href":"https:\/\/erhardt-stiefel.de\/index.php\/wp-json\/wp\/v2\/pages"}],"about":[{"href":"https:\/\/erhardt-stiefel.de\/index.php\/wp-json\/wp\/v2\/types\/page"}],"author":[{"embeddable":true,"href":"https:\/\/erhardt-stiefel.de\/index.php\/wp-json\/wp\/v2\/users\/1"}],"replies":[{"embeddable":true,"href":"https:\/\/erhardt-stiefel.de\/index.php\/wp-json\/wp\/v2\/comments?post=442"}],"version-history":[{"count":50,"href":"https:\/\/erhardt-stiefel.de\/index.php\/wp-json\/wp\/v2\/pages\/442\/revisions"}],"predecessor-version":[{"id":7585,"href":"https:\/\/erhardt-stiefel.de\/index.php\/wp-json\/wp\/v2\/pages\/442\/revisions\/7585"}],"wp:attachment":[{"href":"https:\/\/erhardt-stiefel.de\/index.php\/wp-json\/wp\/v2\/media?parent=442"}],"curies":[{"name":"wp","href":"https:\/\/api.w.org\/{rel}","templated":true}]}}