{"id":4721,"date":"2021-09-01T08:29:01","date_gmt":"2021-09-01T06:29:01","guid":{"rendered":"https:\/\/erhardt-stiefel.de\/?page_id=4721"},"modified":"2025-10-29T08:26:26","modified_gmt":"2025-10-29T07:26:26","slug":"september-und-oktober","status":"publish","type":"page","link":"https:\/\/erhardt-stiefel.de\/index.php\/september-und-oktober\/","title":{"rendered":"September und Oktober"},"content":{"rendered":"<table>\n<tbody>\n<tr>\n<td><strong>September<\/strong><\/td>\n<td><strong>Oktober<\/strong><\/td>\n<\/tr>\n<tr>\n<td><span style=\"color: #0000ff;\"><a style=\"color: #0000ff;\" href=\"https:\/\/erhardt-stiefel.de\/index.php\/2025\/09\/01\/vor-allen-dingen-zuerst\/\">01. Vor allen Dingen zuerst &#8230;<\/a><\/span><br \/>\n<span style=\"color: #0000ff;\"><a style=\"color: #0000ff;\" href=\"https:\/\/erhardt-stiefel.de\/index.php\/2025\/09\/02\/auf-kurs-bleiben\/\">02. Auf Kurs bleiben<\/a><\/span><br \/>\n<span style=\"color: #0000ff;\"><a style=\"color: #0000ff;\" href=\"https:\/\/erhardt-stiefel.de\/index.php\/2025\/09\/03\/verloren-aber-wertvoll\/\">03. Verloren, aber wertvoll<\/a><\/span><br \/>\n<span style=\"color: #0000ff;\"><a style=\"color: #0000ff;\" href=\"https:\/\/erhardt-stiefel.de\/index.php\/2025\/09\/04\/eine-grossartige-chance\/\">04. Eine gro\u00dfartige Chance<\/a><\/span><br \/>\n<span style=\"color: #0000ff;\"><a style=\"color: #0000ff;\" href=\"https:\/\/erhardt-stiefel.de\/index.php\/2025\/09\/05\/bruecken-bauen-statt-mauern-ziehen\/\">05. Br\u00fccken bauen statt Mauern ziehen<\/a><\/span><br \/>\n<span style=\"color: #0000ff;\"><a style=\"color: #0000ff;\" href=\"https:\/\/erhardt-stiefel.de\/index.php\/2025\/09\/06\/ein-gesundes-augenmass\/\">06. Ein gesundes Augenma\u00df<\/a><\/span><br \/>\n<span style=\"color: #0000ff;\"><a style=\"color: #0000ff;\" href=\"https:\/\/erhardt-stiefel.de\/index.php\/2025\/09\/07\/aussergewoehnliches-wagen\/\">07. Au\u00dfergew\u00f6hnliches wagen<\/a><\/span><br \/>\n<span style=\"color: #0000ff;\"><a style=\"color: #0000ff;\" href=\"https:\/\/erhardt-stiefel.de\/index.php\/2025\/09\/08\/liebe-gibt-niemals-auf\/\">08. Liebe gibt niemals auf<\/a><\/span><br \/>\n<span style=\"color: #0000ff;\"><a style=\"color: #0000ff;\" href=\"https:\/\/erhardt-stiefel.de\/index.php\/2025\/09\/09\/zwar-allein-aber-treu\/\">09. Zwar allein, aber treu<\/a><\/span><br \/>\n<a href=\"https:\/\/erhardt-stiefel.de\/index.php\/2025\/09\/10\/nicht-jeder-versuch-gelingt\/\"><span style=\"color: #0000ff;\">10. Nicht jeder Versuch gelingt<\/span><\/a><br \/>\n<span style=\"color: #0000ff;\"><a style=\"color: #0000ff;\" href=\"https:\/\/erhardt-stiefel.de\/index.php\/2025\/09\/11\/geliebt-und-gehasst\/\">11. Geliebt und gehasst<\/a><\/span><br \/>\n<span style=\"color: #0000ff;\"><a style=\"color: #0000ff;\" href=\"https:\/\/erhardt-stiefel.de\/index.php\/2025\/09\/12\/die-herausforderung-annehmen\/\">12. Die Herausforderung annehmen<\/a><\/span><br \/>\n<span style=\"color: #0000ff;\"><a style=\"color: #0000ff;\" href=\"https:\/\/erhardt-stiefel.de\/index.php\/2025\/09\/13\/trauer-ein-schmerz-der-seele-2\/\">13. Trauer, ein Schmerz der Seele<\/a><\/span><br \/>\n<span style=\"color: #0000ff;\"><a style=\"color: #0000ff;\" href=\"https:\/\/erhardt-stiefel.de\/index.php\/2025\/09\/14\/ein-guter-ruf-das-groesste-kapital-2\/\">14. Ein guter Ruf, das gr\u00f6\u00dfte Kapital<\/a><\/span><br \/>\n<span style=\"color: #0000ff;\"><a style=\"color: #0000ff;\" href=\"https:\/\/erhardt-stiefel.de\/index.php\/2025\/09\/15\/wenn-man-hoeren-und-sehen-kann-2\/\">15. Wenn man h\u00f6ren und sehen kann<\/a><\/span><br \/>\n<span style=\"color: #0000ff;\"><a style=\"color: #0000ff;\" href=\"https:\/\/erhardt-stiefel.de\/index.php\/2025\/09\/16\/wer-von-gnade-redet-muss-gnade-kennen-2\/\">16. Wer von Gnade redet, muss Gnade kennen<\/a><\/span><br \/>\n<span style=\"color: #0000ff;\"><a style=\"color: #0000ff;\" href=\"https:\/\/erhardt-stiefel.de\/index.php\/2025\/09\/17\/geistliches-immunsystem-staerken-2\/\">17. Geistliches Immunsystem st\u00e4rken<\/a><\/span><br \/>\n<span style=\"color: #0000ff;\"><a style=\"color: #0000ff;\" href=\"https:\/\/erhardt-stiefel.de\/index.php\/2025\/09\/18\/die-tuer-schliessen-2\/\">18. Die T\u00fcr schlie\u00dfen<\/a><\/span><br \/>\n<span style=\"color: #0000ff;\"><a style=\"color: #0000ff;\" href=\"https:\/\/erhardt-stiefel.de\/index.php\/2025\/09\/19\/fuer-einen-auftrag-erschaffen-2\/\">19. F\u00fcr einen Auftrag erschaffen<\/a><\/span><br \/>\n<span style=\"color: #0000ff;\"><a style=\"color: #0000ff;\" href=\"https:\/\/erhardt-stiefel.de\/index.php\/2025\/09\/20\/wie-eine-palme-2\/\">20. Wie eine Palme<\/a><\/span><br \/>\n<span style=\"color: #0000ff;\"><a style=\"color: #0000ff;\" href=\"https:\/\/erhardt-stiefel.de\/index.php\/2025\/09\/21\/von-den-ameisen-lernen-2\/\">21. Von den Ameisen lernen<\/a><\/span><br \/>\n<span style=\"color: #0000ff;\"><a style=\"color: #0000ff;\" href=\"https:\/\/erhardt-stiefel.de\/index.php\/2025\/09\/22\/die-sichere-burg-2\/\">22. Die sichere Burg<\/a><\/span><br \/>\n<a href=\"https:\/\/erhardt-stiefel.de\/index.php\/2025\/09\/23\/gott-achtet-auf-meine-worte\/\"><span style=\"color: #0000ff;\">23. Gott achtet auf meine Worte<\/span><\/a><br \/>\n<span style=\"color: #0000ff;\"><a style=\"color: #0000ff;\" href=\"https:\/\/erhardt-stiefel.de\/index.php\/2025\/09\/24\/das-problem-ist-inwendig\/\">24. Das Problem ist inwendig<\/a><\/span><br \/>\n<span style=\"color: #0000ff;\"><a style=\"color: #0000ff;\" href=\"https:\/\/erhardt-stiefel.de\/index.php\/2025\/09\/25\/ist-allah-der-gott-der-bibel\/\">25. Ist Allah der Gott der Bibel?<\/a><\/span><br \/>\n<span style=\"color: #0000ff;\"><a style=\"color: #0000ff;\" href=\"https:\/\/erhardt-stiefel.de\/index.php\/2025\/09\/26\/sein-name-ist-jesus-2\/\">26. Sein Name ist Jesus<\/a><\/span><br \/>\n<span style=\"color: #0000ff;\"><a style=\"color: #0000ff;\" href=\"https:\/\/erhardt-stiefel.de\/index.php\/2025\/09\/27\/die-inflation-der-information-2\/\">27. Die Inflation der Information<\/a><\/span><br \/>\n<span style=\"color: #0000ff;\"><a style=\"color: #0000ff;\" href=\"https:\/\/erhardt-stiefel.de\/index.php\/2025\/09\/28\/was-geschieht-mit-der-erde\/\">28. Was geschieht mit der Erde?<\/a><\/span><br \/>\n<span style=\"color: #0000ff;\"><a style=\"color: #0000ff;\" href=\"https:\/\/erhardt-stiefel.de\/index.php\/2025\/09\/29\/an-der-sonne-parken\/\">29. An der Sonne parken<\/a><\/span><br \/>\n<span style=\"color: #0000ff;\"><a style=\"color: #0000ff;\" href=\"https:\/\/erhardt-stiefel.de\/index.php\/2025\/09\/30\/warum-schreist-du-so\/\">30. Warum schreist du so<\/a><\/span><\/td>\n<td><span style=\"color: #0000ff;\"><a style=\"color: #0000ff;\" href=\"https:\/\/erhardt-stiefel.de\/index.php\/2025\/10\/01\/wie-gott-wege-ebnet\/\">01. Wie Gott Wege ebnet<\/a><\/span><br \/>\n<span style=\"color: #0000ff;\"><a style=\"color: #0000ff;\" href=\"https:\/\/erhardt-stiefel.de\/index.php\/2025\/10\/02\/gott-hat-einen-zeitplan\/\">02. Gott hat einen Zeitplan<\/a><\/span><br \/>\n<span style=\"color: #0000ff;\"><a style=\"color: #0000ff;\" href=\"https:\/\/erhardt-stiefel.de\/index.php\/2025\/10\/03\/christ-sein-ein-lebensstil\/\">03. Christ sein, ein Lebensstil<\/a><\/span><br \/>\n<span style=\"color: #0000ff;\"><a style=\"color: #0000ff;\" href=\"https:\/\/erhardt-stiefel.de\/index.php\/2025\/10\/04\/drinnen-oder-draussen\/\">04. Drinnen oder drau\u00dfen<\/a><\/span><br \/>\n<span style=\"color: #0000ff;\"><a style=\"color: #0000ff;\" href=\"https:\/\/erhardt-stiefel.de\/index.php\/2025\/10\/05\/metamorphose-2\/\">05. Metamorphose<\/a><\/span><br \/>\n<span style=\"color: #0000ff;\"><a style=\"color: #0000ff;\" href=\"https:\/\/erhardt-stiefel.de\/index.php\/2025\/10\/06\/gelaeutert-wie-gold\/\">06. Gel\u00e4utert wie Gold<\/a><\/span><br \/>\n<span style=\"color: #0000ff;\"><a style=\"color: #0000ff;\" href=\"https:\/\/erhardt-stiefel.de\/index.php\/2025\/10\/07\/alles-muss-raus\/\">07. Alles muss raus<\/a><\/span><br \/>\n<a href=\"https:\/\/erhardt-stiefel.de\/index.php\/2025\/10\/08\/mit-freude-alt-werden\/\"><span style=\"color: #0000ff;\">08. Mit Freude alt werden<\/span><\/a><br \/>\n<a href=\"https:\/\/erhardt-stiefel.de\/index.php\/2025\/10\/09\/das-kernstueck-heisst-liebe\/\"><span style=\"color: #0000ff;\">09. Das Kernst\u00fcck hei\u00dft Liebe<\/span><\/a><br \/>\n<span style=\"color: #0000ff;\"><a style=\"color: #0000ff;\" href=\"https:\/\/erhardt-stiefel.de\/index.php\/2025\/10\/10\/thats-my-god\/\">10. &#8222;That&#8217;s my God&#8220;<\/a><\/span><br \/>\n<span style=\"color: #0000ff;\"><a style=\"color: #0000ff;\" href=\"https:\/\/erhardt-stiefel.de\/index.php\/2025\/10\/11\/leben-oder-tod\/\">11. Leben oder Tod<\/a><\/span><br \/>\n<span style=\"color: #0000ff;\"><a style=\"color: #0000ff;\" href=\"https:\/\/erhardt-stiefel.de\/index.php\/2025\/10\/12\/von-gott-begnadet\/\">12. Von Gott begnadet<\/a><\/span><br \/>\n<span style=\"color: #0000ff;\"><a style=\"color: #0000ff;\" href=\"https:\/\/erhardt-stiefel.de\/index.php\/2025\/10\/13\/ist-glaube-privatsache\/\">13. Ist Glaube Privatsache?<\/a><\/span><br \/>\n<span style=\"color: #0000ff;\"><a style=\"color: #0000ff;\" href=\"https:\/\/erhardt-stiefel.de\/index.php\/2025\/10\/14\/der-sprung-in-der-schuessel\/\">14. Der Sprung in der Sch\u00fcssel<\/a><\/span><br \/>\n<span style=\"color: #0000ff;\"><a style=\"color: #0000ff;\" href=\"https:\/\/erhardt-stiefel.de\/index.php\/2025\/10\/15\/trojanisches-pferd\/\">15. Trojanisches Pferd<\/a><\/span><br \/>\n<span style=\"color: #0000ff;\"><a style=\"color: #0000ff;\" href=\"https:\/\/erhardt-stiefel.de\/index.php\/2025\/10\/16\/gegenfeuer\/\">16. Gegenfeuer<\/a><\/span><br \/>\n<span style=\"color: #0000ff;\"><a style=\"color: #0000ff;\" href=\"https:\/\/erhardt-stiefel.de\/index.php\/2025\/10\/17\/gesunde-beziehungen\/\">17. Gesunde Beziehungen<\/a><\/span><br \/>\n<span style=\"color: #0000ff;\"><a style=\"color: #0000ff;\" href=\"https:\/\/erhardt-stiefel.de\/index.php\/2025\/10\/18\/schafe-unter-woelfen\/\">18. Schafe unter W\u00f6lfen<\/a><\/span><br \/>\n<span style=\"color: #0000ff;\"><a style=\"color: #0000ff;\" href=\"https:\/\/erhardt-stiefel.de\/index.php\/2025\/10\/19\/keine-frage-mehr\/\">19. Keine Frage mehr<\/a><\/span><br \/>\n<span style=\"color: #0000ff;\"><a style=\"color: #0000ff;\" href=\"https:\/\/erhardt-stiefel.de\/index.php\/2025\/10\/20\/sehende-augen-hoerende-ohren\/\">20. Sehende Augen, h\u00f6rende Ohren<\/a><\/span><br \/>\n<span style=\"color: #0000ff;\"><a style=\"color: #0000ff;\" href=\"https:\/\/erhardt-stiefel.de\/index.php\/2025\/10\/21\/wissen-oder-gewissheit\/\">21. Wissen oder Gewissheit<\/a><\/span><br \/>\n<span style=\"color: #0000ff;\"><a style=\"color: #0000ff;\" href=\"https:\/\/erhardt-stiefel.de\/index.php\/2025\/10\/22\/was-soll-ich-predigen\/\">22. Was soll ich predigen<\/a><\/span><br \/>\n<span style=\"color: #0000ff;\"><a style=\"color: #0000ff;\" href=\"https:\/\/erhardt-stiefel.de\/index.php\/2025\/10\/23\/hoffnung-statt-illusion\/\">23. Hoffnung statt Illusion<\/a><\/span><br \/>\n<span style=\"color: #0000ff;\"><a style=\"color: #0000ff;\" href=\"https:\/\/erhardt-stiefel.de\/index.php\/2025\/10\/24\/wenn-wir-zur-ruhe-kommen\/\">24. Wenn wir zur Ruhe kommen<\/a><\/span><br \/>\n<span style=\"color: #0000ff;\"><a style=\"color: #0000ff;\" href=\"https:\/\/erhardt-stiefel.de\/index.php\/2025\/10\/25\/ohne-vater-kein-fest\/\">25. Ohne Vater kein Fest<\/a><\/span><br \/>\n<span style=\"color: #0000ff;\"><a style=\"color: #0000ff;\" href=\"https:\/\/erhardt-stiefel.de\/index.php\/2025\/10\/26\/groesse-ist-gefragt\/\">26. Gr\u00f6\u00dfe ist gefragt<\/a><\/span><br \/>\n<span style=\"color: #0000ff;\"><a style=\"color: #0000ff;\" href=\"https:\/\/erhardt-stiefel.de\/index.php\/2025\/10\/27\/erntearbeiter-gesucht\/\">27. Erntearbeiter gesucht<\/a><\/span><br \/>\n<span style=\"color: #0000ff;\"><a style=\"color: #0000ff;\" href=\"https:\/\/erhardt-stiefel.de\/index.php\/2025\/10\/28\/erziehung-muss-sein\/\">28. Erziehung muss sein<\/a><\/span><br \/>\n<span style=\"color: #0000ff;\"><a style=\"color: #0000ff;\" href=\"https:\/\/erhardt-stiefel.de\/index.php\/2025\/10\/29\/gordische-knoten-2\/\">29. &#8222;Gordische Knoten&#8220;<\/a><\/span><br \/>\n<span style=\"color: #0000ff;\"><a style=\"color: #0000ff;\" href=\"https:\/\/erhardt-stiefel.de\/index.php\/2024\/10\/30\/nah-und-doch-so-fern-2\/\">30. Nah und doch so fern<\/a><\/span><br \/>\n<span style=\"color: #0000ff;\"><a style=\"color: #0000ff;\" href=\"https:\/\/erhardt-stiefel.de\/index.php\/2024\/10\/31\/kann-gott-alles-2\/\">31. Kann Gott alles?<\/a><\/span><\/td>\n<\/tr>\n<\/tbody>\n<\/table>\n<p><!--more--><\/p>\n<p>&nbsp;<\/p>\n<p>&nbsp;<\/p>\n","protected":false},"excerpt":{"rendered":"<p>September Oktober 01. Vor allen Dingen zuerst &#8230; 02. Auf Kurs bleiben 03. Verloren, aber wertvoll 04. Eine gro\u00dfartige Chance 05. Br\u00fccken bauen statt Mauern ziehen 06. Ein gesundes Augenma\u00df 07. Au\u00dfergew\u00f6hnliches wagen 08. Liebe gibt niemals auf 09. Zwar allein, aber treu 10. Nicht jeder Versuch gelingt 11. Geliebt und gehasst 12. Die Herausforderung &hellip; <\/p>\n<p class=\"link-more\"><a href=\"https:\/\/erhardt-stiefel.de\/index.php\/september-und-oktober\/\" class=\"more-link\"><span class=\"screen-reader-text\">\u201eSeptember und Oktober\u201c<\/span> weiterlesen<\/a><\/p>\n","protected":false},"author":1,"featured_media":0,"parent":0,"menu_order":0,"comment_status":"closed","ping_status":"closed","template":"","meta":{"_exactmetrics_skip_tracking":false,"_exactmetrics_sitenote_active":false,"_exactmetrics_sitenote_note":"","_exactmetrics_sitenote_category":0,"ngg_post_thumbnail":0,"jetpack_post_was_ever_published":false,"footnotes":""},"class_list":["post-4721","page","type-page","status-publish","hentry"],"yoast_head":"<!-- This site is optimized with the Yoast SEO plugin v27.3 - https:\/\/yoast.com\/product\/yoast-seo-wordpress\/ -->\n<title>September und Oktober - Erhardt Stiefel&#039;s Fundgrube<\/title>\n<meta name=\"robots\" content=\"index, follow, max-snippet:-1, max-image-preview:large, max-video-preview:-1\" \/>\n<link rel=\"canonical\" href=\"https:\/\/erhardt-stiefel.de\/index.php\/september-und-oktober\/\" \/>\n<meta property=\"og:locale\" content=\"de_DE\" \/>\n<meta property=\"og:type\" content=\"article\" \/>\n<meta property=\"og:title\" content=\"September und Oktober - Erhardt Stiefel&#039;s Fundgrube\" \/>\n<meta property=\"og:description\" content=\"September Oktober 01. Vor allen Dingen zuerst &#8230; 02. Auf Kurs bleiben 03. Verloren, aber wertvoll 04. Eine gro\u00dfartige Chance 05. Br\u00fccken bauen statt Mauern ziehen 06. Ein gesundes Augenma\u00df 07. Au\u00dfergew\u00f6hnliches wagen 08. Liebe gibt niemals auf 09. Zwar allein, aber treu 10. Nicht jeder Versuch gelingt 11. Geliebt und gehasst 12. Die Herausforderung &hellip; \u201eSeptember und Oktober\u201c weiterlesen\" \/>\n<meta property=\"og:url\" content=\"https:\/\/erhardt-stiefel.de\/index.php\/september-und-oktober\/\" \/>\n<meta property=\"og:site_name\" content=\"Erhardt Stiefel&#039;s Fundgrube\" \/>\n<meta property=\"article:modified_time\" content=\"2025-10-29T07:26:26+00:00\" \/>\n<meta name=\"twitter:card\" content=\"summary_large_image\" \/>\n<meta name=\"twitter:label1\" content=\"Gesch\u00e4tzte Lesezeit\" \/>\n\t<meta name=\"twitter:data1\" content=\"2\u00a0Minuten\" \/>\n<script type=\"application\/ld+json\" class=\"yoast-schema-graph\">{\"@context\":\"https:\\\/\\\/schema.org\",\"@graph\":[{\"@type\":\"WebPage\",\"@id\":\"https:\\\/\\\/erhardt-stiefel.de\\\/index.php\\\/september-und-oktober\\\/\",\"url\":\"https:\\\/\\\/erhardt-stiefel.de\\\/index.php\\\/september-und-oktober\\\/\",\"name\":\"September und Oktober - Erhardt Stiefel&#039;s Fundgrube\",\"isPartOf\":{\"@id\":\"https:\\\/\\\/erhardt-stiefel.de\\\/#website\"},\"datePublished\":\"2021-09-01T06:29:01+00:00\",\"dateModified\":\"2025-10-29T07:26:26+00:00\",\"breadcrumb\":{\"@id\":\"https:\\\/\\\/erhardt-stiefel.de\\\/index.php\\\/september-und-oktober\\\/#breadcrumb\"},\"inLanguage\":\"de\",\"potentialAction\":[{\"@type\":\"ReadAction\",\"target\":[\"https:\\\/\\\/erhardt-stiefel.de\\\/index.php\\\/september-und-oktober\\\/\"]}]},{\"@type\":\"BreadcrumbList\",\"@id\":\"https:\\\/\\\/erhardt-stiefel.de\\\/index.php\\\/september-und-oktober\\\/#breadcrumb\",\"itemListElement\":[{\"@type\":\"ListItem\",\"position\":1,\"name\":\"Home\",\"item\":\"https:\\\/\\\/erhardt-stiefel.de\\\/\"},{\"@type\":\"ListItem\",\"position\":2,\"name\":\"September und Oktober\"}]},{\"@type\":\"WebSite\",\"@id\":\"https:\\\/\\\/erhardt-stiefel.de\\\/#website\",\"url\":\"https:\\\/\\\/erhardt-stiefel.de\\\/\",\"name\":\"Erhardt Stiefel&#039;s Fundgrube\",\"description\":\"Erfahrungen mit CMS, Genealogie, Gott und der Welt - die ich sehr gerne mit dir teilen w\u00fcrde\",\"potentialAction\":[{\"@type\":\"SearchAction\",\"target\":{\"@type\":\"EntryPoint\",\"urlTemplate\":\"https:\\\/\\\/erhardt-stiefel.de\\\/?s={search_term_string}\"},\"query-input\":{\"@type\":\"PropertyValueSpecification\",\"valueRequired\":true,\"valueName\":\"search_term_string\"}}],\"inLanguage\":\"de\"}]}<\/script>\n<!-- \/ Yoast SEO plugin. -->","yoast_head_json":{"title":"September und Oktober - Erhardt Stiefel&#039;s Fundgrube","robots":{"index":"index","follow":"follow","max-snippet":"max-snippet:-1","max-image-preview":"max-image-preview:large","max-video-preview":"max-video-preview:-1"},"canonical":"https:\/\/erhardt-stiefel.de\/index.php\/september-und-oktober\/","og_locale":"de_DE","og_type":"article","og_title":"September und Oktober - Erhardt Stiefel&#039;s Fundgrube","og_description":"September Oktober 01. Vor allen Dingen zuerst &#8230; 02. Auf Kurs bleiben 03. Verloren, aber wertvoll 04. Eine gro\u00dfartige Chance 05. Br\u00fccken bauen statt Mauern ziehen 06. Ein gesundes Augenma\u00df 07. Au\u00dfergew\u00f6hnliches wagen 08. Liebe gibt niemals auf 09. Zwar allein, aber treu 10. Nicht jeder Versuch gelingt 11. Geliebt und gehasst 12. Die Herausforderung &hellip; \u201eSeptember und Oktober\u201c weiterlesen","og_url":"https:\/\/erhardt-stiefel.de\/index.php\/september-und-oktober\/","og_site_name":"Erhardt Stiefel&#039;s Fundgrube","article_modified_time":"2025-10-29T07:26:26+00:00","twitter_card":"summary_large_image","twitter_misc":{"Gesch\u00e4tzte Lesezeit":"2\u00a0Minuten"},"schema":{"@context":"https:\/\/schema.org","@graph":[{"@type":"WebPage","@id":"https:\/\/erhardt-stiefel.de\/index.php\/september-und-oktober\/","url":"https:\/\/erhardt-stiefel.de\/index.php\/september-und-oktober\/","name":"September und Oktober - Erhardt Stiefel&#039;s Fundgrube","isPartOf":{"@id":"https:\/\/erhardt-stiefel.de\/#website"},"datePublished":"2021-09-01T06:29:01+00:00","dateModified":"2025-10-29T07:26:26+00:00","breadcrumb":{"@id":"https:\/\/erhardt-stiefel.de\/index.php\/september-und-oktober\/#breadcrumb"},"inLanguage":"de","potentialAction":[{"@type":"ReadAction","target":["https:\/\/erhardt-stiefel.de\/index.php\/september-und-oktober\/"]}]},{"@type":"BreadcrumbList","@id":"https:\/\/erhardt-stiefel.de\/index.php\/september-und-oktober\/#breadcrumb","itemListElement":[{"@type":"ListItem","position":1,"name":"Home","item":"https:\/\/erhardt-stiefel.de\/"},{"@type":"ListItem","position":2,"name":"September und Oktober"}]},{"@type":"WebSite","@id":"https:\/\/erhardt-stiefel.de\/#website","url":"https:\/\/erhardt-stiefel.de\/","name":"Erhardt Stiefel&#039;s Fundgrube","description":"Erfahrungen mit CMS, Genealogie, Gott und der Welt - die ich sehr gerne mit dir teilen w\u00fcrde","potentialAction":[{"@type":"SearchAction","target":{"@type":"EntryPoint","urlTemplate":"https:\/\/erhardt-stiefel.de\/?s={search_term_string}"},"query-input":{"@type":"PropertyValueSpecification","valueRequired":true,"valueName":"search_term_string"}}],"inLanguage":"de"}]}},"jetpack_sharing_enabled":true,"jetpack_shortlink":"https:\/\/wp.me\/PaRlFh-1e9","_links":{"self":[{"href":"https:\/\/erhardt-stiefel.de\/index.php\/wp-json\/wp\/v2\/pages\/4721","targetHints":{"allow":["GET"]}}],"collection":[{"href":"https:\/\/erhardt-stiefel.de\/index.php\/wp-json\/wp\/v2\/pages"}],"about":[{"href":"https:\/\/erhardt-stiefel.de\/index.php\/wp-json\/wp\/v2\/types\/page"}],"author":[{"embeddable":true,"href":"https:\/\/erhardt-stiefel.de\/index.php\/wp-json\/wp\/v2\/users\/1"}],"replies":[{"embeddable":true,"href":"https:\/\/erhardt-stiefel.de\/index.php\/wp-json\/wp\/v2\/comments?post=4721"}],"version-history":[{"count":302,"href":"https:\/\/erhardt-stiefel.de\/index.php\/wp-json\/wp\/v2\/pages\/4721\/revisions"}],"predecessor-version":[{"id":10640,"href":"https:\/\/erhardt-stiefel.de\/index.php\/wp-json\/wp\/v2\/pages\/4721\/revisions\/10640"}],"wp:attachment":[{"href":"https:\/\/erhardt-stiefel.de\/index.php\/wp-json\/wp\/v2\/media?parent=4721"}],"curies":[{"name":"wp","href":"https:\/\/api.w.org\/{rel}","templated":true}]}}