{"id":48,"date":"2019-04-01T14:46:15","date_gmt":"2019-04-01T14:46:15","guid":{"rendered":"https:\/\/erhardt-stiefel.de\/wp\/?page_id=48"},"modified":"2023-01-31T12:14:50","modified_gmt":"2023-01-31T11:14:50","slug":"herzlich-willkommen","status":"publish","type":"page","link":"https:\/\/erhardt-stiefel.de\/","title":{"rendered":""},"content":{"rendered":"<h1><strong><span style=\"color: #0000ff;\">Willkommen in meiner Fundgrube<br \/>\n<\/span><\/strong><\/h1>\n<p>Auch wenn Sie nur zuf\u00e4llig hier gelandet sind: <strong><span style=\"color: #0000ff;\">Sie sind herzlich willkommen!<\/span><\/strong><\/p>\n<p>Schauen Sie sich gerne neugierig um. Dr\u00fccken Sie aber bitte ein Auge zu, wenn es in meiner <strong>Fundgrube<\/strong> noch wie auf einer Baustelle aussieht. Ich bin immer noch dabei Material und Werkzeuge zu sammeln und bereit zu stellen, damit sie beim Sch\u00fcrfen und Graben f\u00fcndig werden k\u00f6nnen.<\/p>\n<p>Vor vier&nbsp; Jahren &#8211; genau am 01.04.2019 &#8211; begann ich mit dem Aufbau dieser website, die ich heute, am 22.03.2021 &#8211; auch auf Anraten von Freunden &#8211; in <strong>Fundgrube<\/strong> umbenannte. Damals nannte ich sie <strong>Spielwiese<\/strong>, weil ich meinen Spa\u00df bei der Erforschung des CMS Word Press hatte und meine Arbeit mehr als Spiel betrachtete. Nun sagten meine Freunde, dass der Inhalt inzwischen zu einer <strong>Fundgrube<\/strong> geworden ist. Danke f\u00fcr die Anerkennung!<\/p>\n<p>Damit die <strong>Fundgrube<\/strong> ihren neuen Namen verdient, bitte ich den f\u00fcndig gewordenen Leser (in diesem Monat waren bereits 551 Schatzsucher zu Gast) um eine kurze ermutigende R\u00fcckmeldung. Falls du die t\u00e4gliche Adler-Botschaft abonniert hast, w\u00fcrden wir (der Evangelist und der Programmierer) uns auch \u00fcber einen Kommentar freuen, der die anderen Leser inspiriert.<\/p>\n<p>Ob sie die <strong>Fundgrube<\/strong> nun zuf\u00e4llig fanden, oder ob ich dich &#8222;irgendwie&#8220; eingeladen habe, &#8211; das \u201c<span style=\"color: #0000ff;\"><strong>Herzlich Willkommen<\/strong><\/span>\u201d gilt nat\u00fcrlich jedem.<br \/>\nAber an alle (nochmals) die Bitte:&nbsp; Teilt mir doch &#8222;irgendwie&#8220; mit, was eurer Meinung nach unbedingt verbessert werden muss, was ihr vermisst, was ihr hier nur m\u00fchsam oder gar nicht gefunden habt oder &#8211; was ihr bef\u00fcrchtet.<\/p>\n<p>Aber auch wenn euch etwas gef\u00e4llt w\u00fcrde ich mich \u00fcber eine Nachricht freuen. Ich beantworte jede Anfrage und jeden Kommentar.<\/p>\n<p>Wenn du <strong>unsicher<\/strong> bist, ob du hier <strong>sicher<\/strong> weiter &#8218;graben&#8216; kannst, oder ob diese&nbsp; Seite eventuell etwas von dir ohne deine Zustimmung speichert, dann lies doch bitte zuerst mal meine<\/p>\n<p><span style=\"color: #3366ff;\"><a style=\"color: #3366ff;\" href=\"https:\/\/erhardt-stiefel.de\/index.php\/privacy-policy\/\" target=\"_blank\" rel=\"noopener noreferrer\">Datenschutzerkl\u00e4rung<\/a><\/span><\/p>\n","protected":false},"excerpt":{"rendered":"<p>Willkommen in meiner Fundgrube Auch wenn Sie nur zuf\u00e4llig hier gelandet sind: Sie sind herzlich willkommen! Schauen Sie sich gerne neugierig um. Dr\u00fccken Sie aber bitte ein Auge zu, wenn es in meiner Fundgrube noch wie auf einer Baustelle aussieht. Ich bin immer noch dabei Material und Werkzeuge zu sammeln und bereit zu stellen, damit &hellip; <\/p>\n<p class=\"link-more\"><a href=\"https:\/\/erhardt-stiefel.de\/\" class=\"more-link\"><span class=\"screen-reader-text\">\u201e\u201c<\/span> weiterlesen<\/a><\/p>\n","protected":false},"author":1,"featured_media":0,"parent":0,"menu_order":0,"comment_status":"closed","ping_status":"closed","template":"","meta":{"_exactmetrics_skip_tracking":false,"_exactmetrics_sitenote_active":false,"_exactmetrics_sitenote_note":"","_exactmetrics_sitenote_category":0,"ngg_post_thumbnail":0,"jetpack_post_was_ever_published":false,"footnotes":""},"class_list":["post-48","page","type-page","status-publish","hentry"],"yoast_head":"<!-- This site is optimized with the Yoast SEO plugin v27.5 - https:\/\/yoast.com\/product\/yoast-seo-wordpress\/ -->\n<title>- Erhardt Stiefel&#039;s Fundgrube<\/title>\n<meta name=\"robots\" content=\"index, follow, max-snippet:-1, max-image-preview:large, max-video-preview:-1\" \/>\n<link rel=\"canonical\" href=\"https:\/\/erhardt-stiefel.de\/\" \/>\n<meta property=\"og:locale\" content=\"de_DE\" \/>\n<meta property=\"og:type\" content=\"article\" \/>\n<meta property=\"og:title\" content=\"- Erhardt Stiefel&#039;s Fundgrube\" \/>\n<meta property=\"og:description\" content=\"Willkommen in meiner Fundgrube Auch wenn Sie nur zuf\u00e4llig hier gelandet sind: Sie sind herzlich willkommen! Schauen Sie sich gerne neugierig um. Dr\u00fccken Sie aber bitte ein Auge zu, wenn es in meiner Fundgrube noch wie auf einer Baustelle aussieht. Ich bin immer noch dabei Material und Werkzeuge zu sammeln und bereit zu stellen, damit &hellip; \u201e\u201c weiterlesen\" \/>\n<meta property=\"og:url\" content=\"https:\/\/erhardt-stiefel.de\/\" \/>\n<meta property=\"og:site_name\" content=\"Erhardt Stiefel&#039;s Fundgrube\" \/>\n<meta property=\"article:modified_time\" content=\"2023-01-31T11:14:50+00:00\" \/>\n<meta name=\"twitter:card\" content=\"summary_large_image\" \/>\n<meta name=\"twitter:label1\" content=\"Gesch\u00e4tzte Lesezeit\" \/>\n\t<meta name=\"twitter:data1\" content=\"2\u00a0Minuten\" \/>\n<script type=\"application\/ld+json\" class=\"yoast-schema-graph\">{\"@context\":\"https:\\\/\\\/schema.org\",\"@graph\":[{\"@type\":\"WebPage\",\"@id\":\"https:\\\/\\\/erhardt-stiefel.de\\\/\",\"url\":\"https:\\\/\\\/erhardt-stiefel.de\\\/\",\"name\":\"- Erhardt Stiefel&#039;s Fundgrube\",\"isPartOf\":{\"@id\":\"https:\\\/\\\/erhardt-stiefel.de\\\/#website\"},\"datePublished\":\"2019-04-01T14:46:15+00:00\",\"dateModified\":\"2023-01-31T11:14:50+00:00\",\"inLanguage\":\"de\",\"potentialAction\":[{\"@type\":\"ReadAction\",\"target\":[\"https:\\\/\\\/erhardt-stiefel.de\\\/\"]}]},{\"@type\":\"WebSite\",\"@id\":\"https:\\\/\\\/erhardt-stiefel.de\\\/#website\",\"url\":\"https:\\\/\\\/erhardt-stiefel.de\\\/\",\"name\":\"Erhardt Stiefel&#039;s Fundgrube\",\"description\":\"Erfahrungen mit CMS, Genealogie, Gott und der Welt - die ich sehr gerne mit dir teilen w\u00fcrde\",\"potentialAction\":[{\"@type\":\"SearchAction\",\"target\":{\"@type\":\"EntryPoint\",\"urlTemplate\":\"https:\\\/\\\/erhardt-stiefel.de\\\/?s={search_term_string}\"},\"query-input\":{\"@type\":\"PropertyValueSpecification\",\"valueRequired\":true,\"valueName\":\"search_term_string\"}}],\"inLanguage\":\"de\"}]}<\/script>\n<!-- \/ Yoast SEO plugin. -->","yoast_head_json":{"title":"- Erhardt Stiefel&#039;s Fundgrube","robots":{"index":"index","follow":"follow","max-snippet":"max-snippet:-1","max-image-preview":"max-image-preview:large","max-video-preview":"max-video-preview:-1"},"canonical":"https:\/\/erhardt-stiefel.de\/","og_locale":"de_DE","og_type":"article","og_title":"- Erhardt Stiefel&#039;s Fundgrube","og_description":"Willkommen in meiner Fundgrube Auch wenn Sie nur zuf\u00e4llig hier gelandet sind: Sie sind herzlich willkommen! Schauen Sie sich gerne neugierig um. Dr\u00fccken Sie aber bitte ein Auge zu, wenn es in meiner Fundgrube noch wie auf einer Baustelle aussieht. Ich bin immer noch dabei Material und Werkzeuge zu sammeln und bereit zu stellen, damit &hellip; \u201e\u201c weiterlesen","og_url":"https:\/\/erhardt-stiefel.de\/","og_site_name":"Erhardt Stiefel&#039;s Fundgrube","article_modified_time":"2023-01-31T11:14:50+00:00","twitter_card":"summary_large_image","twitter_misc":{"Gesch\u00e4tzte Lesezeit":"2\u00a0Minuten"},"schema":{"@context":"https:\/\/schema.org","@graph":[{"@type":"WebPage","@id":"https:\/\/erhardt-stiefel.de\/","url":"https:\/\/erhardt-stiefel.de\/","name":"- Erhardt Stiefel&#039;s Fundgrube","isPartOf":{"@id":"https:\/\/erhardt-stiefel.de\/#website"},"datePublished":"2019-04-01T14:46:15+00:00","dateModified":"2023-01-31T11:14:50+00:00","inLanguage":"de","potentialAction":[{"@type":"ReadAction","target":["https:\/\/erhardt-stiefel.de\/"]}]},{"@type":"WebSite","@id":"https:\/\/erhardt-stiefel.de\/#website","url":"https:\/\/erhardt-stiefel.de\/","name":"Erhardt Stiefel&#039;s Fundgrube","description":"Erfahrungen mit CMS, Genealogie, Gott und der Welt - die ich sehr gerne mit dir teilen w\u00fcrde","potentialAction":[{"@type":"SearchAction","target":{"@type":"EntryPoint","urlTemplate":"https:\/\/erhardt-stiefel.de\/?s={search_term_string}"},"query-input":{"@type":"PropertyValueSpecification","valueRequired":true,"valueName":"search_term_string"}}],"inLanguage":"de"}]}},"jetpack_sharing_enabled":true,"jetpack_shortlink":"https:\/\/wp.me\/PaRlFh-M","_links":{"self":[{"href":"https:\/\/erhardt-stiefel.de\/index.php\/wp-json\/wp\/v2\/pages\/48","targetHints":{"allow":["GET"]}}],"collection":[{"href":"https:\/\/erhardt-stiefel.de\/index.php\/wp-json\/wp\/v2\/pages"}],"about":[{"href":"https:\/\/erhardt-stiefel.de\/index.php\/wp-json\/wp\/v2\/types\/page"}],"author":[{"embeddable":true,"href":"https:\/\/erhardt-stiefel.de\/index.php\/wp-json\/wp\/v2\/users\/1"}],"replies":[{"embeddable":true,"href":"https:\/\/erhardt-stiefel.de\/index.php\/wp-json\/wp\/v2\/comments?post=48"}],"version-history":[{"count":34,"href":"https:\/\/erhardt-stiefel.de\/index.php\/wp-json\/wp\/v2\/pages\/48\/revisions"}],"predecessor-version":[{"id":7359,"href":"https:\/\/erhardt-stiefel.de\/index.php\/wp-json\/wp\/v2\/pages\/48\/revisions\/7359"}],"wp:attachment":[{"href":"https:\/\/erhardt-stiefel.de\/index.php\/wp-json\/wp\/v2\/media?parent=48"}],"curies":[{"name":"wp","href":"https:\/\/api.w.org\/{rel}","templated":true}]}}