{"id":693,"date":"2019-04-22T15:42:12","date_gmt":"2019-04-22T15:42:12","guid":{"rendered":"https:\/\/erhardt-stiefel.de\/wp\/?page_id=693"},"modified":"2019-08-07T10:19:09","modified_gmt":"2019-08-07T10:19:09","slug":"erlebnisse-in-bildern","status":"publish","type":"page","link":"https:\/\/erhardt-stiefel.de\/index.php\/erlebnisse-in-bildern\/","title":{"rendered":"Reisen"},"content":{"rendered":"<p>Auf dieser Seite will ich meine\/unsere Dienst-, Gruppen-, Studien-, Urlaubs- oder sonstige Reisen in andere L\u00e4nder festhalten, damit sie mich\/uns durch Bilder und Anmerkungen an viele sch\u00f6ne Erlebnisse erinnern, &#8211; wenn wir einmal nicht mehr reisen k\u00f6nnen. Es soll ein Platz auf meiner Spielwiese werden, wo man gerne verweilt und nebenher sein Ged\u00e4chtnis trainieren kann.<br \/>\nUm Erfahrung mit dem Bildverwaltungsprogramm <strong>NextGEN Gallery <\/strong>zu sammeln, werde ich verschiedene Varianten der Diashow zusammenstellen.<br \/>\nUm Kommentare lesen zu k\u00f6nnen, zun\u00e4chst auf ein Bild klicken und dann mit den Pfeilen navigieren.<\/p>\n<p><strong><span style=\"color: #3366ff;\"><a style=\"color: #3366ff;\" href=\"https:\/\/erhardt-stiefel.de\/index.php\/2003-philippinen\/\" target=\"_blank\" rel=\"noopener noreferrer\">2003 Philippinen<\/a><\/span><\/strong> \u2666 11.11.2003-10.02.2004 \u2666 Missionsreise \u2666 <span style=\"color: #3366ff;\"><strong><a style=\"color: #3366ff;\" href=\"https:\/\/erhardt-stiefel.de\/index.php\/2003-philippinen\/\" target=\"_blank\" rel=\"noopener noreferrer\">Tagebuch<\/a><\/strong><\/span>, <strong><span style=\"color: #3366ff;\"><a style=\"color: #3366ff;\" href=\"https:\/\/erhardt-stiefel.de\/index.php\/2003-banaue\/\">Banaue<\/a><\/span><\/strong>, <span style=\"color: #3366ff;\"><strong><a style=\"color: #3366ff;\" href=\"https:\/\/erhardt-stiefel.de\/index.php\/urlaubsreisen\/nggallery\/urlaubsreisen\/2003-San-Juan\">San Juan<\/a><\/strong><\/span>,<span style=\"color: #3366ff;\"><strong><a style=\"color: #3366ff;\" href=\"https:\/\/erhardt-stiefel.de\/index.php\/2004-domelife\/\" target=\"_blank\" rel=\"noopener noreferrer\"> Domelife<\/a><\/strong><\/span>, <strong><span style=\"color: #3366ff;\"><a style=\"color: #3366ff;\" href=\"https:\/\/erhardt-stiefel.de\/index.php\/2004-davao-und-mati\/\" target=\"_blank\" rel=\"noopener noreferrer\">Davao und Mati<\/a><\/span><\/strong>, <strong><span style=\"color: #3366ff;\"><a style=\"color: #3366ff;\" href=\"https:\/\/erhardt-stiefel.de\/index.php\/2004-makati-city\/\" target=\"_blank\" rel=\"noopener noreferrer\">Makati City<\/a><\/span><\/strong>,&nbsp; <strong><span style=\"color: #3366ff;\"><a style=\"color: #3366ff;\" href=\"https:\/\/erhardt-stiefel.de\/index.php\/urlaubsreisen\/nggallery\/urlaubsreisen\/Boracay\">Boracay<\/a><\/span><\/strong><span style=\"color: #ff0000;\"><br \/>\n<\/span><\/p>\n<p><strong><span style=\"color: #3366ff;\"><a style=\"color: #3366ff;\" href=\"https:\/\/erhardt-stiefel.de\/index.php\/studienreisen\/nggallery\/studienreisen\/2013-Griechenland\" target=\"_blank\" rel=\"noopener noreferrer\">2013 Griechenland<\/a><\/span><\/strong> \u2666 25.05.-01.06.2013 \u2666 Studienreise &#8222;Auf den Spuren des Paulus&#8220; mit Teilnehmern aus den Kichengemeinden Gro\u00dfglattbach und Iptingen<\/p>\n<p><strong><span style=\"color: #3366ff;\"><a style=\"color: #3366ff;\" href=\"https:\/\/erhardt-stiefel.de\/index.php\/studienreisen\/nggallery\/studienreisen\/2019-Toskana-1\" target=\"_blank\" rel=\"noopener noreferrer\">2019 Toskana<\/a><\/span><\/strong> \u2666 17.06.-24.06.2019 \u2666 Gemeindereise Florenz und Toskana mit Teilnehmern aus den Kichengemeinden Gro\u00dfglattbach und Iptingen.<\/p>\n<p><strong><span style=\"color: #3366ff;\"><a style=\"color: #3366ff;\" href=\"https:\/\/erhardt-stiefel.de\/index.php\/mittwochsgruppe\/bildergalerie\/\" target=\"_blank\" rel=\"noopener noreferrer\">2019 Mittwochsgruppe<\/a><\/span><\/strong> \u2666 01.01.2001 &#8211; bis heute \u2666 Ausfl\u00fcge \u2666 Gruppenbilder<\/p>\n","protected":false},"excerpt":{"rendered":"<p>Auf dieser Seite will ich meine\/unsere Dienst-, Gruppen-, Studien-, Urlaubs- oder sonstige Reisen in andere L\u00e4nder festhalten, damit sie mich\/uns durch Bilder und Anmerkungen an viele sch\u00f6ne Erlebnisse erinnern, &#8211; wenn wir einmal nicht mehr reisen k\u00f6nnen. Es soll ein Platz auf meiner Spielwiese werden, wo man gerne verweilt und nebenher sein Ged\u00e4chtnis trainieren kann. &hellip; <\/p>\n<p class=\"link-more\"><a href=\"https:\/\/erhardt-stiefel.de\/index.php\/erlebnisse-in-bildern\/\" class=\"more-link\"><span class=\"screen-reader-text\">\u201eReisen\u201c<\/span> weiterlesen<\/a><\/p>\n","protected":false},"author":1,"featured_media":0,"parent":0,"menu_order":0,"comment_status":"closed","ping_status":"closed","template":"","meta":{"_exactmetrics_skip_tracking":false,"_exactmetrics_sitenote_active":false,"_exactmetrics_sitenote_note":"","_exactmetrics_sitenote_category":0,"ngg_post_thumbnail":0,"jetpack_post_was_ever_published":false,"footnotes":""},"class_list":["post-693","page","type-page","status-publish","hentry"],"yoast_head":"<!-- This site is optimized with the Yoast SEO plugin v27.3 - https:\/\/yoast.com\/product\/yoast-seo-wordpress\/ -->\n<title>Reisen - Erhardt Stiefel&#039;s Fundgrube<\/title>\n<meta name=\"robots\" content=\"index, follow, max-snippet:-1, max-image-preview:large, max-video-preview:-1\" \/>\n<link rel=\"canonical\" href=\"https:\/\/erhardt-stiefel.de\/index.php\/erlebnisse-in-bildern\/\" \/>\n<meta property=\"og:locale\" content=\"de_DE\" \/>\n<meta property=\"og:type\" content=\"article\" \/>\n<meta property=\"og:title\" content=\"Reisen - Erhardt Stiefel&#039;s Fundgrube\" \/>\n<meta property=\"og:description\" content=\"Auf dieser Seite will ich meine\/unsere Dienst-, Gruppen-, Studien-, Urlaubs- oder sonstige Reisen in andere L\u00e4nder festhalten, damit sie mich\/uns durch Bilder und Anmerkungen an viele sch\u00f6ne Erlebnisse erinnern, &#8211; wenn wir einmal nicht mehr reisen k\u00f6nnen. Es soll ein Platz auf meiner Spielwiese werden, wo man gerne verweilt und nebenher sein Ged\u00e4chtnis trainieren kann. &hellip; \u201eReisen\u201c weiterlesen\" \/>\n<meta property=\"og:url\" content=\"https:\/\/erhardt-stiefel.de\/index.php\/erlebnisse-in-bildern\/\" \/>\n<meta property=\"og:site_name\" content=\"Erhardt Stiefel&#039;s Fundgrube\" \/>\n<meta property=\"article:modified_time\" content=\"2019-08-07T10:19:09+00:00\" \/>\n<meta name=\"twitter:card\" content=\"summary_large_image\" \/>\n<meta name=\"twitter:label1\" content=\"Gesch\u00e4tzte Lesezeit\" \/>\n\t<meta name=\"twitter:data1\" content=\"1\u00a0Minute\" \/>\n<script type=\"application\/ld+json\" class=\"yoast-schema-graph\">{\"@context\":\"https:\\\/\\\/schema.org\",\"@graph\":[{\"@type\":\"WebPage\",\"@id\":\"https:\\\/\\\/erhardt-stiefel.de\\\/index.php\\\/erlebnisse-in-bildern\\\/\",\"url\":\"https:\\\/\\\/erhardt-stiefel.de\\\/index.php\\\/erlebnisse-in-bildern\\\/\",\"name\":\"Reisen - Erhardt Stiefel&#039;s Fundgrube\",\"isPartOf\":{\"@id\":\"https:\\\/\\\/erhardt-stiefel.de\\\/#website\"},\"datePublished\":\"2019-04-22T15:42:12+00:00\",\"dateModified\":\"2019-08-07T10:19:09+00:00\",\"breadcrumb\":{\"@id\":\"https:\\\/\\\/erhardt-stiefel.de\\\/index.php\\\/erlebnisse-in-bildern\\\/#breadcrumb\"},\"inLanguage\":\"de\",\"potentialAction\":[{\"@type\":\"ReadAction\",\"target\":[\"https:\\\/\\\/erhardt-stiefel.de\\\/index.php\\\/erlebnisse-in-bildern\\\/\"]}]},{\"@type\":\"BreadcrumbList\",\"@id\":\"https:\\\/\\\/erhardt-stiefel.de\\\/index.php\\\/erlebnisse-in-bildern\\\/#breadcrumb\",\"itemListElement\":[{\"@type\":\"ListItem\",\"position\":1,\"name\":\"Home\",\"item\":\"https:\\\/\\\/erhardt-stiefel.de\\\/\"},{\"@type\":\"ListItem\",\"position\":2,\"name\":\"Reisen\"}]},{\"@type\":\"WebSite\",\"@id\":\"https:\\\/\\\/erhardt-stiefel.de\\\/#website\",\"url\":\"https:\\\/\\\/erhardt-stiefel.de\\\/\",\"name\":\"Erhardt Stiefel&#039;s Fundgrube\",\"description\":\"Erfahrungen mit CMS, Genealogie, Gott und der Welt - die ich sehr gerne mit dir teilen w\u00fcrde\",\"potentialAction\":[{\"@type\":\"SearchAction\",\"target\":{\"@type\":\"EntryPoint\",\"urlTemplate\":\"https:\\\/\\\/erhardt-stiefel.de\\\/?s={search_term_string}\"},\"query-input\":{\"@type\":\"PropertyValueSpecification\",\"valueRequired\":true,\"valueName\":\"search_term_string\"}}],\"inLanguage\":\"de\"}]}<\/script>\n<!-- \/ Yoast SEO plugin. -->","yoast_head_json":{"title":"Reisen - Erhardt Stiefel&#039;s Fundgrube","robots":{"index":"index","follow":"follow","max-snippet":"max-snippet:-1","max-image-preview":"max-image-preview:large","max-video-preview":"max-video-preview:-1"},"canonical":"https:\/\/erhardt-stiefel.de\/index.php\/erlebnisse-in-bildern\/","og_locale":"de_DE","og_type":"article","og_title":"Reisen - Erhardt Stiefel&#039;s Fundgrube","og_description":"Auf dieser Seite will ich meine\/unsere Dienst-, Gruppen-, Studien-, Urlaubs- oder sonstige Reisen in andere L\u00e4nder festhalten, damit sie mich\/uns durch Bilder und Anmerkungen an viele sch\u00f6ne Erlebnisse erinnern, &#8211; wenn wir einmal nicht mehr reisen k\u00f6nnen. Es soll ein Platz auf meiner Spielwiese werden, wo man gerne verweilt und nebenher sein Ged\u00e4chtnis trainieren kann. &hellip; \u201eReisen\u201c weiterlesen","og_url":"https:\/\/erhardt-stiefel.de\/index.php\/erlebnisse-in-bildern\/","og_site_name":"Erhardt Stiefel&#039;s Fundgrube","article_modified_time":"2019-08-07T10:19:09+00:00","twitter_card":"summary_large_image","twitter_misc":{"Gesch\u00e4tzte Lesezeit":"1\u00a0Minute"},"schema":{"@context":"https:\/\/schema.org","@graph":[{"@type":"WebPage","@id":"https:\/\/erhardt-stiefel.de\/index.php\/erlebnisse-in-bildern\/","url":"https:\/\/erhardt-stiefel.de\/index.php\/erlebnisse-in-bildern\/","name":"Reisen - Erhardt Stiefel&#039;s Fundgrube","isPartOf":{"@id":"https:\/\/erhardt-stiefel.de\/#website"},"datePublished":"2019-04-22T15:42:12+00:00","dateModified":"2019-08-07T10:19:09+00:00","breadcrumb":{"@id":"https:\/\/erhardt-stiefel.de\/index.php\/erlebnisse-in-bildern\/#breadcrumb"},"inLanguage":"de","potentialAction":[{"@type":"ReadAction","target":["https:\/\/erhardt-stiefel.de\/index.php\/erlebnisse-in-bildern\/"]}]},{"@type":"BreadcrumbList","@id":"https:\/\/erhardt-stiefel.de\/index.php\/erlebnisse-in-bildern\/#breadcrumb","itemListElement":[{"@type":"ListItem","position":1,"name":"Home","item":"https:\/\/erhardt-stiefel.de\/"},{"@type":"ListItem","position":2,"name":"Reisen"}]},{"@type":"WebSite","@id":"https:\/\/erhardt-stiefel.de\/#website","url":"https:\/\/erhardt-stiefel.de\/","name":"Erhardt Stiefel&#039;s Fundgrube","description":"Erfahrungen mit CMS, Genealogie, Gott und der Welt - die ich sehr gerne mit dir teilen w\u00fcrde","potentialAction":[{"@type":"SearchAction","target":{"@type":"EntryPoint","urlTemplate":"https:\/\/erhardt-stiefel.de\/?s={search_term_string}"},"query-input":{"@type":"PropertyValueSpecification","valueRequired":true,"valueName":"search_term_string"}}],"inLanguage":"de"}]}},"jetpack_sharing_enabled":true,"jetpack_shortlink":"https:\/\/wp.me\/PaRlFh-bb","_links":{"self":[{"href":"https:\/\/erhardt-stiefel.de\/index.php\/wp-json\/wp\/v2\/pages\/693","targetHints":{"allow":["GET"]}}],"collection":[{"href":"https:\/\/erhardt-stiefel.de\/index.php\/wp-json\/wp\/v2\/pages"}],"about":[{"href":"https:\/\/erhardt-stiefel.de\/index.php\/wp-json\/wp\/v2\/types\/page"}],"author":[{"embeddable":true,"href":"https:\/\/erhardt-stiefel.de\/index.php\/wp-json\/wp\/v2\/users\/1"}],"replies":[{"embeddable":true,"href":"https:\/\/erhardt-stiefel.de\/index.php\/wp-json\/wp\/v2\/comments?post=693"}],"version-history":[{"count":36,"href":"https:\/\/erhardt-stiefel.de\/index.php\/wp-json\/wp\/v2\/pages\/693\/revisions"}],"predecessor-version":[{"id":1854,"href":"https:\/\/erhardt-stiefel.de\/index.php\/wp-json\/wp\/v2\/pages\/693\/revisions\/1854"}],"wp:attachment":[{"href":"https:\/\/erhardt-stiefel.de\/index.php\/wp-json\/wp\/v2\/media?parent=693"}],"curies":[{"name":"wp","href":"https:\/\/api.w.org\/{rel}","templated":true}]}}