{"id":73,"date":"2019-04-02T11:35:06","date_gmt":"2019-04-02T11:35:06","guid":{"rendered":"https:\/\/erhardt-stiefel.de\/wp\/?page_id=73"},"modified":"2019-06-02T15:23:57","modified_gmt":"2019-06-02T15:23:57","slug":"genopro-stammbaum-seite","status":"publish","type":"page","link":"https:\/\/erhardt-stiefel.de\/index.php\/genealogie\/genopro-stammbaum-seite\/","title":{"rendered":"GenoPro"},"content":{"rendered":"<h1><span style=\"color: #3366ff;\">Die GenoPro Stammbaum Seiten<\/span><\/h1>\n<p>Es gibt zwei Varianten unserer mit GenoPro erstellten Stammbaum Seiten:<\/p>\n<p>Die&nbsp;<span style=\"color: #3366ff;\"><b><a style=\"color: #3366ff;\" href=\"http:\/\/www.erhardt-stiefel.de\/stammbaum\/intro_d\/default.htm\" target=\"_blank\" rel=\"noopener noreferrer\"> offene Version<\/a><\/b><\/span> enth\u00e4lt die Namen aller bereits von mir erfassten Donauschwaben und ihrer Nachkommen ohne detaillierte Informationen.<br \/>\nSie wird f\u00fcr die Nachkommen der Auswanderer des 18.Jahrh. gepflegt, die im Internet nach ihrem Namen suchen und dadurch (hoffentlich) meine Sammlung finden.<\/p>\n<p>Die&nbsp;<span style=\"color: #3366ff;\"><b><a style=\"color: #3366ff;\" href=\"http:\/\/www.erhardt-stiefel.de\/stammbaum\/deutsch\/default.htm\" target=\"_blank\" rel=\"noopener noreferrer\"> gesch\u00fctzte Version<\/a><\/b><\/span> enth\u00e4lt alle verf\u00fcgbaren Informationen. Sie wird aber <b>nur Verwandten<\/b> zug\u00e4nglich gemacht. Der Zugang wird nur nach sorgf\u00e4ltiger \u00dcberpr\u00fcfung des Verwandschaftsgrades erteilt!<\/p>\n<p><em>Die Zugangsberechtigung kannst du mit dem Kontaktformular (ganz am Ende dieser Seite) beantragen.<\/em><\/p>\n<h2><span style=\"color: #3366ff;\">Ein paar Tipps zu Beginn<\/span><\/h2>\n<p>Mit dieser Seite m\u00f6chte ich dich beim Einstieg in unsere Stammbaum Dokumentationen unterst\u00fctzen und dir einige Hinweise geben, die es dir leichter machen<\/p>\n<ul>\n<li>deine Familie &#8211; falls bereits vorhanden &#8211; zu finden<\/li>\n<li>dich in den verschiedenen Darstellungen der Seiten zurecht zu finden<\/li>\n<li>die Ahnenreihe deiner Familie bis zum &#8222;Anfang&#8220; zur\u00fcck zu verfolgen<\/li>\n<li>Personen aus deiner Verwandtschaft zu suchen<\/li>\n<li>zur Vervollst\u00e4ndigung meiner Dokumentation beizutragen<\/li>\n<\/ul>\n<h2><span style=\"color: #3366ff;\">Zuerst (D)einen Namen finden<\/span><\/h2>\n<p>Wenn du zu einer der Familien geh\u00f6rst, von denen ich mind. 100 Personen erfasst habe, kannst du hier direkt auf deinen Sippennamen klicken<\/p>\n<p><img loading=\"lazy\" decoding=\"async\" class=\"alignnone wp-image-287\" src=\"https:\/\/erhardt-stiefel.de\/wp\/wp-content\/uploads\/2019\/04\/Sippen-300x75.jpg\" alt=\"\" width=\"536\" height=\"134\" srcset=\"https:\/\/erhardt-stiefel.de\/wp-content\/uploads\/2019\/04\/Sippen-300x75.jpg 300w, https:\/\/erhardt-stiefel.de\/wp-content\/uploads\/2019\/04\/Sippen-768x191.jpg 768w, https:\/\/erhardt-stiefel.de\/wp-content\/uploads\/2019\/04\/Sippen.jpg 789w\" sizes=\"auto, (max-width: 536px) 100vw, 536px\" \/><\/p>\n<p>Falls du aber einen Ahnen oder deinen eigenen Namen suchst, klicke zun\u00e4chst auf das 3.Icon im Men\u00fc damit sich das Inhaltsverzeichnis aller Namen \u00f6ffnet.&nbsp; Danach auf den Anfangsbuchstaben deines Familiennamens klicken und dann bis zu deiner Familie und zum gesuchten Namen scrollen.<br \/>\nIm Beispiel habe ich Michael Stiefel gesucht.&nbsp;<\/p>\n<p>&nbsp;<img loading=\"lazy\" decoding=\"async\" class=\"alignnone wp-image-286\" src=\"https:\/\/erhardt-stiefel.de\/wp\/wp-content\/uploads\/2019\/04\/Namen.jpg\" alt=\"\" width=\"328\" height=\"322\">&nbsp;<\/p>\n<p>Bei den verstorbenen Personen wird das Geburtsdatum angezeigt, bei lebenden aus Datenschutzgr\u00fcnden nur der Name. Wenn mehrere Personen mit dem gleichen Namen angezeigt werden, musst du dir durch Anklicken die Vorfahren dazu anzeigen lassen.<\/p>\n<p><img loading=\"lazy\" decoding=\"async\" class=\"alignnone wp-image-289\" src=\"https:\/\/erhardt-stiefel.de\/wp\/wp-content\/uploads\/2019\/04\/Mast-300x257.jpg\" alt=\"\" width=\"327\" height=\"280\" srcset=\"https:\/\/erhardt-stiefel.de\/wp-content\/uploads\/2019\/04\/Mast-300x257.jpg 300w, https:\/\/erhardt-stiefel.de\/wp-content\/uploads\/2019\/04\/Mast.jpg 499w\" sizes=\"auto, (max-width: 327px) 100vw, 327px\" \/><\/p>\n<p>Um meine Verwandten zu finden, habe ich diese Form der Darstellung gew\u00e4hlt, die auch der DSGVO entspricht. Nun hoffe ich, dass sie im Internet nach ihrem Namen suchen und auf diese Seite sto\u00dfen.<\/p>\n<p>Wenn du bis hierher gelesen hast und wir noch keinen Kontakt hatten oder wenn du mir Erg\u00e4nzungen oder Korrekturen schickst freue ich mich. Danke!&nbsp;<\/p>\n<p>Zur Kontaktaufnahme oder Mitteilungen benutze bitte dieses Formular<br \/>\n<div class=\"wpforms-container wpforms-container-full\" id=\"wpforms-248\"><form id=\"wpforms-form-248\" class=\"wpforms-validate wpforms-form\" data-formid=\"248\" method=\"post\" enctype=\"multipart\/form-data\" action=\"\/index.php\/wp-json\/wp\/v2\/pages\/73\" data-token=\"27f52f3b519c1e7a06f65eab65a1c1e3\" data-token-time=\"1775999832\"><noscript class=\"wpforms-error-noscript\">Bitte aktivieren Sie JavaScript in Ihrem Browser, um dieses Formular fertigzustellen.<\/noscript><div class=\"wpforms-field-container\"><div id=\"wpforms-248-field_1-container\" class=\"wpforms-field wpforms-field-textarea\" data-field-id=\"1\"><label class=\"wpforms-field-label\" for=\"wpforms-248-field_1\">Einfache Anfrage, Legitimation oder Mitteilung zu meinen dokumentierten Familien <span class=\"wpforms-required-label\">*<\/span><\/label><textarea id=\"wpforms-248-field_1\" class=\"wpforms-field-medium wpforms-field-required\" name=\"wpforms[fields][1]\" required><\/textarea><div class=\"wpforms-field-description\">Bitte benutze dieses Formular um dich zu legitimieren, wenn du Zugang zu den gesch\u00fctzten Daten m\u00f6chtest. \r\nAber auch um mir neue Daten von deiner Familie, von Geburt- und Sterbef\u00e4llen oder irgendwelche Daten\u00e4nderungen zu melden. Einfach formlos in die Felder schreiben und abschicken. \u00dcbernommen werden: Vorname(n), Name, Geschlecht, Geburtstag und -ort, Todestag und -ort, erlernter und\/oder ausge\u00fcbter Beruf, Ort und Tag der Eheschliessung, aktueller Wohnort, Tel.Nr., email-adresse, homepage-adresse und sonstige Bemerkungen allgemeiner Art die f\u00fcr die Verwandtschaft von Interesse sein k\u00f6nnten. Bitte schicke mir Deine Bilder (beliebiges Format) in einer separaten mail.<\/div><\/div><div id=\"wpforms-248-field_2-container\" class=\"wpforms-field wpforms-field-name\" data-field-id=\"2\"><label class=\"wpforms-field-label\">Dein Name <span class=\"wpforms-required-label\">*<\/span><\/label><div class=\"wpforms-field-row wpforms-field-medium\"><div class=\"wpforms-field-row-block wpforms-first wpforms-one-half\"><input type=\"text\" id=\"wpforms-248-field_2\" class=\"wpforms-field-name-first wpforms-field-required\" name=\"wpforms[fields][2][first]\" required><label for=\"wpforms-248-field_2\" class=\"wpforms-field-sublabel after\">Vorname<\/label><\/div><div class=\"wpforms-field-row-block wpforms-one-half\"><input type=\"text\" id=\"wpforms-248-field_2-last\" class=\"wpforms-field-name-last wpforms-field-required\" name=\"wpforms[fields][2][last]\" required><label for=\"wpforms-248-field_2-last\" class=\"wpforms-field-sublabel after\">Nachname<\/label><\/div><\/div><\/div><div id=\"wpforms-248-field_3-container\" class=\"wpforms-field wpforms-field-email\" data-field-id=\"3\"><label class=\"wpforms-field-label\" for=\"wpforms-248-field_3\">Deine E-Mail <span class=\"wpforms-required-label\">*<\/span><\/label><input type=\"email\" id=\"wpforms-248-field_3\" class=\"wpforms-field-medium wpforms-field-required\" name=\"wpforms[fields][3]\" spellcheck=\"false\" required><\/div><div id=\"wpforms-248-field_6-container\" class=\"wpforms-field wpforms-field-text\" data-field-id=\"6\"><label class=\"wpforms-field-label\" for=\"wpforms-248-field_6\">Dein Vater<\/label><input type=\"text\" id=\"wpforms-248-field_6\" class=\"wpforms-field-medium\" name=\"wpforms[fields][6]\" ><div class=\"wpforms-field-description\">Bitte mit Geburtstag und ggf. Geburtsort<\/div><\/div><div id=\"wpforms-248-field_7-container\" class=\"wpforms-field wpforms-field-text\" data-field-id=\"7\"><label class=\"wpforms-field-label\" for=\"wpforms-248-field_7\">Deine Mutter <\/label><input type=\"text\" id=\"wpforms-248-field_7\" class=\"wpforms-field-medium\" name=\"wpforms[fields][7]\" ><div class=\"wpforms-field-description\">M\u00e4dchenname mit Geburtstag und ggf. Geburtsort<\/div><\/div><div id=\"wpforms-248-field_4-container\" class=\"wpforms-field wpforms-field-textarea\" data-field-id=\"4\"><label class=\"wpforms-field-label\" for=\"wpforms-248-field_4\">Deine Gro\u00dfeltern v\u00e4terlicherseits<\/label><textarea id=\"wpforms-248-field_4\" class=\"wpforms-field-medium\" name=\"wpforms[fields][4]\" ><\/textarea><div class=\"wpforms-field-description\">Namen, Geburtstage, Geburtsorte, ggf. Todestage, Sterbeorte<\/div><\/div><div id=\"wpforms-248-field_5-container\" class=\"wpforms-field wpforms-field-textarea\" data-field-id=\"5\"><label class=\"wpforms-field-label\" for=\"wpforms-248-field_5\">Deine Gro\u00dfeltern m\u00fctterlicherseits<\/label><textarea id=\"wpforms-248-field_5\" class=\"wpforms-field-medium\" name=\"wpforms[fields][5]\" ><\/textarea><div class=\"wpforms-field-description\">Namen, Geburtstage, Geburtsorte, ggf. Todestage, Sterbeorte<\/div><\/div><div id=\"wpforms-248-field_8-container\" class=\"wpforms-field wpforms-field-textarea\" data-field-id=\"8\"><label class=\"wpforms-field-label\" for=\"wpforms-248-field_8\">Sonstige Identifikations Informationen<\/label><textarea id=\"wpforms-248-field_8\" class=\"wpforms-field-medium\" name=\"wpforms[fields][8]\" ><\/textarea><div class=\"wpforms-field-description\">Bist du ein Nachkomme von Donauschwaben?\r\nZu welcher Familie oder Sippe geh\u00f6rst du?\r\nWei\u00dft du von welchem Ort in Jugoslawien deine Vorfahren vertrieben wurden?<\/div><\/div><\/div><!-- .wpforms-field-container --><div class=\"wpforms-field wpforms-field-hp\"><label for=\"wpforms-248-field-hp\" class=\"wpforms-field-label\">Name<\/label><input type=\"text\" name=\"wpforms[hp]\" id=\"wpforms-248-field-hp\" class=\"wpforms-field-medium\"><\/div><div class=\"wpforms-submit-container\" ><input type=\"hidden\" name=\"wpforms[id]\" value=\"248\"><input type=\"hidden\" name=\"page_title\" value=\"\"><input type=\"hidden\" name=\"page_url\" value=\"https:\/\/erhardt-stiefel.de\/index.php\/wp-json\/wp\/v2\/pages\/73\"><input type=\"hidden\" name=\"url_referer\" value=\"\"><button type=\"submit\" name=\"wpforms[submit]\" id=\"wpforms-submit-248\" class=\"wpforms-submit\" data-alt-text=\"Senden...\" data-submit-text=\"Absenden\" aria-live=\"assertive\" value=\"wpforms-submit\">Absenden<\/button><\/div><\/form><\/div>  <!-- .wpforms-container --><\/p>\n","protected":false},"excerpt":{"rendered":"<p>Die GenoPro Stammbaum Seiten Es gibt zwei Varianten unserer mit GenoPro erstellten Stammbaum Seiten: Die&nbsp; offene Version enth\u00e4lt die Namen aller bereits von mir erfassten Donauschwaben und ihrer Nachkommen ohne detaillierte Informationen. Sie wird f\u00fcr die Nachkommen der Auswanderer des 18.Jahrh. gepflegt, die im Internet nach ihrem Namen suchen und dadurch (hoffentlich) meine Sammlung finden. &hellip; <\/p>\n<p class=\"link-more\"><a href=\"https:\/\/erhardt-stiefel.de\/index.php\/genealogie\/genopro-stammbaum-seite\/\" class=\"more-link\"><span class=\"screen-reader-text\">\u201eGenoPro\u201c<\/span> weiterlesen<\/a><\/p>\n","protected":false},"author":1,"featured_media":0,"parent":150,"menu_order":1,"comment_status":"closed","ping_status":"closed","template":"","meta":{"_exactmetrics_skip_tracking":false,"_exactmetrics_sitenote_active":false,"_exactmetrics_sitenote_note":"","_exactmetrics_sitenote_category":0,"ngg_post_thumbnail":0,"jetpack_post_was_ever_published":false,"footnotes":""},"class_list":["post-73","page","type-page","status-publish","hentry"],"yoast_head":"<!-- This site is optimized with the Yoast SEO plugin v27.3 - https:\/\/yoast.com\/product\/yoast-seo-wordpress\/ -->\n<title>GenoPro - Erhardt Stiefel&#039;s Fundgrube<\/title>\n<meta name=\"robots\" content=\"index, follow, max-snippet:-1, max-image-preview:large, max-video-preview:-1\" \/>\n<link rel=\"canonical\" href=\"https:\/\/erhardt-stiefel.de\/index.php\/genealogie\/genopro-stammbaum-seite\/\" \/>\n<meta property=\"og:locale\" content=\"de_DE\" \/>\n<meta property=\"og:type\" content=\"article\" \/>\n<meta property=\"og:title\" content=\"GenoPro - Erhardt Stiefel&#039;s Fundgrube\" \/>\n<meta property=\"og:description\" content=\"Die GenoPro Stammbaum Seiten Es gibt zwei Varianten unserer mit GenoPro erstellten Stammbaum Seiten: Die&nbsp; offene Version enth\u00e4lt die Namen aller bereits von mir erfassten Donauschwaben und ihrer Nachkommen ohne detaillierte Informationen. Sie wird f\u00fcr die Nachkommen der Auswanderer des 18.Jahrh. gepflegt, die im Internet nach ihrem Namen suchen und dadurch (hoffentlich) meine Sammlung finden. &hellip; \u201eGenoPro\u201c weiterlesen\" \/>\n<meta property=\"og:url\" content=\"https:\/\/erhardt-stiefel.de\/index.php\/genealogie\/genopro-stammbaum-seite\/\" \/>\n<meta property=\"og:site_name\" content=\"Erhardt Stiefel&#039;s Fundgrube\" \/>\n<meta property=\"article:modified_time\" content=\"2019-06-02T15:23:57+00:00\" \/>\n<meta property=\"og:image\" content=\"https:\/\/erhardt-stiefel.de\/wp\/wp-content\/uploads\/2019\/04\/Sippen-300x75.jpg\" \/>\n<meta name=\"twitter:card\" content=\"summary_large_image\" \/>\n<meta name=\"twitter:label1\" content=\"Gesch\u00e4tzte Lesezeit\" \/>\n\t<meta name=\"twitter:data1\" content=\"2\u00a0Minuten\" \/>\n<script type=\"application\/ld+json\" class=\"yoast-schema-graph\">{\"@context\":\"https:\\\/\\\/schema.org\",\"@graph\":[{\"@type\":\"WebPage\",\"@id\":\"https:\\\/\\\/erhardt-stiefel.de\\\/index.php\\\/genealogie\\\/genopro-stammbaum-seite\\\/\",\"url\":\"https:\\\/\\\/erhardt-stiefel.de\\\/index.php\\\/genealogie\\\/genopro-stammbaum-seite\\\/\",\"name\":\"GenoPro - Erhardt Stiefel&#039;s Fundgrube\",\"isPartOf\":{\"@id\":\"https:\\\/\\\/erhardt-stiefel.de\\\/#website\"},\"primaryImageOfPage\":{\"@id\":\"https:\\\/\\\/erhardt-stiefel.de\\\/index.php\\\/genealogie\\\/genopro-stammbaum-seite\\\/#primaryimage\"},\"image\":{\"@id\":\"https:\\\/\\\/erhardt-stiefel.de\\\/index.php\\\/genealogie\\\/genopro-stammbaum-seite\\\/#primaryimage\"},\"thumbnailUrl\":\"https:\\\/\\\/erhardt-stiefel.de\\\/wp\\\/wp-content\\\/uploads\\\/2019\\\/04\\\/Sippen-300x75.jpg\",\"datePublished\":\"2019-04-02T11:35:06+00:00\",\"dateModified\":\"2019-06-02T15:23:57+00:00\",\"breadcrumb\":{\"@id\":\"https:\\\/\\\/erhardt-stiefel.de\\\/index.php\\\/genealogie\\\/genopro-stammbaum-seite\\\/#breadcrumb\"},\"inLanguage\":\"de\",\"potentialAction\":[{\"@type\":\"ReadAction\",\"target\":[\"https:\\\/\\\/erhardt-stiefel.de\\\/index.php\\\/genealogie\\\/genopro-stammbaum-seite\\\/\"]}]},{\"@type\":\"ImageObject\",\"inLanguage\":\"de\",\"@id\":\"https:\\\/\\\/erhardt-stiefel.de\\\/index.php\\\/genealogie\\\/genopro-stammbaum-seite\\\/#primaryimage\",\"url\":\"https:\\\/\\\/erhardt-stiefel.de\\\/wp\\\/wp-content\\\/uploads\\\/2019\\\/04\\\/Sippen-300x75.jpg\",\"contentUrl\":\"https:\\\/\\\/erhardt-stiefel.de\\\/wp\\\/wp-content\\\/uploads\\\/2019\\\/04\\\/Sippen-300x75.jpg\"},{\"@type\":\"BreadcrumbList\",\"@id\":\"https:\\\/\\\/erhardt-stiefel.de\\\/index.php\\\/genealogie\\\/genopro-stammbaum-seite\\\/#breadcrumb\",\"itemListElement\":[{\"@type\":\"ListItem\",\"position\":1,\"name\":\"Home\",\"item\":\"https:\\\/\\\/erhardt-stiefel.de\\\/\"},{\"@type\":\"ListItem\",\"position\":2,\"name\":\"Genealogie\",\"item\":\"https:\\\/\\\/erhardt-stiefel.de\\\/index.php\\\/genealogie\\\/\"},{\"@type\":\"ListItem\",\"position\":3,\"name\":\"GenoPro\"}]},{\"@type\":\"WebSite\",\"@id\":\"https:\\\/\\\/erhardt-stiefel.de\\\/#website\",\"url\":\"https:\\\/\\\/erhardt-stiefel.de\\\/\",\"name\":\"Erhardt Stiefel&#039;s Fundgrube\",\"description\":\"Erfahrungen mit CMS, Genealogie, Gott und der Welt - die ich sehr gerne mit dir teilen w\u00fcrde\",\"potentialAction\":[{\"@type\":\"SearchAction\",\"target\":{\"@type\":\"EntryPoint\",\"urlTemplate\":\"https:\\\/\\\/erhardt-stiefel.de\\\/?s={search_term_string}\"},\"query-input\":{\"@type\":\"PropertyValueSpecification\",\"valueRequired\":true,\"valueName\":\"search_term_string\"}}],\"inLanguage\":\"de\"}]}<\/script>\n<!-- \/ Yoast SEO plugin. -->","yoast_head_json":{"title":"GenoPro - Erhardt Stiefel&#039;s Fundgrube","robots":{"index":"index","follow":"follow","max-snippet":"max-snippet:-1","max-image-preview":"max-image-preview:large","max-video-preview":"max-video-preview:-1"},"canonical":"https:\/\/erhardt-stiefel.de\/index.php\/genealogie\/genopro-stammbaum-seite\/","og_locale":"de_DE","og_type":"article","og_title":"GenoPro - Erhardt Stiefel&#039;s Fundgrube","og_description":"Die GenoPro Stammbaum Seiten Es gibt zwei Varianten unserer mit GenoPro erstellten Stammbaum Seiten: Die&nbsp; offene Version enth\u00e4lt die Namen aller bereits von mir erfassten Donauschwaben und ihrer Nachkommen ohne detaillierte Informationen. Sie wird f\u00fcr die Nachkommen der Auswanderer des 18.Jahrh. gepflegt, die im Internet nach ihrem Namen suchen und dadurch (hoffentlich) meine Sammlung finden. &hellip; \u201eGenoPro\u201c weiterlesen","og_url":"https:\/\/erhardt-stiefel.de\/index.php\/genealogie\/genopro-stammbaum-seite\/","og_site_name":"Erhardt Stiefel&#039;s Fundgrube","article_modified_time":"2019-06-02T15:23:57+00:00","og_image":[{"url":"https:\/\/erhardt-stiefel.de\/wp\/wp-content\/uploads\/2019\/04\/Sippen-300x75.jpg","type":"","width":"","height":""}],"twitter_card":"summary_large_image","twitter_misc":{"Gesch\u00e4tzte Lesezeit":"2\u00a0Minuten"},"schema":{"@context":"https:\/\/schema.org","@graph":[{"@type":"WebPage","@id":"https:\/\/erhardt-stiefel.de\/index.php\/genealogie\/genopro-stammbaum-seite\/","url":"https:\/\/erhardt-stiefel.de\/index.php\/genealogie\/genopro-stammbaum-seite\/","name":"GenoPro - Erhardt Stiefel&#039;s Fundgrube","isPartOf":{"@id":"https:\/\/erhardt-stiefel.de\/#website"},"primaryImageOfPage":{"@id":"https:\/\/erhardt-stiefel.de\/index.php\/genealogie\/genopro-stammbaum-seite\/#primaryimage"},"image":{"@id":"https:\/\/erhardt-stiefel.de\/index.php\/genealogie\/genopro-stammbaum-seite\/#primaryimage"},"thumbnailUrl":"https:\/\/erhardt-stiefel.de\/wp\/wp-content\/uploads\/2019\/04\/Sippen-300x75.jpg","datePublished":"2019-04-02T11:35:06+00:00","dateModified":"2019-06-02T15:23:57+00:00","breadcrumb":{"@id":"https:\/\/erhardt-stiefel.de\/index.php\/genealogie\/genopro-stammbaum-seite\/#breadcrumb"},"inLanguage":"de","potentialAction":[{"@type":"ReadAction","target":["https:\/\/erhardt-stiefel.de\/index.php\/genealogie\/genopro-stammbaum-seite\/"]}]},{"@type":"ImageObject","inLanguage":"de","@id":"https:\/\/erhardt-stiefel.de\/index.php\/genealogie\/genopro-stammbaum-seite\/#primaryimage","url":"https:\/\/erhardt-stiefel.de\/wp\/wp-content\/uploads\/2019\/04\/Sippen-300x75.jpg","contentUrl":"https:\/\/erhardt-stiefel.de\/wp\/wp-content\/uploads\/2019\/04\/Sippen-300x75.jpg"},{"@type":"BreadcrumbList","@id":"https:\/\/erhardt-stiefel.de\/index.php\/genealogie\/genopro-stammbaum-seite\/#breadcrumb","itemListElement":[{"@type":"ListItem","position":1,"name":"Home","item":"https:\/\/erhardt-stiefel.de\/"},{"@type":"ListItem","position":2,"name":"Genealogie","item":"https:\/\/erhardt-stiefel.de\/index.php\/genealogie\/"},{"@type":"ListItem","position":3,"name":"GenoPro"}]},{"@type":"WebSite","@id":"https:\/\/erhardt-stiefel.de\/#website","url":"https:\/\/erhardt-stiefel.de\/","name":"Erhardt Stiefel&#039;s Fundgrube","description":"Erfahrungen mit CMS, Genealogie, Gott und der Welt - die ich sehr gerne mit dir teilen w\u00fcrde","potentialAction":[{"@type":"SearchAction","target":{"@type":"EntryPoint","urlTemplate":"https:\/\/erhardt-stiefel.de\/?s={search_term_string}"},"query-input":{"@type":"PropertyValueSpecification","valueRequired":true,"valueName":"search_term_string"}}],"inLanguage":"de"}]}},"jetpack_sharing_enabled":true,"jetpack_shortlink":"https:\/\/wp.me\/PaRlFh-1b","_links":{"self":[{"href":"https:\/\/erhardt-stiefel.de\/index.php\/wp-json\/wp\/v2\/pages\/73","targetHints":{"allow":["GET"]}}],"collection":[{"href":"https:\/\/erhardt-stiefel.de\/index.php\/wp-json\/wp\/v2\/pages"}],"about":[{"href":"https:\/\/erhardt-stiefel.de\/index.php\/wp-json\/wp\/v2\/types\/page"}],"author":[{"embeddable":true,"href":"https:\/\/erhardt-stiefel.de\/index.php\/wp-json\/wp\/v2\/users\/1"}],"replies":[{"embeddable":true,"href":"https:\/\/erhardt-stiefel.de\/index.php\/wp-json\/wp\/v2\/comments?post=73"}],"version-history":[{"count":19,"href":"https:\/\/erhardt-stiefel.de\/index.php\/wp-json\/wp\/v2\/pages\/73\/revisions"}],"predecessor-version":[{"id":1571,"href":"https:\/\/erhardt-stiefel.de\/index.php\/wp-json\/wp\/v2\/pages\/73\/revisions\/1571"}],"up":[{"embeddable":true,"href":"https:\/\/erhardt-stiefel.de\/index.php\/wp-json\/wp\/v2\/pages\/150"}],"wp:attachment":[{"href":"https:\/\/erhardt-stiefel.de\/index.php\/wp-json\/wp\/v2\/media?parent=73"}],"curies":[{"name":"wp","href":"https:\/\/api.w.org\/{rel}","templated":true}]}}